{"id":11361,"date":"2021-09-27T11:48:53","date_gmt":"2021-09-27T09:48:53","guid":{"rendered":"https:\/\/www.lyons-andelle-tourisme.com\/?page_id=11361"},"modified":"2021-11-24T16:57:35","modified_gmt":"2021-11-24T15:57:35","slug":"recharge","status":"publish","type":"page","link":"https:\/\/www.lyons-andelle-tourisme.com\/en\/recharge\/","title":{"rendered":"Recharge"},"content":{"rendered":"\n<p>With more than <strong>a third of its surface area wooded <\/strong>and <strong>rivers <\/strong>running through its valleys and peaceful villages, our pretty corner of <strong>Normandy <\/strong>has everything to satisfy your desire for <strong>nature <\/strong>and space for a <strong>green holiday<\/strong>.<\/p>\n\n\n\n<div class=\"wp-block-buttons\">\n<div class=\"wp-block-button is-style-outline\"><a class=\"wp-block-button__link has-black-color has-white-background-color has-text-color has-background\" href=\"https:\/\/www.lyons-andelle-tourisme.com\/en\/discover-lyons-andelle\/green-escape\/the-national-forest-of-lyons\/\" style=\"border-radius:10px\">Discover the forest of Lyons<\/a><\/div>\n<\/div>\n\n\n\n<p>Add to these benefits Mother Nature offers you a wide range of ideas to relax your body and mind . Simple <strong>pleasures <\/strong>or <strong>active leisure<\/strong>, all you have to do is choose what inspires you to <strong>concoct your Norman getaway<\/strong>!&nbsp;<\/p>\n\n\n\n<div style=\"height:50px\" aria-hidden=\"true\" class=\"wp-block-spacer\"><\/div>\n\n\n<\/div>\n\n\n<div class=\"bloc_image_petit_texte bloc_image_petit_texte-1440\" style=\"display: none; background-image : linear-gradient(to right top, rgba(0,0,0, 0.4) 0%, rgba(255,0,0,0) 100%), url(https:\/\/www.lyons-andelle-tourisme.com\/wp-content\/uploads\/2020\/12\/Balade-a-velo-electrique-Foret-de-Lyons-\u00a9Max-Coquard-Bestjobers-Eure-Tourisme-1500x750.jpg)\">\n        <div class=\"box\">\n            <div class=\"titre\">\n                <h2><a style=\"color: white;\" href=\"https:\/\/www.lyons-andelle-tourisme.com\/en\/recharge\/enjoy-nature\/\">Enjoy nature<\/a><\/h2>\n            <\/div>\n\n            <!-- Position gauche -->\n                            <div class=\"gauche\" style=\"\n                                            width: 1100px;\n                        margin: auto;\n                        display: flex;\n                        flex-wrap: wrap;\n                                    \">\n                                            <div class=\"desc\">\n                            <p><p>Explore the forest paths in <strong>the largest beech forest in France<\/strong>. Enjoy the soothing landscapes of the <strong>Andelle<\/strong> and <strong>Lieure rivers<\/strong> and <strong>their valleys<\/strong> punctuated by meadows&#8230;<\/p>\n<\/p>\n                                                                    <div class=\"lien_fleche\">\n                                        <a href=\"https:\/\/www.lyons-andelle-tourisme.com\/en\/recharge\/enjoy-nature\/\">Enjoy nature<\/a>\n                                    <\/div>\n                                                        <\/div>\n                                                        <\/div>\n            \n            <!-- Position centre -->\n            \n            <!-- Position droite -->\n            \n        <\/div>\n        \n<\/div>\n\n\n\n<div class=\"bloc_image_petit_texte bloc_image_petit_texte-500\" style=\"display: none; background-image : linear-gradient(to right top, rgba(0,0,0, 0.4) 0%, rgba(255,0,0,0) 100%), url(https:\/\/www.lyons-andelle-tourisme.com\/wp-content\/uploads\/2020\/12\/Balade-a-velo-electrique-Foret-de-Lyons-\u00a9Max-Coquard-Bestjobers-Eure-Tourisme.jpg)\">\n        <div class=\"box\">\n            <div class=\"titre\">\n                <h2><a style=\"color: white;\" href=\"https:\/\/www.lyons-andelle-tourisme.com\/en\/recharge\/enjoy-nature\/\">Enjoy nature<\/a><\/h2>\n            <\/div>\n\n            \n                <div class=\"droite\" style=\"\n                                            width: 1100px;\n                        margin: auto;\n                        display: initial;\n                                    \">\n                    \n                    \n                                            <div class=\"desc\" style=\"\n                                                            float: right;\n                                                    \">\n                            <p><p>Explore the forest paths in <strong>the largest beech forest in France<\/strong>. Enjoy the soothing landscapes of the <strong>Andelle<\/strong> and <strong>Lieure rivers<\/strong> and <strong>their valleys<\/strong> punctuated by meadows&#8230;<\/p>\n<\/p>\n                                                                    <div class=\"lien_fleche\">\n                                        <a href=\"https:\/\/www.lyons-andelle-tourisme.com\/en\/recharge\/enjoy-nature\/\">Enjoy nature<\/a>\n                                    <\/div>\n                                                        <\/div>\n                                    <\/div>\n            \n            \n\n\n        <\/div>\n        \n<\/div>\n\n\n\n<div class=\"contenu\">\n\n\n\n\n<p>On foot, by bike or on horseback, <strong><a href=\"https:\/\/www.lyons-andelle-tourisme.com\/en\/recharge\/hiking\/\" class=\"ek-link\">hikes <\/a><\/strong>invite you to reconnect with nature, between <strong>forests<\/strong>, rivers and green meadows.<\/p>\n\n\n\n<p><strong><a href=\"https:\/\/www.lyons-andelle-tourisme.com\/en\/categorie\/leisure-and-activities\/\" class=\"ek-link\">Walking, cycling, paddling, galloping, fishing, climbing <\/a><\/strong>&#8230; the field of possibilities is open to enjoy our landscapes and take a breath of fresh air.bon bol d\u2019air.<\/p>\n\n\n\n<div class=\"wp-block-buttons\"><\/div>\n\n\n<\/div>\n\n\n<div class=\"bloc_image_petit_texte bloc_image_petit_texte-1440\" style=\"display: none; background-image : linear-gradient(to right top, rgba(0,0,0, 0.4) 0%, rgba(255,0,0,0) 100%), url(https:\/\/www.lyons-andelle-tourisme.com\/wp-content\/uploads\/2020\/12\/Stage-de-Modelage-au-Jardin-des-Sculptures-\u00a9-Le-Jardin-des-Sculptures-Bois-Guilbert.jpg)\">\n        <div class=\"box\">\n            <div class=\"titre\">\n                <h2><a style=\"color: white;\" href=\"https:\/\/www.lyons-andelle-tourisme.com\/en\/recharge\/relax\/\">Relax<\/a><\/h2>\n            <\/div>\n\n            <!-- Position gauche -->\n            \n            <!-- Position centre -->\n            \n            <!-- Position droite -->\n                            <div class=\"droite\" style=\"\n                                            width: 1100px;\n                        margin: auto;\n                        display: initial;\n                                    \">\n                    \n                    \n                                            <div class=\"desc\" style=\"\n                                                            float: right;\n                                                    \">\n                            <p><p>Relaxing also means to take time <strong>for yourself <\/strong>: to stroll around, to rediscover simple pleasures and to allow yourself moments that do your body and mind good: a massage in a nice <strong>spa<\/strong>, a sculpture course in a castle. Take advantage of this interlude <strong>to visit an exhibition<\/strong>, go shopping for home decoration, bring back some <strong>local products<\/strong>&#8230;<\/p>\n<\/p>\n                                                                    <div class=\"lien_fleche\">\n                                        <a href=\"https:\/\/www.lyons-andelle-tourisme.com\/en\/recharge\/relax\/\">Relax<\/a>\n                                    <\/div>\n                                                        <\/div>\n                                    <\/div>\n            \n        <\/div>\n        \n<\/div>\n\n\n\n<div class=\"bloc_image_petit_texte bloc_image_petit_texte-500\" style=\"display: none; background-image : linear-gradient(to right top, rgba(0,0,0, 0.4) 0%, rgba(255,0,0,0) 100%), url(https:\/\/www.lyons-andelle-tourisme.com\/wp-content\/uploads\/2020\/12\/Stage-de-Modelage-au-Jardin-des-Sculptures-\u00a9-Le-Jardin-des-Sculptures-Bois-Guilbert.jpg)\">\n        <div class=\"box\">\n            <div class=\"titre\">\n                <h2><a style=\"color: white;\" href=\"https:\/\/www.lyons-andelle-tourisme.com\/en\/recharge\/relax\/\">Relax<\/a><\/h2>\n            <\/div>\n\n            \n                <div class=\"droite\" style=\"\n                                            width: 1100px;\n                        margin: auto;\n                        display: initial;\n                                    \">\n                    \n                    \n                                            <div class=\"desc\" style=\"\n                                                            float: right;\n                                                    \">\n                            <p><p>Relaxing also means to take time <strong>for yourself <\/strong>: to stroll around, to rediscover simple pleasures and to allow yourself moments that do your body and mind good: a massage in a nice <strong>spa<\/strong>, a sculpture course in a castle. Take advantage of this interlude <strong>to visit an exhibition<\/strong>, go shopping for home decoration, bring back some <strong>local products<\/strong>&#8230;<\/p>\n<\/p>\n                                                                    <div class=\"lien_fleche\">\n                                        <a href=\"https:\/\/www.lyons-andelle-tourisme.com\/en\/recharge\/relax\/\">Relax<\/a>\n                                    <\/div>\n                                                        <\/div>\n                                    <\/div>\n            \n            \n\n\n        <\/div>\n        \n<\/div>\n\n\n\n<div class=\"contenu\">\n\n\n\n\n<div style=\"height:100px\" aria-hidden=\"true\" class=\"wp-block-spacer\"><\/div>\n\n\n\n<p class=\"has-text-align-center\"><strong>Discover our <a href=\"https:\/\/www.lyons-andelle-tourisme.com\/en\/recharge\/relax\/\" class=\"ek-link\">selection of small and large pleasures <\/a>to offer yourself to enjoy our art of living according to your desires.<\/strong><\/p>\n","protected":false},"excerpt":{"rendered":"<p>With more than a third of its surface area wooded and rivers running through its valleys and peaceful villages, our pretty corner of Normandy has everything to satisfy your desire for nature and space for a green holiday. Add to these benefits Mother Nature offers you a wide range of ideas to relax your body [&hellip;]<\/p>\n","protected":false},"author":1,"featured_media":0,"parent":0,"menu_order":51,"comment_status":"closed","ping_status":"closed","template":"","meta":{"_editorskit_title_hidden":false,"_editorskit_reading_time":1,"_editorskit_typography_data":[],"_editorskit_blocks_typography":""},"yoast_head":"<!-- This site is optimized with the Yoast SEO plugin v17.2 - https:\/\/yoast.com\/wordpress\/plugins\/seo\/ -->\n<title>Recharge - Lyons Andelle Tourisme<\/title>\n<meta name=\"robots\" content=\"index, follow, max-snippet:-1, max-image-preview:large, max-video-preview:-1\" \/>\n<link rel=\"canonical\" href=\"https:\/\/www.lyons-andelle-tourisme.com\/en\/recharge\/\" \/>\n<meta property=\"og:locale\" content=\"en_US\" \/>\n<meta property=\"og:type\" content=\"article\" \/>\n<meta property=\"og:title\" content=\"Recharge - Lyons Andelle Tourisme\" \/>\n<meta property=\"og:description\" content=\"With more than a third of its surface area wooded and rivers running through its valleys and peaceful villages, our pretty corner of Normandy has everything to satisfy your desire for nature and space for a green holiday. Add to these benefits Mother Nature offers you a wide range of ideas to relax your body [&hellip;]\" \/>\n<meta property=\"og:url\" content=\"https:\/\/www.lyons-andelle-tourisme.com\/en\/recharge\/\" \/>\n<meta property=\"og:site_name\" content=\"Lyons Andelle Tourisme\" \/>\n<meta property=\"article:modified_time\" content=\"2021-11-24T15:57:35+00:00\" \/>\n<meta name=\"twitter:card\" content=\"summary_large_image\" \/>\n<meta name=\"twitter:label1\" content=\"Est. reading time\" \/>\n\t<meta name=\"twitter:data1\" content=\"1 minute\" \/>\n<script type=\"application\/ld+json\" class=\"yoast-schema-graph\">{\"@context\":\"https:\/\/schema.org\",\"@graph\":[{\"@type\":\"WebSite\",\"@id\":\"https:\/\/www.lyons-andelle-tourisme.com\/#website\",\"url\":\"https:\/\/www.lyons-andelle-tourisme.com\/\",\"name\":\"Lyons Andelle Tourisme\",\"description\":\"L&#039;\\u00e9chapp\\u00e9e Belle Normande \\u00e0 1h30 de Paris\",\"potentialAction\":[{\"@type\":\"SearchAction\",\"target\":{\"@type\":\"EntryPoint\",\"urlTemplate\":\"https:\/\/www.lyons-andelle-tourisme.com\/?s={search_term_string}\"},\"query-input\":\"required name=search_term_string\"}],\"inLanguage\":\"en-US\"},{\"@type\":\"WebPage\",\"@id\":\"https:\/\/www.lyons-andelle-tourisme.com\/en\/recharge\/#webpage\",\"url\":\"https:\/\/www.lyons-andelle-tourisme.com\/en\/recharge\/\",\"name\":\"Recharge - Lyons Andelle Tourisme\",\"isPartOf\":{\"@id\":\"https:\/\/www.lyons-andelle-tourisme.com\/#website\"},\"datePublished\":\"2021-09-27T09:48:53+00:00\",\"dateModified\":\"2021-11-24T15:57:35+00:00\",\"breadcrumb\":{\"@id\":\"https:\/\/www.lyons-andelle-tourisme.com\/en\/recharge\/#breadcrumb\"},\"inLanguage\":\"en-US\",\"potentialAction\":[{\"@type\":\"ReadAction\",\"target\":[\"https:\/\/www.lyons-andelle-tourisme.com\/en\/recharge\/\"]}]},{\"@type\":\"BreadcrumbList\",\"@id\":\"https:\/\/www.lyons-andelle-tourisme.com\/en\/recharge\/#breadcrumb\",\"itemListElement\":[{\"@type\":\"ListItem\",\"position\":1,\"name\":\"Recharge\"}]}]}<\/script>\n<!-- \/ Yoast SEO plugin. -->","yoast_head_json":{"title":"Recharge - Lyons Andelle Tourisme","robots":{"index":"index","follow":"follow","max-snippet":"max-snippet:-1","max-image-preview":"max-image-preview:large","max-video-preview":"max-video-preview:-1"},"canonical":"https:\/\/www.lyons-andelle-tourisme.com\/en\/recharge\/","og_locale":"en_US","og_type":"article","og_title":"Recharge - Lyons Andelle Tourisme","og_description":"With more than a third of its surface area wooded and rivers running through its valleys and peaceful villages, our pretty corner of Normandy has everything to satisfy your desire for nature and space for a green holiday. Add to these benefits Mother Nature offers you a wide range of ideas to relax your body [&hellip;]","og_url":"https:\/\/www.lyons-andelle-tourisme.com\/en\/recharge\/","og_site_name":"Lyons Andelle Tourisme","article_modified_time":"2021-11-24T15:57:35+00:00","twitter_card":"summary_large_image","twitter_misc":{"Est. reading time":"1 minute"},"schema":{"@context":"https:\/\/schema.org","@graph":[{"@type":"WebSite","@id":"https:\/\/www.lyons-andelle-tourisme.com\/#website","url":"https:\/\/www.lyons-andelle-tourisme.com\/","name":"Lyons Andelle Tourisme","description":"L&#039;\u00e9chapp\u00e9e Belle Normande \u00e0 1h30 de Paris","potentialAction":[{"@type":"SearchAction","target":{"@type":"EntryPoint","urlTemplate":"https:\/\/www.lyons-andelle-tourisme.com\/?s={search_term_string}"},"query-input":"required name=search_term_string"}],"inLanguage":"en-US"},{"@type":"WebPage","@id":"https:\/\/www.lyons-andelle-tourisme.com\/en\/recharge\/#webpage","url":"https:\/\/www.lyons-andelle-tourisme.com\/en\/recharge\/","name":"Recharge - Lyons Andelle Tourisme","isPartOf":{"@id":"https:\/\/www.lyons-andelle-tourisme.com\/#website"},"datePublished":"2021-09-27T09:48:53+00:00","dateModified":"2021-11-24T15:57:35+00:00","breadcrumb":{"@id":"https:\/\/www.lyons-andelle-tourisme.com\/en\/recharge\/#breadcrumb"},"inLanguage":"en-US","potentialAction":[{"@type":"ReadAction","target":["https:\/\/www.lyons-andelle-tourisme.com\/en\/recharge\/"]}]},{"@type":"BreadcrumbList","@id":"https:\/\/www.lyons-andelle-tourisme.com\/en\/recharge\/#breadcrumb","itemListElement":[{"@type":"ListItem","position":1,"name":"Recharge"}]}]}},"_links":{"self":[{"href":"https:\/\/www.lyons-andelle-tourisme.com\/en\/wp-json\/wp\/v2\/pages\/11361"}],"collection":[{"href":"https:\/\/www.lyons-andelle-tourisme.com\/en\/wp-json\/wp\/v2\/pages"}],"about":[{"href":"https:\/\/www.lyons-andelle-tourisme.com\/en\/wp-json\/wp\/v2\/types\/page"}],"author":[{"embeddable":true,"href":"https:\/\/www.lyons-andelle-tourisme.com\/en\/wp-json\/wp\/v2\/users\/1"}],"replies":[{"embeddable":true,"href":"https:\/\/www.lyons-andelle-tourisme.com\/en\/wp-json\/wp\/v2\/comments?post=11361"}],"version-history":[{"count":11,"href":"https:\/\/www.lyons-andelle-tourisme.com\/en\/wp-json\/wp\/v2\/pages\/11361\/revisions"}],"predecessor-version":[{"id":18878,"href":"https:\/\/www.lyons-andelle-tourisme.com\/en\/wp-json\/wp\/v2\/pages\/11361\/revisions\/18878"}],"wp:attachment":[{"href":"https:\/\/www.lyons-andelle-tourisme.com\/en\/wp-json\/wp\/v2\/media?parent=11361"}],"curies":[{"name":"wp","href":"https:\/\/api.w.org\/{rel}","templated":true}]}}