{"id":11363,"date":"2021-09-27T11:49:39","date_gmt":"2021-09-27T09:49:39","guid":{"rendered":"https:\/\/www.lyons-andelle-tourisme.com\/?page_id=11363"},"modified":"2022-09-12T10:39:07","modified_gmt":"2022-09-12T08:39:07","slug":"practical-information","status":"publish","type":"page","link":"https:\/\/www.lyons-andelle-tourisme.com\/en\/practical-information\/","title":{"rendered":"Practical information"},"content":{"rendered":"\n<h5><\/h5>\n\n\n\n<\/div>\n<div class=\"bloc_2colonnes\">\n\t<div class=\"left\">\n\t\t\t\t\t<div class=\"desc\">\n\t\t\t\t<h4>What are you looking for ?<\/h4>\n<ul>\n<li>The opening hours and services of the Lyons Andelle tourist office<\/li>\n<li>Our guides and brochures<\/li>\n<li>How to get to Lyons Andelle<\/li>\n<li>The tourist map of our territory<\/li>\n<li>A means of transport, a taxi, information on parking<\/li>\n<li>Useful local contacts<\/li>\n<\/ul>\n<p>&nbsp;<\/p>\n\t\t\t\t\t\t\t\t<\/div>\n\t\t\t\t\n\t<\/div>\n\t<div class=\"right\">\n\t\t\t\t\t<div class=\"lien\">\n\t\t\t\t<a href=\"https:\/\/www.lyons-andelle-tourisme.com\/en\/stay\/lyons-andelle-tourist-office\/\"><img src=\"https:\/\/www.lyons-andelle-tourisme.com\/wp-content\/uploads\/2020\/12\/Office_de_tourisme_Lyons_Andelle_2020_1\u00a9ML-Vittori-e1610634074273-200x200.jpg\">Lyons Andelle Tourist Office<\/a>\t\t\t\n\t\t\t<\/div>\n\t\t\t\t\t\t\t<div class=\"lien\">\n\t\t\t\t<a href=\"https:\/\/www.lyons-andelle-tourisme.com\/en\/stay\/all-our-brochures\/\"><img src=\"https:\/\/www.lyons-andelle-tourisme.com\/wp-content\/uploads\/2021\/02\/visuel-cover-guide-touristique-2020-200x200.jpg\">Brochures<\/a>\t\t\t\n\t\t\t<\/div>\n\t\t\t\t\t\t\t<div class=\"lien\">\n\t\t\t\t<a href=\"https:\/\/www.lyons-andelle-tourisme.com\/en\/stay\/access-and-transportation\/\"><img src=\"https:\/\/www.lyons-andelle-tourisme.com\/wp-content\/uploads\/2020\/12\/Voiture-ancienne-a-Lyons-2000px\u00a9-OTLA-ML-Vittori-200x200.jpg\">Access and transport<\/a>\t\t\t\n\t\t\t<\/div>\n\t\t\n\t\t\t\t\t<div class=\"lien\" style=\" \t\t\t\tmargin: 100px auto 0 auto;\n\t\t\t \">\n\t\t\t\t<a href=\"https:\/\/www.lyons-andelle-tourisme.com\/en\/stay\/useful-contacts\/\"><img src=\"https:\/\/www.lyons-andelle-tourisme.com\/wp-content\/uploads\/2022\/06\/Lyons-la-Foret-relais-de-poste-OT-Lyons-Andelle-ML-Vittori-200x200.jpg\">Useful contacts<\/a>\t\t\t<\/div>\n\t\t\n\t\t\t\t\t<div class=\"lien\" style=\" \t\t\t\tmargin: 100px auto 0 auto;\n\t\t\t \">\n\t\t\t\t<a href=\"https:\/\/www.lyons-andelle-tourisme.com\/wp-content\/uploads\/2020\/12\/Carte_Touristique_FINAL_12032020.pdf\"><img src=\"https:\/\/www.lyons-andelle-tourisme.com\/wp-content\/uploads\/2021\/02\/carte-touristique-lyons-andelle-200x200.jpg\">Tourist map Lyons Andelle<\/a>\t\t\t<\/div>\n\t\t\n\n\t\t\n\n\n\t<\/div>\n\t\n<\/div>\n<div class=\"contenu\">\n\n\n\n\n\n\n<div class=\"wp-block-buttons\"><\/div>\n\n\n\n<div class=\"wp-block-buttons\"><\/div>\n\n\n\n<p><\/p>\n","protected":false},"excerpt":{"rendered":"","protected":false},"author":1,"featured_media":14036,"parent":0,"menu_order":47,"comment_status":"closed","ping_status":"closed","template":"","meta":{"_editorskit_title_hidden":false,"_editorskit_reading_time":1,"_editorskit_typography_data":[],"_editorskit_blocks_typography":""},"yoast_head":"<!-- This site is optimized with the Yoast SEO plugin v17.2 - https:\/\/yoast.com\/wordpress\/plugins\/seo\/ -->\n<title>Practical information - Lyons Andelle Tourisme<\/title>\n<meta name=\"robots\" content=\"index, follow, max-snippet:-1, max-image-preview:large, max-video-preview:-1\" \/>\n<link rel=\"canonical\" href=\"https:\/\/www.lyons-andelle-tourisme.com\/en\/practical-information\/\" \/>\n<meta property=\"og:locale\" content=\"en_US\" \/>\n<meta property=\"og:type\" content=\"article\" \/>\n<meta property=\"og:title\" content=\"Practical information - Lyons Andelle Tourisme\" \/>\n<meta property=\"og:url\" content=\"https:\/\/www.lyons-andelle-tourisme.com\/en\/practical-information\/\" \/>\n<meta property=\"og:site_name\" content=\"Lyons Andelle Tourisme\" \/>\n<meta property=\"article:modified_time\" content=\"2022-09-12T08:39:07+00:00\" \/>\n<meta property=\"og:image\" content=\"https:\/\/www.lyons-andelle-tourisme.com\/wp-content\/uploads\/2021\/02\/bandeau-landing-page-infos-pratiques.jpg\" \/>\n\t<meta property=\"og:image:width\" content=\"2500\" \/>\n\t<meta property=\"og:image:height\" content=\"1299\" \/>\n<meta name=\"twitter:card\" content=\"summary_large_image\" \/>\n<script type=\"application\/ld+json\" class=\"yoast-schema-graph\">{\"@context\":\"https:\/\/schema.org\",\"@graph\":[{\"@type\":\"WebSite\",\"@id\":\"https:\/\/www.lyons-andelle-tourisme.com\/#website\",\"url\":\"https:\/\/www.lyons-andelle-tourisme.com\/\",\"name\":\"Lyons Andelle Tourisme\",\"description\":\"L&#039;\\u00e9chapp\\u00e9e Belle Normande \\u00e0 1h30 de Paris\",\"potentialAction\":[{\"@type\":\"SearchAction\",\"target\":{\"@type\":\"EntryPoint\",\"urlTemplate\":\"https:\/\/www.lyons-andelle-tourisme.com\/?s={search_term_string}\"},\"query-input\":\"required name=search_term_string\"}],\"inLanguage\":\"en-US\"},{\"@type\":\"ImageObject\",\"@id\":\"https:\/\/www.lyons-andelle-tourisme.com\/en\/practical-information\/#primaryimage\",\"inLanguage\":\"en-US\",\"url\":\"https:\/\/www.lyons-andelle-tourisme.com\/wp-content\/uploads\/2021\/02\/bandeau-landing-page-infos-pratiques.jpg\",\"contentUrl\":\"https:\/\/www.lyons-andelle-tourisme.com\/wp-content\/uploads\/2021\/02\/bandeau-landing-page-infos-pratiques.jpg\",\"width\":2500,\"height\":1299},{\"@type\":\"WebPage\",\"@id\":\"https:\/\/www.lyons-andelle-tourisme.com\/en\/practical-information\/#webpage\",\"url\":\"https:\/\/www.lyons-andelle-tourisme.com\/en\/practical-information\/\",\"name\":\"Practical information - Lyons Andelle Tourisme\",\"isPartOf\":{\"@id\":\"https:\/\/www.lyons-andelle-tourisme.com\/#website\"},\"primaryImageOfPage\":{\"@id\":\"https:\/\/www.lyons-andelle-tourisme.com\/en\/practical-information\/#primaryimage\"},\"datePublished\":\"2021-09-27T09:49:39+00:00\",\"dateModified\":\"2022-09-12T08:39:07+00:00\",\"breadcrumb\":{\"@id\":\"https:\/\/www.lyons-andelle-tourisme.com\/en\/practical-information\/#breadcrumb\"},\"inLanguage\":\"en-US\",\"potentialAction\":[{\"@type\":\"ReadAction\",\"target\":[\"https:\/\/www.lyons-andelle-tourisme.com\/en\/practical-information\/\"]}]},{\"@type\":\"BreadcrumbList\",\"@id\":\"https:\/\/www.lyons-andelle-tourisme.com\/en\/practical-information\/#breadcrumb\",\"itemListElement\":[{\"@type\":\"ListItem\",\"position\":1,\"name\":\"Practical information\"}]}]}<\/script>\n<!-- \/ Yoast SEO plugin. -->","yoast_head_json":{"title":"Practical information - Lyons Andelle Tourisme","robots":{"index":"index","follow":"follow","max-snippet":"max-snippet:-1","max-image-preview":"max-image-preview:large","max-video-preview":"max-video-preview:-1"},"canonical":"https:\/\/www.lyons-andelle-tourisme.com\/en\/practical-information\/","og_locale":"en_US","og_type":"article","og_title":"Practical information - Lyons Andelle Tourisme","og_url":"https:\/\/www.lyons-andelle-tourisme.com\/en\/practical-information\/","og_site_name":"Lyons Andelle Tourisme","article_modified_time":"2022-09-12T08:39:07+00:00","og_image":[{"width":2500,"height":1299,"url":"https:\/\/www.lyons-andelle-tourisme.com\/wp-content\/uploads\/2021\/02\/bandeau-landing-page-infos-pratiques.jpg","path":"\/var\/www\/lyons-andelle-tourisme.com\/html\/wp-content\/uploads\/2021\/02\/bandeau-landing-page-infos-pratiques.jpg","size":"full","id":14036,"alt":"","pixels":3247500,"type":"image\/jpeg"}],"twitter_card":"summary_large_image","schema":{"@context":"https:\/\/schema.org","@graph":[{"@type":"WebSite","@id":"https:\/\/www.lyons-andelle-tourisme.com\/#website","url":"https:\/\/www.lyons-andelle-tourisme.com\/","name":"Lyons Andelle Tourisme","description":"L&#039;\u00e9chapp\u00e9e Belle Normande \u00e0 1h30 de Paris","potentialAction":[{"@type":"SearchAction","target":{"@type":"EntryPoint","urlTemplate":"https:\/\/www.lyons-andelle-tourisme.com\/?s={search_term_string}"},"query-input":"required name=search_term_string"}],"inLanguage":"en-US"},{"@type":"ImageObject","@id":"https:\/\/www.lyons-andelle-tourisme.com\/en\/practical-information\/#primaryimage","inLanguage":"en-US","url":"https:\/\/www.lyons-andelle-tourisme.com\/wp-content\/uploads\/2021\/02\/bandeau-landing-page-infos-pratiques.jpg","contentUrl":"https:\/\/www.lyons-andelle-tourisme.com\/wp-content\/uploads\/2021\/02\/bandeau-landing-page-infos-pratiques.jpg","width":2500,"height":1299},{"@type":"WebPage","@id":"https:\/\/www.lyons-andelle-tourisme.com\/en\/practical-information\/#webpage","url":"https:\/\/www.lyons-andelle-tourisme.com\/en\/practical-information\/","name":"Practical information - Lyons Andelle Tourisme","isPartOf":{"@id":"https:\/\/www.lyons-andelle-tourisme.com\/#website"},"primaryImageOfPage":{"@id":"https:\/\/www.lyons-andelle-tourisme.com\/en\/practical-information\/#primaryimage"},"datePublished":"2021-09-27T09:49:39+00:00","dateModified":"2022-09-12T08:39:07+00:00","breadcrumb":{"@id":"https:\/\/www.lyons-andelle-tourisme.com\/en\/practical-information\/#breadcrumb"},"inLanguage":"en-US","potentialAction":[{"@type":"ReadAction","target":["https:\/\/www.lyons-andelle-tourisme.com\/en\/practical-information\/"]}]},{"@type":"BreadcrumbList","@id":"https:\/\/www.lyons-andelle-tourisme.com\/en\/practical-information\/#breadcrumb","itemListElement":[{"@type":"ListItem","position":1,"name":"Practical information"}]}]}},"_links":{"self":[{"href":"https:\/\/www.lyons-andelle-tourisme.com\/en\/wp-json\/wp\/v2\/pages\/11363"}],"collection":[{"href":"https:\/\/www.lyons-andelle-tourisme.com\/en\/wp-json\/wp\/v2\/pages"}],"about":[{"href":"https:\/\/www.lyons-andelle-tourisme.com\/en\/wp-json\/wp\/v2\/types\/page"}],"author":[{"embeddable":true,"href":"https:\/\/www.lyons-andelle-tourisme.com\/en\/wp-json\/wp\/v2\/users\/1"}],"replies":[{"embeddable":true,"href":"https:\/\/www.lyons-andelle-tourisme.com\/en\/wp-json\/wp\/v2\/comments?post=11363"}],"version-history":[{"count":9,"href":"https:\/\/www.lyons-andelle-tourisme.com\/en\/wp-json\/wp\/v2\/pages\/11363\/revisions"}],"predecessor-version":[{"id":125169,"href":"https:\/\/www.lyons-andelle-tourisme.com\/en\/wp-json\/wp\/v2\/pages\/11363\/revisions\/125169"}],"wp:featuredmedia":[{"embeddable":true,"href":"https:\/\/www.lyons-andelle-tourisme.com\/en\/wp-json\/wp\/v2\/media\/14036"}],"wp:attachment":[{"href":"https:\/\/www.lyons-andelle-tourisme.com\/en\/wp-json\/wp\/v2\/media?parent=11363"}],"curies":[{"name":"wp","href":"https:\/\/api.w.org\/{rel}","templated":true}]}}