{"id":11366,"date":"2021-09-27T11:50:59","date_gmt":"2021-09-27T09:50:59","guid":{"rendered":"https:\/\/www.lyons-andelle-tourisme.com\/?page_id=11366"},"modified":"2022-09-12T10:36:00","modified_gmt":"2022-09-12T08:36:00","slug":"shopping","status":"publish","type":"page","link":"https:\/\/www.lyons-andelle-tourisme.com\/en\/stay\/shopping\/","title":{"rendered":"Shopping"},"content":{"rendered":"\n<p>Wandering around to <strong>discover good addresses <\/strong>and <strong>local talents <\/strong>is part of the pleasure of a weekend or a holiday.<\/p>\n\n\n\n<div class=\"wp-block-media-text is-stacked-on-mobile is-image-fill\"><figure class=\"wp-block-media-text__media\" style=\"background-image:url(https:\/\/www.lyons-andelle-tourisme.com\/wp-content\/uploads\/2020\/12\/Lempreinte-deco\u00a9ML-Vittori-768x1024.jpg);background-position:50% 50%\"><img loading=\"lazy\" width=\"768\" height=\"1024\" src=\"https:\/\/www.lyons-andelle-tourisme.com\/wp-content\/uploads\/2020\/12\/Lempreinte-deco\u00a9ML-Vittori-768x1024.jpg\" alt=\"Boutique-brocante L'Empreinte D\u00e9coration, Lyons-la-For\u00eat\" class=\"wp-image-3581 size-full\" srcset=\"https:\/\/www.lyons-andelle-tourisme.com\/wp-content\/uploads\/2020\/12\/Lempreinte-deco\u00a9ML-Vittori-768x1024.jpg 768w, https:\/\/www.lyons-andelle-tourisme.com\/wp-content\/uploads\/2020\/12\/Lempreinte-deco\u00a9ML-Vittori-225x300.jpg 225w, https:\/\/www.lyons-andelle-tourisme.com\/wp-content\/uploads\/2020\/12\/Lempreinte-deco\u00a9ML-Vittori-1152x1536.jpg 1152w, https:\/\/www.lyons-andelle-tourisme.com\/wp-content\/uploads\/2020\/12\/Lempreinte-deco\u00a9ML-Vittori-1536x2048.jpg 1536w, https:\/\/www.lyons-andelle-tourisme.com\/wp-content\/uploads\/2020\/12\/Lempreinte-deco\u00a9ML-Vittori-scaled.jpg 1920w\" sizes=\"(max-width: 768px) 100vw, 768px\" \/><\/figure><div class=\"wp-block-media-text__content\">\n<div style=\"height:28px\" aria-hidden=\"true\" class=\"wp-block-spacer\"><\/div>\n\n\n\n<p>Give free rein to your desires, whether you are fond of <strong><a href=\"https:\/\/www.lyons-andelle-tourisme.com\/en\/categorie\/shopping-en\/home-and-decoration\/\" class=\"ek-link\">decoration <\/a><\/strong>and <strong><a href=\"https:\/\/www.lyons-andelle-tourisme.com\/en\/categorie\/shopping-en\/flea-markets-and-antique-shops\/\" class=\"ek-link\">antiques<\/a><\/strong>, amateur of <a href=\"https:\/\/www.lyons-andelle-tourisme.com\/en\/categorie\/shopping-en\/art-and-crafts\/\" class=\"ek-link\"><strong>art<\/strong>, <strong>crafts <\/strong><\/a>or gourmet on the lookout for <strong><a href=\"https:\/\/www.lyons-andelle-tourisme.com\/en\/categorie\/terroir-and-gastronomy\/\" class=\"ek-link\">quality local products.<\/a><\/strong><\/p>\n\n\n\n<p><strong>Taking time for yourself <\/strong>and bringing home beautiful discoveries and local products are part of the pleasure of vacation.<\/p>\n<\/div><\/div>\n\n\n\n<div style=\"height:27px\" aria-hidden=\"true\" class=\"wp-block-spacer\"><\/div>\n\n\n\n<p><\/p>\n\n\n\n<\/div>\n<div class=\"bloc_2colonnes\">\n\t<div class=\"left\">\n\t\t\t\t\t<div class=\"desc\">\n\t\t\t\t<p>Antiques and second-hand shops, discovery of local craftsmen or producers, artistic talents and gift shops \u2026 our address book is full of nice proposals.<\/p>\n\t\t\t\t\t\t\t\t<\/div>\n\t\t\t\t\n\t<\/div>\n\t<div class=\"right\">\n\t\t\t\t\t<div class=\"lien\">\n\t\t\t\t<a href=\"https:\/\/www.lyons-andelle-tourisme.com\/en\/categorie\/shopping-en\/flea-markets-and-antique-shops\/\"><img src=\"https:\/\/www.lyons-andelle-tourisme.com\/wp-content\/uploads\/2021\/01\/L-Empreinte-Decoration_interieur_boutique_2\u00a9Cyril-Viard-1-200x200.jpg\">Flea markets &#038; antique shops<\/a>\t\t\t\n\t\t\t<\/div>\n\t\t\t\t\t\t\t<div class=\"lien\">\n\t\t\t\t<a href=\"https:\/\/www.lyons-andelle-tourisme.com\/en\/categorie\/shopping-en\/art-and-crafts\/\"><img src=\"https:\/\/www.lyons-andelle-tourisme.com\/wp-content\/uploads\/2021\/11\/marche-de-Noel-bis-200x200.jpg\">Art and crafts<\/a>\t\t\t\n\t\t\t<\/div>\n\t\t\t\t\t\t\t<div class=\"lien\">\n\t\t\t\t<a href=\"https:\/\/www.lyons-andelle-tourisme.com\/en\/categorie\/shopping-en\/home-and-decoration\/\"><img src=\"https:\/\/www.lyons-andelle-tourisme.com\/wp-content\/uploads\/2022\/06\/halle-lyons-ete-OT-Lyons-Andelle-4-6-200x200.jpg\">Home and decoration<\/a>\t\t\t\n\t\t\t<\/div>\n\t\t\n\t\t\n\t\t\t\t\t<div class=\"lien\" style=\" \t\t\t\tmargin: 100px auto 0 auto;\n\t\t\t \">\n\t\t\t\t<a href=\"https:\/\/www.lyons-andelle-tourisme.com\/en\/categorie\/terroir-and-gastronomy\/\"><img src=\"https:\/\/www.lyons-andelle-tourisme.com\/wp-content\/uploads\/2020\/12\/graine_des_champs_2020_3\u00a9Graine-des-Champs-200x200.jpg\">Terroir &#038; gastronomy<\/a>\t\t\t<\/div>\n\t\t\n\n\t\t\n\n\n\t<\/div>\n\t\n<\/div>\n<div class=\"contenu\">\n\n\n\n","protected":false},"excerpt":{"rendered":"<p>Wandering around to discover good addresses and local talents is part of the pleasure of a weekend or a holiday.<\/p>\n","protected":false},"author":1,"featured_media":15004,"parent":11394,"menu_order":15,"comment_status":"closed","ping_status":"closed","template":"","meta":{"_editorskit_title_hidden":false,"_editorskit_reading_time":1,"_editorskit_typography_data":[],"_editorskit_blocks_typography":""},"yoast_head":"<!-- This site is optimized with the Yoast SEO plugin v17.2 - https:\/\/yoast.com\/wordpress\/plugins\/seo\/ -->\n<title>Shopping - Lyons Andelle Tourisme<\/title>\n<meta name=\"robots\" content=\"index, follow, max-snippet:-1, max-image-preview:large, max-video-preview:-1\" \/>\n<link rel=\"canonical\" href=\"https:\/\/www.lyons-andelle-tourisme.com\/en\/stay\/shopping\/\" \/>\n<meta property=\"og:locale\" content=\"en_US\" \/>\n<meta property=\"og:type\" content=\"article\" \/>\n<meta property=\"og:title\" content=\"Shopping - Lyons Andelle Tourisme\" \/>\n<meta property=\"og:description\" content=\"Wandering around to discover good addresses and local talents is part of the pleasure of a weekend or a holiday.\" \/>\n<meta property=\"og:url\" content=\"https:\/\/www.lyons-andelle-tourisme.com\/en\/stay\/shopping\/\" \/>\n<meta property=\"og:site_name\" content=\"Lyons Andelle Tourisme\" \/>\n<meta property=\"article:modified_time\" content=\"2022-09-12T08:36:00+00:00\" \/>\n<meta property=\"og:image\" content=\"https:\/\/www.lyons-andelle-tourisme.com\/wp-content\/uploads\/2021\/07\/lempreinte-deco-vitrine-mars20-web\u00a9ML-Vittori-edited-2.jpg\" \/>\n\t<meta property=\"og:image:width\" content=\"1200\" \/>\n\t<meta property=\"og:image:height\" content=\"752\" \/>\n<meta name=\"twitter:card\" content=\"summary_large_image\" \/>\n<meta name=\"twitter:label1\" content=\"Est. reading time\" \/>\n\t<meta name=\"twitter:data1\" content=\"1 minute\" \/>\n<script type=\"application\/ld+json\" class=\"yoast-schema-graph\">{\"@context\":\"https:\/\/schema.org\",\"@graph\":[{\"@type\":\"WebSite\",\"@id\":\"https:\/\/www.lyons-andelle-tourisme.com\/#website\",\"url\":\"https:\/\/www.lyons-andelle-tourisme.com\/\",\"name\":\"Lyons Andelle Tourisme\",\"description\":\"L&#039;\\u00e9chapp\\u00e9e Belle Normande \\u00e0 1h30 de Paris\",\"potentialAction\":[{\"@type\":\"SearchAction\",\"target\":{\"@type\":\"EntryPoint\",\"urlTemplate\":\"https:\/\/www.lyons-andelle-tourisme.com\/?s={search_term_string}\"},\"query-input\":\"required name=search_term_string\"}],\"inLanguage\":\"en-US\"},{\"@type\":\"ImageObject\",\"@id\":\"https:\/\/www.lyons-andelle-tourisme.com\/en\/stay\/shopping\/#primaryimage\",\"inLanguage\":\"en-US\",\"url\":\"https:\/\/www.lyons-andelle-tourisme.com\/wp-content\/uploads\/2021\/07\/lempreinte-deco-vitrine-mars20-web\\u00a9ML-Vittori-edited-2.jpg\",\"contentUrl\":\"https:\/\/www.lyons-andelle-tourisme.com\/wp-content\/uploads\/2021\/07\/lempreinte-deco-vitrine-mars20-web\\u00a9ML-Vittori-edited-2.jpg\",\"width\":1200,\"height\":752,\"caption\":\"L'Empreinte D\\u00e9coration, Lyons-la-For\\u00eat\"},{\"@type\":\"WebPage\",\"@id\":\"https:\/\/www.lyons-andelle-tourisme.com\/en\/stay\/shopping\/#webpage\",\"url\":\"https:\/\/www.lyons-andelle-tourisme.com\/en\/stay\/shopping\/\",\"name\":\"Shopping - Lyons Andelle Tourisme\",\"isPartOf\":{\"@id\":\"https:\/\/www.lyons-andelle-tourisme.com\/#website\"},\"primaryImageOfPage\":{\"@id\":\"https:\/\/www.lyons-andelle-tourisme.com\/en\/stay\/shopping\/#primaryimage\"},\"datePublished\":\"2021-09-27T09:50:59+00:00\",\"dateModified\":\"2022-09-12T08:36:00+00:00\",\"breadcrumb\":{\"@id\":\"https:\/\/www.lyons-andelle-tourisme.com\/en\/stay\/shopping\/#breadcrumb\"},\"inLanguage\":\"en-US\",\"potentialAction\":[{\"@type\":\"ReadAction\",\"target\":[\"https:\/\/www.lyons-andelle-tourisme.com\/en\/stay\/shopping\/\"]}]},{\"@type\":\"BreadcrumbList\",\"@id\":\"https:\/\/www.lyons-andelle-tourisme.com\/en\/stay\/shopping\/#breadcrumb\",\"itemListElement\":[{\"@type\":\"ListItem\",\"position\":1,\"name\":\"Stay\",\"item\":\"https:\/\/www.lyons-andelle-tourisme.com\/en\/stay\/\"},{\"@type\":\"ListItem\",\"position\":2,\"name\":\"Shopping\"}]}]}<\/script>\n<!-- \/ Yoast SEO plugin. -->","yoast_head_json":{"title":"Shopping - Lyons Andelle Tourisme","robots":{"index":"index","follow":"follow","max-snippet":"max-snippet:-1","max-image-preview":"max-image-preview:large","max-video-preview":"max-video-preview:-1"},"canonical":"https:\/\/www.lyons-andelle-tourisme.com\/en\/stay\/shopping\/","og_locale":"en_US","og_type":"article","og_title":"Shopping - Lyons Andelle Tourisme","og_description":"Wandering around to discover good addresses and local talents is part of the pleasure of a weekend or a holiday.","og_url":"https:\/\/www.lyons-andelle-tourisme.com\/en\/stay\/shopping\/","og_site_name":"Lyons Andelle Tourisme","article_modified_time":"2022-09-12T08:36:00+00:00","og_image":[{"width":1200,"height":752,"url":"https:\/\/www.lyons-andelle-tourisme.com\/wp-content\/uploads\/2021\/07\/lempreinte-deco-vitrine-mars20-web\u00a9ML-Vittori-edited-2.jpg","path":"\/var\/www\/lyons-andelle-tourisme.com\/html\/wp-content\/uploads\/2021\/07\/lempreinte-deco-vitrine-mars20-web\u00a9ML-Vittori-edited-2.jpg","size":"full","id":15004,"alt":"","pixels":902400,"type":"image\/jpeg"}],"twitter_card":"summary_large_image","twitter_misc":{"Est. reading time":"1 minute"},"schema":{"@context":"https:\/\/schema.org","@graph":[{"@type":"WebSite","@id":"https:\/\/www.lyons-andelle-tourisme.com\/#website","url":"https:\/\/www.lyons-andelle-tourisme.com\/","name":"Lyons Andelle Tourisme","description":"L&#039;\u00e9chapp\u00e9e Belle Normande \u00e0 1h30 de Paris","potentialAction":[{"@type":"SearchAction","target":{"@type":"EntryPoint","urlTemplate":"https:\/\/www.lyons-andelle-tourisme.com\/?s={search_term_string}"},"query-input":"required name=search_term_string"}],"inLanguage":"en-US"},{"@type":"ImageObject","@id":"https:\/\/www.lyons-andelle-tourisme.com\/en\/stay\/shopping\/#primaryimage","inLanguage":"en-US","url":"https:\/\/www.lyons-andelle-tourisme.com\/wp-content\/uploads\/2021\/07\/lempreinte-deco-vitrine-mars20-web\u00a9ML-Vittori-edited-2.jpg","contentUrl":"https:\/\/www.lyons-andelle-tourisme.com\/wp-content\/uploads\/2021\/07\/lempreinte-deco-vitrine-mars20-web\u00a9ML-Vittori-edited-2.jpg","width":1200,"height":752,"caption":"L'Empreinte D\u00e9coration, Lyons-la-For\u00eat"},{"@type":"WebPage","@id":"https:\/\/www.lyons-andelle-tourisme.com\/en\/stay\/shopping\/#webpage","url":"https:\/\/www.lyons-andelle-tourisme.com\/en\/stay\/shopping\/","name":"Shopping - Lyons Andelle Tourisme","isPartOf":{"@id":"https:\/\/www.lyons-andelle-tourisme.com\/#website"},"primaryImageOfPage":{"@id":"https:\/\/www.lyons-andelle-tourisme.com\/en\/stay\/shopping\/#primaryimage"},"datePublished":"2021-09-27T09:50:59+00:00","dateModified":"2022-09-12T08:36:00+00:00","breadcrumb":{"@id":"https:\/\/www.lyons-andelle-tourisme.com\/en\/stay\/shopping\/#breadcrumb"},"inLanguage":"en-US","potentialAction":[{"@type":"ReadAction","target":["https:\/\/www.lyons-andelle-tourisme.com\/en\/stay\/shopping\/"]}]},{"@type":"BreadcrumbList","@id":"https:\/\/www.lyons-andelle-tourisme.com\/en\/stay\/shopping\/#breadcrumb","itemListElement":[{"@type":"ListItem","position":1,"name":"Stay","item":"https:\/\/www.lyons-andelle-tourisme.com\/en\/stay\/"},{"@type":"ListItem","position":2,"name":"Shopping"}]}]}},"_links":{"self":[{"href":"https:\/\/www.lyons-andelle-tourisme.com\/en\/wp-json\/wp\/v2\/pages\/11366"}],"collection":[{"href":"https:\/\/www.lyons-andelle-tourisme.com\/en\/wp-json\/wp\/v2\/pages"}],"about":[{"href":"https:\/\/www.lyons-andelle-tourisme.com\/en\/wp-json\/wp\/v2\/types\/page"}],"author":[{"embeddable":true,"href":"https:\/\/www.lyons-andelle-tourisme.com\/en\/wp-json\/wp\/v2\/users\/1"}],"replies":[{"embeddable":true,"href":"https:\/\/www.lyons-andelle-tourisme.com\/en\/wp-json\/wp\/v2\/comments?post=11366"}],"version-history":[{"count":12,"href":"https:\/\/www.lyons-andelle-tourisme.com\/en\/wp-json\/wp\/v2\/pages\/11366\/revisions"}],"predecessor-version":[{"id":125162,"href":"https:\/\/www.lyons-andelle-tourisme.com\/en\/wp-json\/wp\/v2\/pages\/11366\/revisions\/125162"}],"up":[{"embeddable":true,"href":"https:\/\/www.lyons-andelle-tourisme.com\/en\/wp-json\/wp\/v2\/pages\/11394"}],"wp:featuredmedia":[{"embeddable":true,"href":"https:\/\/www.lyons-andelle-tourisme.com\/en\/wp-json\/wp\/v2\/media\/15004"}],"wp:attachment":[{"href":"https:\/\/www.lyons-andelle-tourisme.com\/en\/wp-json\/wp\/v2\/media?parent=11366"}],"curies":[{"name":"wp","href":"https:\/\/api.w.org\/{rel}","templated":true}]}}