{"id":11373,"date":"2021-09-27T11:55:36","date_gmt":"2021-09-27T09:55:36","guid":{"rendered":"https:\/\/www.lyons-andelle-tourisme.com\/?page_id=11373"},"modified":"2026-04-09T17:16:33","modified_gmt":"2026-04-09T15:16:33","slug":"lyons-andelle-tourist-office","status":"publish","type":"page","link":"https:\/\/www.lyons-andelle-tourisme.com\/en\/stay\/lyons-andelle-tourist-office\/","title":{"rendered":"Lyons Andelle tourist office"},"content":{"rendered":"\n<h3>Our team welcomes you all year round and advises you in your discovery of a territory covering 30 communes in the north-east of the Eure, in the Vexin Normand, halfway between Paris and the Normandy coast.<\/h3>\n\n\n\n<p><strong>Our objective: <\/strong>to allow you to take full advantage of your stay according to your tastes and desires of the moment and &#8230; make you want to come back !<\/p>\n\n\n\n<p>We are located in <strong>Lyons-la-For\u00eat<\/strong>, a village classified as <strong>one of the Most Beautiful Villages in France\u00ae, <\/strong>just a stone&#8217;s throw from the market hall, in the heart of the village.<\/p>\n\n\n\n<div class=\"wp-block-group\"><div class=\"wp-block-group__inner-container\">\n<p>We provide you with the most exhaustive <strong><a href=\"https:\/\/www.lyons-andelle-tourisme.com\/en\/stay\/all-our-brochures\/\" class=\"ek-link\">documentation <\/a><\/strong>possible on the tourist offer, covering also other sectors of the <strong>Eure <\/strong>and the whole of <strong>Normandy<\/strong>.<\/p>\n<\/div><\/div>\n\n\n\n<div class=\"wp-block-group\"><div class=\"wp-block-group__inner-container\">\n<div class=\"wp-block-image is-style-editorskit-rounded\"><figure class=\"aligncenter size-large\"><img loading=\"lazy\" width=\"1024\" height=\"683\" src=\"https:\/\/www.lyons-andelle-tourisme.com\/wp-content\/uploads\/2022\/10\/IMG_6452-1024x683.jpg\" alt=\"\" class=\"wp-image-125598\" srcset=\"https:\/\/www.lyons-andelle-tourisme.com\/wp-content\/uploads\/2022\/10\/IMG_6452-1024x683.jpg 1024w, https:\/\/www.lyons-andelle-tourisme.com\/wp-content\/uploads\/2022\/10\/IMG_6452-300x200.jpg 300w, https:\/\/www.lyons-andelle-tourisme.com\/wp-content\/uploads\/2022\/10\/IMG_6452-768x512.jpg 768w, https:\/\/www.lyons-andelle-tourisme.com\/wp-content\/uploads\/2022\/10\/IMG_6452-1536x1024.jpg 1536w, https:\/\/www.lyons-andelle-tourisme.com\/wp-content\/uploads\/2022\/10\/IMG_6452-2048x1365.jpg 2048w, https:\/\/www.lyons-andelle-tourisme.com\/wp-content\/uploads\/2022\/10\/IMG_6452-800x534.jpg 800w\" sizes=\"(max-width: 1024px) 100vw, 1024px\" \/><\/figure><\/div>\n<\/div><\/div>\n\n\n\n<p>We are happy to answer your requests for personalised advice on choosing a visit, a walk around one of our villages or an activity.<\/p>\n\n\n\n<div class=\"wp-block-image is-style-editorskit-rounded\"><figure class=\"aligncenter size-large\"><img loading=\"lazy\" width=\"1024\" height=\"683\" src=\"https:\/\/www.lyons-andelle-tourisme.com\/wp-content\/uploads\/2022\/10\/IMG_6455-1024x683.jpg\" alt=\"\" class=\"wp-image-125602\" srcset=\"https:\/\/www.lyons-andelle-tourisme.com\/wp-content\/uploads\/2022\/10\/IMG_6455-1024x683.jpg 1024w, https:\/\/www.lyons-andelle-tourisme.com\/wp-content\/uploads\/2022\/10\/IMG_6455-300x200.jpg 300w, https:\/\/www.lyons-andelle-tourisme.com\/wp-content\/uploads\/2022\/10\/IMG_6455-768x512.jpg 768w, https:\/\/www.lyons-andelle-tourisme.com\/wp-content\/uploads\/2022\/10\/IMG_6455-1536x1024.jpg 1536w, https:\/\/www.lyons-andelle-tourisme.com\/wp-content\/uploads\/2022\/10\/IMG_6455-2048x1365.jpg 2048w, https:\/\/www.lyons-andelle-tourisme.com\/wp-content\/uploads\/2022\/10\/IMG_6455-800x534.jpg 800w\" sizes=\"(max-width: 1024px) 100vw, 1024px\" \/><\/figure><\/div>\n\n\n\n<p>We will inform you about <strong><a href=\"https:\/\/www.lyons-andelle-tourisme.com\/en\/stay\/agenda\/\" class=\"ek-link\">events <\/a><\/strong>and <strong>visits <\/strong>that can enrich your stay in our area.<\/p>\n\n\n\n<p>We are also at your service to help you in your <strong>search for accommodation<\/strong>, even at the last minute.<\/p>\n\n\n\n<div style=\"height:30px\" aria-hidden=\"true\" class=\"wp-block-spacer\"><\/div>\n\n\n\n<h3 class=\"has-text-align-center has-white-color has-text-color has-background\" style=\"background-color:#79592a\">Our contact details<\/h3>\n\n\n\n<div style=\"height:30px\" aria-hidden=\"true\" class=\"wp-block-spacer\"><\/div>\n\n\n\n<div class=\"wp-block-columns\">\n<div class=\"wp-block-column\">\n<p><strong>25 bis place Benserade <\/strong>&#8211; <strong>27480 Lyons-la-For\u00eat<\/strong><\/p>\n\n\n\n<p><strong>T\u00e9l.&nbsp;:<\/strong> <strong>+33 (0)2 32 49 31 65<\/strong><\/p>\n\n\n\n<p><strong>Courriel&nbsp;<\/strong>: <a href=\"mailto:info@lyons-andelle-tourisme.com\" class=\"ek-link\">info@lyons-andelle-tourisme.com<\/a><\/p>\n<\/div>\n\n\n\n<div class=\"wp-block-column\">\n<div class=\"wp-block-image\"><figure class=\"alignright size-large\"><a href=\"https:\/\/www.facebook.com\/officedetourisme.lyonsandelle\" target=\"_blank\" rel=\"noopener noreferrer\"><img loading=\"lazy\" width=\"91\" height=\"91\" src=\"https:\/\/www.lyons-andelle-tourisme.com\/wp-content\/uploads\/2020\/11\/Facebook.png\" alt=\"\" class=\"wp-image-259\"\/><\/a><\/figure><\/div>\n\n\n\n<div class=\"wp-block-image\"><figure class=\"alignleft size-large\"><a href=\"https:\/\/www.instagram.com\/lyonsandelletourisme\/\" target=\"_blank\" rel=\"noopener noreferrer\"><img loading=\"lazy\" width=\"91\" height=\"91\" src=\"https:\/\/www.lyons-andelle-tourisme.com\/wp-content\/uploads\/2020\/11\/Instagram.png\" alt=\"\" class=\"wp-image-258\"\/><\/a><\/figure><\/div>\n<\/div>\n<\/div>\n\n\n\n<div style=\"height:30px\" aria-hidden=\"true\" class=\"wp-block-spacer\"><\/div>\n\n\n\n<h3 class=\"has-text-align-center has-white-color has-text-color has-background\" style=\"background-color:#79592a\">Our opening hours<\/h3>\n\n\n\n<div style=\"height:30px\" aria-hidden=\"true\" class=\"wp-block-spacer\"><\/div>\n\n\n\n<h4 class=\"has-text-color\" style=\"color:#886a42\">From February 1st to June 30th and from September 1st to October 31st:<\/h4>\n\n\n\n<ul><li><strong>Monday<\/strong>: 2 pm &#8211; 5 pm<\/li><li><strong>Tuesday to Friday<\/strong>: 10 am &#8211; 12 pm &amp; 2 pm &#8211; 5 pm<\/li><li><strong>Saturday<\/strong>: 10 am &#8211; 2 pm<\/li><li><strong>Sunday and public holidays<\/strong>: 10 am &#8211; 1 pm (during school holidays and long weekends)<\/li><\/ul>\n\n\n\n<h4 class=\"has-text-color\" style=\"color:#886a42\">July &amp; August:<\/h4>\n\n\n\n<ul><li><strong>Every day: 10 am &#8211; 6 pm (non-stop)<\/strong><\/li><\/ul>\n\n\n\n<h4 class=\"has-text-color\" style=\"color:#886a42\">From November 1st to January 31st:<\/h4>\n\n\n\n<ul><li><strong>Tuesday to Friday<\/strong>: 2 pm &#8211; 5 pm<\/li><li><strong>Saturday<\/strong>: 10 am &#8211; 1 pm<\/li><li><strong>Closed Sunday &amp; Monday<\/strong><\/li><\/ul>\n\n\n\n<div class=\"wp-block-image caption-align-right is-style-editorskit-rounded\"><figure class=\"alignleft size-large is-resized\"><img loading=\"lazy\" src=\"https:\/\/www.lyons-andelle-tourisme.com\/wp-content\/uploads\/2020\/11\/tourisme-handicap_logo-e1608130419427.png\" alt=\"\" class=\"wp-image-82\" width=\"133\" height=\"120\"\/><\/figure><\/div>\n\n\n\n<p class=\"has-normal-font-size\">Our office has been <strong>awarded the Tourism &amp; Handicap <\/strong>label for the four types of disability: hearing, motor, mental and visual. It has all <strong>the necessary facilities to welcome people with reduced mobility<\/strong>. <strong>A parking space <\/strong>is reserved for people with disabilities in front of the office.<\/p>\n\n\n\n<div style=\"height:30px\" aria-hidden=\"true\" class=\"wp-block-spacer\"><\/div>\n\n\n\n<h4 class=\"has-text-align-center has-black-color has-white-background-color has-text-color has-background\">Specific reception conditions for the fight against covid-19<\/h4>\n\n\n\n<ul><li>Hydro-alcoholic gel available.<\/li><li>A maximum of 4 adults can be accommodated simultaneously.<\/li><li>Counter fitted out with plexiglass partition.<\/li><\/ul>\n\n\n\n<div style=\"height:30px\" aria-hidden=\"true\" class=\"wp-block-spacer\"><\/div>\n\n\n\n<h3 class=\"has-text-align-center has-white-color has-text-color has-background\" style=\"background-color:#79592a\">Our services<\/h3>\n\n\n\n<div style=\"height:30px\" aria-hidden=\"true\" class=\"wp-block-spacer\"><\/div>\n\n\n\n<ul class=\"is-style-arrow\"><li><strong>Free Wifi access <\/strong>with the possibility of lending a touch pad on site.<\/li><li><strong>A shop <\/strong>where you can buy <strong>local products, <\/strong>gifts, books and <strong>postcards.<\/strong><\/li><li><strong>Guided tours and activities for individuals<\/strong><ul><li>Throughout the year, the Lyons Andelle Tourist Office organises guided tours of villages in the area, including Lyons-la-For\u00eat, as well as <strong>themed guided tours <\/strong>and <strong>treasure hunts <\/strong>for the whole family, by reservation.<\/li><\/ul><ul><li><strong>Rates for guided tours and animations :<\/strong><\/li><\/ul><ul><li>Adults : 5 \u20ac<\/li><li>Reduced rate (12 &#8211; 18 years old) : 4 \u20ac<\/li><li>Free for children under 12 years old and people accompanying disabled persons.<\/li><\/ul><\/li><li><strong>Prices for guided tours and animations with external service or workshop :<\/strong><ul><li>Adults : 7 \u20ac<\/li><li>Reduced rate (12 &#8211; 18 years old) : 5 \u20ac<\/li><li>Free for children under 12 years old and people accompanying disabled persons.<\/li><\/ul><\/li><\/ul>\n\n\n\n<ul class=\"is-style-arrow\"><li><strong>Guided tours and turnkey tours for groups, upon reservation.<\/strong><\/li><\/ul>\n\n\n\n<div style=\"height:1px\" aria-hidden=\"true\" class=\"wp-block-spacer\"><\/div>\n\n\n\n<div class=\"wp-block-image\"><figure class=\"aligncenter size-large is-resized\"><a href=\"https:\/\/www.tripadvisor.co.uk\/Attraction_Review-g667197-d12899379-Reviews-Office_de_Tourisme_Lyons_Andelle-Lyons_la_Foret_Eure_Haute_Normandie_Normandy.html\" target=\"_blank\" rel=\"noopener\"><img loading=\"lazy\" src=\"https:\/\/www.lyons-andelle-tourisme.com\/wp-content\/uploads\/2022\/01\/Tripadvisor-Logo-10-1024x576.png\" alt=\"\" class=\"wp-image-19697\" width=\"300\" height=\"168\" srcset=\"https:\/\/www.lyons-andelle-tourisme.com\/wp-content\/uploads\/2022\/01\/Tripadvisor-Logo-10-1024x576.png 1024w, https:\/\/www.lyons-andelle-tourisme.com\/wp-content\/uploads\/2022\/01\/Tripadvisor-Logo-10-300x169.png 300w, https:\/\/www.lyons-andelle-tourisme.com\/wp-content\/uploads\/2022\/01\/Tripadvisor-Logo-10-768x432.png 768w, https:\/\/www.lyons-andelle-tourisme.com\/wp-content\/uploads\/2022\/01\/Tripadvisor-Logo-10-1536x864.png 1536w, https:\/\/www.lyons-andelle-tourisme.com\/wp-content\/uploads\/2022\/01\/Tripadvisor-Logo-10-2048x1152.png 2048w\" sizes=\"(max-width: 300px) 100vw, 300px\" \/><\/a><\/figure><\/div>\n\n\n\n<h4>The Lyons Andelle Tourist Office is a Public Administrative Service of the <a href=\"https:\/\/www.cdcla.fr\/\" class=\"ek-link\">Lyons Andelle Community of Communes.<\/a><\/h4>\n\n\n\n<div class=\"wp-block-image\"><figure class=\"aligncenter size-large is-resized\"><img loading=\"lazy\" src=\"https:\/\/www.lyons-andelle-tourisme.com\/wp-content\/uploads\/2020\/12\/logo_Offices_de_Tourisme_de_France-et-classe.png\" alt=\"Logo offices de tourisme de France\" class=\"wp-image-4133\" width=\"220\" height=\"136\" srcset=\"https:\/\/www.lyons-andelle-tourisme.com\/wp-content\/uploads\/2020\/12\/logo_Offices_de_Tourisme_de_France-et-classe.png 439w, https:\/\/www.lyons-andelle-tourisme.com\/wp-content\/uploads\/2020\/12\/logo_Offices_de_Tourisme_de_France-et-classe-300x186.png 300w\" sizes=\"(max-width: 220px) 100vw, 220px\" \/><\/figure><\/div>\n\n\n\n<h4>It belongs to the network of Offices de Tourisme de France. It is classified in category 2.<\/h4>\n\n\n\n<h4>As such, it undertakes to :<\/h4>\n\n\n\n<div style=\"height:30px\" aria-hidden=\"true\" class=\"wp-block-spacer\"><\/div>\n\n\n\n<ul><li>To provide you with an easily accessible reception and information area.<\/li><li>To provide a permanent reception service with staff who speak at least two foreign languages.<\/li><li>To inform you free of charge about the local tourist offer and to present you all the qualified offer of its intervention zone.<\/li><li>To provide tourist maps, plans and tourist guides on paper.<\/li><li>To diffuse its tourist information also on paper support, translated at least in two foreign languages relating :<ul><li>To all classified tourist accommodations including at least the name of the establishment, postal address, email, website address, telephone number, the level of classification, Monuments and cultural, natural or leisure tourist sites, which may include the indication of prices, periods and opening hours to the public, the website and telephone and postal contact details, Events and animations, Emergency telephone numbers.<\/li><\/ul><\/li><li>To update annually its tourist information and guarantee the reliability and the topicality of the information on the local tourist offer.<\/li><li>To facilitate your steps.<\/li><li>Offer you furniture to sit on and free access to wifi.<\/li><li>Display and broadcast its opening periods in at least two foreign languages.<\/li><li>Be open at least 240 days a year, including Saturdays and Sundays, during the tourist season.<\/li><li>Answer all year long to your mails.<\/li><li>Display outside the building the emergency phone numbers.<\/li><li>Treat your complaints and measure your satisfaction.<\/li><li>Respect a quality approach.<\/li><\/ul>\n\n\n\n<div class=\"wp-block-group\"><div class=\"wp-block-group__inner-container\"><\/div><\/div>\n\n\n\n<div class=\"wp-block-columns is-style-default\">\n<div class=\"wp-block-column\" style=\"flex-basis:100%\">\n<div class=\"wp-block-image\"><figure class=\"aligncenter size-large is-resized\"><img loading=\"lazy\" src=\"https:\/\/www.lyons-andelle-tourisme.com\/wp-content\/uploads\/2020\/11\/qualite\u0301-tourisme_logo-e1608128041871.png\" alt=\"\" class=\"wp-image-84\" width=\"119\" height=\"113\" srcset=\"https:\/\/www.lyons-andelle-tourisme.com\/wp-content\/uploads\/2020\/11\/qualite\u0301-tourisme_logo-e1608128041871.png 474w, https:\/\/www.lyons-andelle-tourisme.com\/wp-content\/uploads\/2020\/11\/qualite\u0301-tourisme_logo-e1608128041871-300x287.png 300w\" sizes=\"(max-width: 119px) 100vw, 119px\" \/><\/figure><\/div>\n<\/div>\n<\/div>\n\n\n\n<h4>The Lyons Andelle tourist office has obtained the Quality Tourism mark\u2122. <\/h4>\n\n\n\n<p>This mark testifies to our constant commitment to improve the quality of our reception, that of the service providers of our territory, by collecting your oral appreciations, your requests and your complaints.<\/p>\n\n\n\n<p><strong>We provide you with satisfaction questionnaires, suggestion and complaint forms.<\/strong><\/p>\n\n\n\n<p>We analyze them and transmit them, if necessary, to the organizations and tourist actors concerned in order to contribute together to improve the tourist reception on our territory.<\/p>\n","protected":false},"excerpt":{"rendered":"<p>Our team welcomes you all year round and advises you in your discovery of a territory covering 30 communes in the north-east of the Eure, in the Vexin Normand, halfway between Paris and the Normandy coast. Our objective: to allow you to take full advantage of your stay according to your tastes and desires of [&hellip;]<\/p>\n","protected":false},"author":1,"featured_media":0,"parent":11394,"menu_order":30,"comment_status":"closed","ping_status":"closed","template":"","meta":{"_editorskit_title_hidden":false,"_editorskit_reading_time":4,"_editorskit_typography_data":[],"_editorskit_blocks_typography":""},"yoast_head":"<!-- This site is optimized with the Yoast SEO plugin v17.2 - https:\/\/yoast.com\/wordpress\/plugins\/seo\/ -->\n<title>Lyons Andelle tourist office - Lyons Andelle Tourisme<\/title>\n<meta name=\"robots\" content=\"index, follow, max-snippet:-1, max-image-preview:large, max-video-preview:-1\" \/>\n<link rel=\"canonical\" href=\"https:\/\/www.lyons-andelle-tourisme.com\/en\/stay\/lyons-andelle-tourist-office\/\" \/>\n<meta property=\"og:locale\" content=\"en_US\" \/>\n<meta property=\"og:type\" content=\"article\" \/>\n<meta property=\"og:title\" content=\"Lyons Andelle tourist office - Lyons Andelle Tourisme\" \/>\n<meta property=\"og:description\" content=\"Our team welcomes you all year round and advises you in your discovery of a territory covering 30 communes in the north-east of the Eure, in the Vexin Normand, halfway between Paris and the Normandy coast. Our objective: to allow you to take full advantage of your stay according to your tastes and desires of [&hellip;]\" \/>\n<meta property=\"og:url\" content=\"https:\/\/www.lyons-andelle-tourisme.com\/en\/stay\/lyons-andelle-tourist-office\/\" \/>\n<meta property=\"og:site_name\" content=\"Lyons Andelle Tourisme\" \/>\n<meta property=\"article:modified_time\" content=\"2026-04-09T15:16:33+00:00\" \/>\n<meta property=\"og:image\" content=\"https:\/\/www.lyons-andelle-tourisme.com\/wp-content\/uploads\/2022\/10\/IMG_6452-1024x683.jpg\" \/>\n<meta name=\"twitter:card\" content=\"summary_large_image\" \/>\n<meta name=\"twitter:label1\" content=\"Est. reading time\" \/>\n\t<meta name=\"twitter:data1\" content=\"6 minutes\" \/>\n<script type=\"application\/ld+json\" class=\"yoast-schema-graph\">{\"@context\":\"https:\/\/schema.org\",\"@graph\":[{\"@type\":\"WebSite\",\"@id\":\"https:\/\/www.lyons-andelle-tourisme.com\/#website\",\"url\":\"https:\/\/www.lyons-andelle-tourisme.com\/\",\"name\":\"Lyons Andelle Tourisme\",\"description\":\"L&#039;\\u00e9chapp\\u00e9e Belle Normande \\u00e0 1h30 de Paris\",\"potentialAction\":[{\"@type\":\"SearchAction\",\"target\":{\"@type\":\"EntryPoint\",\"urlTemplate\":\"https:\/\/www.lyons-andelle-tourisme.com\/?s={search_term_string}\"},\"query-input\":\"required name=search_term_string\"}],\"inLanguage\":\"en-US\"},{\"@type\":\"ImageObject\",\"@id\":\"https:\/\/www.lyons-andelle-tourisme.com\/en\/stay\/lyons-andelle-tourist-office\/#primaryimage\",\"inLanguage\":\"en-US\",\"url\":\"https:\/\/www.lyons-andelle-tourisme.com\/wp-content\/uploads\/2022\/10\/IMG_6452-scaled.jpg\",\"contentUrl\":\"https:\/\/www.lyons-andelle-tourisme.com\/wp-content\/uploads\/2022\/10\/IMG_6452-scaled.jpg\",\"width\":2560,\"height\":1707},{\"@type\":\"WebPage\",\"@id\":\"https:\/\/www.lyons-andelle-tourisme.com\/en\/stay\/lyons-andelle-tourist-office\/#webpage\",\"url\":\"https:\/\/www.lyons-andelle-tourisme.com\/en\/stay\/lyons-andelle-tourist-office\/\",\"name\":\"Lyons Andelle tourist office - Lyons Andelle Tourisme\",\"isPartOf\":{\"@id\":\"https:\/\/www.lyons-andelle-tourisme.com\/#website\"},\"primaryImageOfPage\":{\"@id\":\"https:\/\/www.lyons-andelle-tourisme.com\/en\/stay\/lyons-andelle-tourist-office\/#primaryimage\"},\"datePublished\":\"2021-09-27T09:55:36+00:00\",\"dateModified\":\"2026-04-09T15:16:33+00:00\",\"breadcrumb\":{\"@id\":\"https:\/\/www.lyons-andelle-tourisme.com\/en\/stay\/lyons-andelle-tourist-office\/#breadcrumb\"},\"inLanguage\":\"en-US\",\"potentialAction\":[{\"@type\":\"ReadAction\",\"target\":[\"https:\/\/www.lyons-andelle-tourisme.com\/en\/stay\/lyons-andelle-tourist-office\/\"]}]},{\"@type\":\"BreadcrumbList\",\"@id\":\"https:\/\/www.lyons-andelle-tourisme.com\/en\/stay\/lyons-andelle-tourist-office\/#breadcrumb\",\"itemListElement\":[{\"@type\":\"ListItem\",\"position\":1,\"name\":\"Stay\",\"item\":\"https:\/\/www.lyons-andelle-tourisme.com\/en\/stay\/\"},{\"@type\":\"ListItem\",\"position\":2,\"name\":\"Lyons Andelle tourist office\"}]}]}<\/script>\n<!-- \/ Yoast SEO plugin. -->","yoast_head_json":{"title":"Lyons Andelle tourist office - Lyons Andelle Tourisme","robots":{"index":"index","follow":"follow","max-snippet":"max-snippet:-1","max-image-preview":"max-image-preview:large","max-video-preview":"max-video-preview:-1"},"canonical":"https:\/\/www.lyons-andelle-tourisme.com\/en\/stay\/lyons-andelle-tourist-office\/","og_locale":"en_US","og_type":"article","og_title":"Lyons Andelle tourist office - Lyons Andelle Tourisme","og_description":"Our team welcomes you all year round and advises you in your discovery of a territory covering 30 communes in the north-east of the Eure, in the Vexin Normand, halfway between Paris and the Normandy coast. Our objective: to allow you to take full advantage of your stay according to your tastes and desires of [&hellip;]","og_url":"https:\/\/www.lyons-andelle-tourisme.com\/en\/stay\/lyons-andelle-tourist-office\/","og_site_name":"Lyons Andelle Tourisme","article_modified_time":"2026-04-09T15:16:33+00:00","og_image":[{"url":"https:\/\/www.lyons-andelle-tourisme.com\/wp-content\/uploads\/2022\/10\/IMG_6452-1024x683.jpg"}],"twitter_card":"summary_large_image","twitter_misc":{"Est. reading time":"6 minutes"},"schema":{"@context":"https:\/\/schema.org","@graph":[{"@type":"WebSite","@id":"https:\/\/www.lyons-andelle-tourisme.com\/#website","url":"https:\/\/www.lyons-andelle-tourisme.com\/","name":"Lyons Andelle Tourisme","description":"L&#039;\u00e9chapp\u00e9e Belle Normande \u00e0 1h30 de Paris","potentialAction":[{"@type":"SearchAction","target":{"@type":"EntryPoint","urlTemplate":"https:\/\/www.lyons-andelle-tourisme.com\/?s={search_term_string}"},"query-input":"required name=search_term_string"}],"inLanguage":"en-US"},{"@type":"ImageObject","@id":"https:\/\/www.lyons-andelle-tourisme.com\/en\/stay\/lyons-andelle-tourist-office\/#primaryimage","inLanguage":"en-US","url":"https:\/\/www.lyons-andelle-tourisme.com\/wp-content\/uploads\/2022\/10\/IMG_6452-scaled.jpg","contentUrl":"https:\/\/www.lyons-andelle-tourisme.com\/wp-content\/uploads\/2022\/10\/IMG_6452-scaled.jpg","width":2560,"height":1707},{"@type":"WebPage","@id":"https:\/\/www.lyons-andelle-tourisme.com\/en\/stay\/lyons-andelle-tourist-office\/#webpage","url":"https:\/\/www.lyons-andelle-tourisme.com\/en\/stay\/lyons-andelle-tourist-office\/","name":"Lyons Andelle tourist office - Lyons Andelle Tourisme","isPartOf":{"@id":"https:\/\/www.lyons-andelle-tourisme.com\/#website"},"primaryImageOfPage":{"@id":"https:\/\/www.lyons-andelle-tourisme.com\/en\/stay\/lyons-andelle-tourist-office\/#primaryimage"},"datePublished":"2021-09-27T09:55:36+00:00","dateModified":"2026-04-09T15:16:33+00:00","breadcrumb":{"@id":"https:\/\/www.lyons-andelle-tourisme.com\/en\/stay\/lyons-andelle-tourist-office\/#breadcrumb"},"inLanguage":"en-US","potentialAction":[{"@type":"ReadAction","target":["https:\/\/www.lyons-andelle-tourisme.com\/en\/stay\/lyons-andelle-tourist-office\/"]}]},{"@type":"BreadcrumbList","@id":"https:\/\/www.lyons-andelle-tourisme.com\/en\/stay\/lyons-andelle-tourist-office\/#breadcrumb","itemListElement":[{"@type":"ListItem","position":1,"name":"Stay","item":"https:\/\/www.lyons-andelle-tourisme.com\/en\/stay\/"},{"@type":"ListItem","position":2,"name":"Lyons Andelle tourist office"}]}]}},"_links":{"self":[{"href":"https:\/\/www.lyons-andelle-tourisme.com\/en\/wp-json\/wp\/v2\/pages\/11373"}],"collection":[{"href":"https:\/\/www.lyons-andelle-tourisme.com\/en\/wp-json\/wp\/v2\/pages"}],"about":[{"href":"https:\/\/www.lyons-andelle-tourisme.com\/en\/wp-json\/wp\/v2\/types\/page"}],"author":[{"embeddable":true,"href":"https:\/\/www.lyons-andelle-tourisme.com\/en\/wp-json\/wp\/v2\/users\/1"}],"replies":[{"embeddable":true,"href":"https:\/\/www.lyons-andelle-tourisme.com\/en\/wp-json\/wp\/v2\/comments?post=11373"}],"version-history":[{"count":14,"href":"https:\/\/www.lyons-andelle-tourisme.com\/en\/wp-json\/wp\/v2\/pages\/11373\/revisions"}],"predecessor-version":[{"id":145553,"href":"https:\/\/www.lyons-andelle-tourisme.com\/en\/wp-json\/wp\/v2\/pages\/11373\/revisions\/145553"}],"up":[{"embeddable":true,"href":"https:\/\/www.lyons-andelle-tourisme.com\/en\/wp-json\/wp\/v2\/pages\/11394"}],"wp:attachment":[{"href":"https:\/\/www.lyons-andelle-tourisme.com\/en\/wp-json\/wp\/v2\/media?parent=11373"}],"curies":[{"name":"wp","href":"https:\/\/api.w.org\/{rel}","templated":true}]}}