{"id":11386,"date":"2021-09-27T11:59:38","date_gmt":"2021-09-27T09:59:38","guid":{"rendered":"https:\/\/www.lyons-andelle-tourisme.com\/?page_id=11386"},"modified":"2021-10-15T14:49:34","modified_gmt":"2021-10-15T12:49:34","slug":"legal-notice","status":"publish","type":"page","link":"https:\/\/www.lyons-andelle-tourisme.com\/en\/legal-notice\/","title":{"rendered":"Legal Notice"},"content":{"rendered":"\n<p><strong>\u00c9DITEUR ET RESPONSABLE DE LA PUBLICATION<\/strong><br>Le site internet www.lyons-andelle-tourisme.com est la propri\u00e9t\u00e9 de l\u2019Office de tourisme Lyons Andelle, Service Public Administratif de la Communaut\u00e9 de Communes Lyons Andelle.<br>D\u00e9nomination sociale : Office de Tourisme Lyons Andelle<br>Adresse : 25 bis, place Benserade \u2013 27480 Lyons-la-For\u00eat<br>T\u00e9l. : 02 32 49 31 65<\/p>\n\n\n\n<p>Directeur de la publication : M. Philippe G\u00e9rics, Pr\u00e9sident de la Communaut\u00e9 de communes Lyons Andelle<br><\/p>\n\n\n\n<p><strong>H\u00c9BERGEUR<\/strong><br>Le site est h\u00e9berg\u00e9 par la soci\u00e9t\u00e9 Infomaniak, Rue Eug\u00e8ne-Marziano 25, 1227 Gen\u00e8ve &#8211; Suisse &#8211; N\u00b0 IDE &amp; TVA : CHE-103.167.648, https:\/\/www.infomaniak.com\/fr\/support\/contact\/email<\/p>\n\n\n\n<p><strong>DONN\u00c9ES PERSONNELLES COLLECT\u00c9ES<\/strong><br>Les donn\u00e9es \u00e0 caract\u00e8re personnel suivantes sont collect\u00e9es sur ce site :<br>\u2022 Donn\u00e9es saisies et envoy\u00e9es via le formulaire<br>\u2022 Donn\u00e9es collect\u00e9es par l\u2019outil de mesure d\u2019audience Google Analytics<br><strong>Vos droits face \u00e0 ce traitement<\/strong><br>La Communaut\u00e9 de Communes Lyons Andelle (CdCLA), sise \u00e0 Charleval (27380), ZA La Vente Cartier, rue Martin Liesse, a d\u00e9sign\u00e9 l\u2019ADICO sis \u00e0 Beauvais (60000), 2 rue Jean Monnet en qualit\u00e9 de d\u00e9l\u00e9gu\u00e9 \u00e0 la protection des donn\u00e9es. Il est notamment en charge d\u2019assurer la conformit\u00e9 des activit\u00e9s de la collectivit\u00e9 avec le nouveau cadre l\u00e9gal europ\u00e9en du RGPD et de coop\u00e9rer avec l\u2019autorit\u00e9 de contr\u00f4le.<\/p>\n\n\n\n<p><strong>FINALIT\u00c9 DE LA COLLECTE DES DONN\u00c9ES PERSONNELLES<\/strong><br>La collecte des donn\u00e9es personnelles \u00e0 travers le formulaire a pour but d\u2019am\u00e9liorer la qualit\u00e9 de service pour les utilisateurs et d\u2019avoir une relation commerciale pour les autres. En soumettant le formulaire et en cochant la case \u00e0 cocher de consentement du formulaire, l\u2019internaute donne express\u00e9ment son accord pour que les donn\u00e9es \u00e0 caract\u00e8re personnel soient trait\u00e9es pour la finalit\u00e9 de gestion de la relation commerciale. En aucun cas, les donn\u00e9es envoy\u00e9es ne seront transmises \u00e0 des tiers.<br>La collecte des donn\u00e9es personnelles \u00e0 travers l\u2019outil de suivi d\u2019audience Google Analytics utilis\u00e9 sur le site a pour but d\u2019analyser le comportement des internautes sur le site.<br>Google Analytics utilise des cookies tiers afin de distinguer les utilisateurs. Ils ne contiennent aucune information nominative.<br><\/p>\n\n\n\n<p><strong>ABONNEMENT A NOS PUBLICATIONS<\/strong><br>Par l\u2019interm\u00e9diaire du site, www.lyons-andelle-tourisme.com, vous pouvez demander que l\u2019on vous adresse de la documentation touristique, vous abonner \u00e0 la newsletter ou \u00e0 l\u2019agenda des manifestations de la destination Lyons Andelle. Ces publications sont destin\u00e9es \u00e0 vous informer sur l\u2019offre touristique en Lyons Andelle.<\/p>\n\n\n\n<p>L\u2019abonnement \u00e0 ces publications se fait par un formulaire d\u2019entr\u00e9e qui requiert votre nom, pr\u00e9nom, e-mail et code postal (adresse postale, si vous souhaitez recevoir de la documentation). Un e-mail de confirmation est envoy\u00e9 \u00e0 l\u2019adresse mail renseign\u00e9e afin de confirmer l\u2019enregistrement de votre demande. L\u2019e-mail de confirmation est utilis\u00e9 pour prouver que vous avez autoris\u00e9 l\u2019Office de tourisme Lyons Andelle \u00e0 vous envoyer des publications en tant que personne concern\u00e9e. Ces donn\u00e9es personnelles sont h\u00e9berg\u00e9es sur nos serveurs. Seul le responsable de la collecte de l\u2019Office de tourisme Lyons Andelle a acc\u00e8s \u00e0 ces donn\u00e9es.<\/p>\n\n\n\n<p><strong>Politique de Confidentialit\u00e9<\/strong><\/p>\n\n\n\n<p>Vous pouvez \u00e0 tout moment informer l\u2019office de tourisme Lyons Andelle de votre souhait de ne plus \u00eatre abonn\u00e9 \u00e0 l\u2019une de ses publications en cliquant sur \u00ab Se d\u00e9sinscrire \u00bb ou nous envoyer un e-mail \u00e0 l\u2019adresse suivante : info@lyons-andelle-tourisme.com.<\/p>\n\n\n\n<p>Les donn\u00e9es personnelles collect\u00e9es (formulaire de contact, formulaire d\u2019inscription aux newsletters) sont conserv\u00e9es pendant 3 ans \u00e0 compter du dernier contact \u00e9manant de votre part et sont destin\u00e9es exclusivement \u00e0 l\u2019office de tourisme Lyons Andelle. <\/p>\n\n\n\n<p>L\u2019Office de tourisme Lyons Andelle s\u2019engage \u00e0 ne pas vendre, louer ou mettre \u00e0 disposition sous quelque forme que ce soit ces donn\u00e9es personnelles \u00e0 des tiers.<\/p>\n\n\n\n<p>Conform\u00e9ment \u00e0 la loi \u00ab informatique et libert\u00e9s \u00bb (art.34 de la loi \u00ab Informatique et Libert\u00e9s \u00bb du 6 janvier 1978) et au R\u00e8glement G\u00e9n\u00e9ral sur la Protection des Donn\u00e9es entr\u00e9 en vigueur le 25 mai 2018, vous pouvez exercer votre droit d\u2019acc\u00e8s aux donn\u00e9es vous concernant et les faire rectifier en contactant l\u2019Office de tourisme Lyons Andelle, par courrier \u00e9lectronique ou postal.<\/p>\n\n\n\n<p><strong>EXERCER SON DROIT DE MODIFICATION ET SUPPRESSION<\/strong><br>Conform\u00e9ment \u00e0 la loi \u00ab Informatique &amp; Libert\u00e9 \u00bb du 6 janvier 1978 et au \u00ab R\u00e8glement G\u00e9n\u00e9ral pour la Protection des Donn\u00e9es (RGPD) \u00bb, vous pouvez exercer vos droits d\u2019acc\u00e8s, de rectification, de portabilit\u00e9, d\u2019effacement et d\u2019opposition, en vous adressant au D\u00e9l\u00e9gu\u00e9 \u00e0 la Protection des Donn\u00e9es (DPO) aupr\u00e8s de l\u2019ADICO : contact@adico.fr.<br>Si vous estimez, apr\u00e8s nous avoir contact\u00e9s, que vos droits ne sont pas respect\u00e9s, vous pouvez adresser une r\u00e9clamation en ligne ou par voie postale \u00e0 la CNIL.<\/p>\n\n\n\n<p><strong>DROITS D\u2019AUTEUR<\/strong><br>Conform\u00e9ment au Code de la Propri\u00e9t\u00e9 Intellectuelle, toute exploitation (repr\u00e9sentation ou reproduction) de tout ou partie du site internet est strictement interdite sauf autorisation expresse, pr\u00e9alable et \u00e9crite de l\u2019Office de tourisme Lyons Andelle. L\u2019ensemble des \u00e9l\u00e9ments \u00e9dit\u00e9s sur ce site, textes, photographies, sons, logos, marques, noms de domaine sont prot\u00e9g\u00e9s par les dispositions du code de la Propri\u00e9t\u00e9 Intellectuelle. Seule la copie \u00e0 usage priv\u00e9 est autoris\u00e9e pour usage personnel, priv\u00e9 et non commercial, sur votre ordinateur.<br><strong>Cr\u00e9dits photos<\/strong><br>Les images et vid\u00e9os publi\u00e9es sur ce site sont prot\u00e9g\u00e9es par le Code la Propri\u00e9t\u00e9 Intellectuelle. Les cr\u00e9dits photographiques sont pr\u00e9cis\u00e9s sur les images elles-m\u00eames. Toute reproduction ou copie est interdite.<br><strong>Cr\u00e9dits cartographiques<\/strong><br>\u00a9 Contributeurs d&#8217;OpenStreetMap<\/p>\n\n\n\n<p><strong>AVERTISSEMENT<\/strong><br>Les informations et donn\u00e9es contenues sur le pr\u00e9sent site internet sont publi\u00e9es \u00e0 titre informatif. L\u2019Office de tourisme Lyons Andelle se r\u00e9serve le droit de modifier et mettre \u00e0 jour, sans pr\u00e9avis, l\u2019ensemble des \u00e9l\u00e9ments pr\u00e9sent\u00e9s sur ce site. <\/p>\n\n\n\n<p>Les informations publi\u00e9es sur www.lyons-andelle-tourisme.com ne rev\u00eatent pas de valeur contractuelle. Il vous appartient donc de v\u00e9rifier l&#8217;exactitude de ces informations aupr\u00e8s des prestataires touristiques r\u00e9f\u00e9renc\u00e9s sur le site.<\/p>\n\n\n\n<p>L\u2019Office de tourisme Lyons Andelle se r\u00e9serve le droit de modifier ou d\u2019interrompre, \u00e0 tout moment, temporairement ou de fa\u00e7on permanente, tout ou partie du site pour effectuer des op\u00e9rations de maintenance, des am\u00e9liorations et\/ou des modifications sur le site www.lyons-andelle-tourisme.com.<\/p>\n","protected":false},"excerpt":{"rendered":"<p>\u00c9DITEUR ET RESPONSABLE DE LA PUBLICATIONLe site internet www.lyons-andelle-tourisme.com est la propri\u00e9t\u00e9 de l\u2019Office de tourisme Lyons Andelle, Service Public Administratif de la Communaut\u00e9 de Communes Lyons Andelle.D\u00e9nomination sociale : Office de Tourisme Lyons AndelleAdresse : 25 bis, place Benserade \u2013 27480 Lyons-la-For\u00eatT\u00e9l. : 02 32 49 31 65 Directeur de la publication : M. [&hellip;]<\/p>\n","protected":false},"author":1,"featured_media":0,"parent":0,"menu_order":37,"comment_status":"closed","ping_status":"closed","template":"","meta":{"_editorskit_title_hidden":false,"_editorskit_reading_time":3,"_editorskit_typography_data":[],"_editorskit_blocks_typography":""},"yoast_head":"<!-- This site is optimized with the Yoast SEO plugin v17.2 - https:\/\/yoast.com\/wordpress\/plugins\/seo\/ -->\n<title>Legal Notice - Lyons Andelle Tourisme<\/title>\n<meta name=\"robots\" content=\"index, follow, max-snippet:-1, max-image-preview:large, max-video-preview:-1\" \/>\n<link rel=\"canonical\" href=\"https:\/\/www.lyons-andelle-tourisme.com\/en\/legal-notice\/\" \/>\n<meta property=\"og:locale\" content=\"en_US\" \/>\n<meta property=\"og:type\" content=\"article\" \/>\n<meta property=\"og:title\" content=\"Legal Notice - Lyons Andelle Tourisme\" \/>\n<meta property=\"og:description\" content=\"\u00c9DITEUR ET RESPONSABLE DE LA PUBLICATIONLe site internet www.lyons-andelle-tourisme.com est la propri\u00e9t\u00e9 de l\u2019Office de tourisme Lyons Andelle, Service Public Administratif de la Communaut\u00e9 de Communes Lyons Andelle.D\u00e9nomination sociale : Office de Tourisme Lyons AndelleAdresse : 25 bis, place Benserade \u2013 27480 Lyons-la-For\u00eatT\u00e9l. : 02 32 49 31 65 Directeur de la publication : M. [&hellip;]\" \/>\n<meta property=\"og:url\" content=\"https:\/\/www.lyons-andelle-tourisme.com\/en\/legal-notice\/\" \/>\n<meta property=\"og:site_name\" content=\"Lyons Andelle Tourisme\" \/>\n<meta property=\"article:modified_time\" content=\"2021-10-15T12:49:34+00:00\" \/>\n<meta name=\"twitter:card\" content=\"summary_large_image\" \/>\n<meta name=\"twitter:label1\" content=\"Est. reading time\" \/>\n\t<meta name=\"twitter:data1\" content=\"5 minutes\" \/>\n<script type=\"application\/ld+json\" class=\"yoast-schema-graph\">{\"@context\":\"https:\/\/schema.org\",\"@graph\":[{\"@type\":\"WebSite\",\"@id\":\"https:\/\/www.lyons-andelle-tourisme.com\/#website\",\"url\":\"https:\/\/www.lyons-andelle-tourisme.com\/\",\"name\":\"Lyons Andelle Tourisme\",\"description\":\"L&#039;\\u00e9chapp\\u00e9e Belle Normande \\u00e0 1h30 de Paris\",\"potentialAction\":[{\"@type\":\"SearchAction\",\"target\":{\"@type\":\"EntryPoint\",\"urlTemplate\":\"https:\/\/www.lyons-andelle-tourisme.com\/?s={search_term_string}\"},\"query-input\":\"required name=search_term_string\"}],\"inLanguage\":\"en-US\"},{\"@type\":\"WebPage\",\"@id\":\"https:\/\/www.lyons-andelle-tourisme.com\/en\/legal-notice\/#webpage\",\"url\":\"https:\/\/www.lyons-andelle-tourisme.com\/en\/legal-notice\/\",\"name\":\"Legal Notice - Lyons Andelle Tourisme\",\"isPartOf\":{\"@id\":\"https:\/\/www.lyons-andelle-tourisme.com\/#website\"},\"datePublished\":\"2021-09-27T09:59:38+00:00\",\"dateModified\":\"2021-10-15T12:49:34+00:00\",\"breadcrumb\":{\"@id\":\"https:\/\/www.lyons-andelle-tourisme.com\/en\/legal-notice\/#breadcrumb\"},\"inLanguage\":\"en-US\",\"potentialAction\":[{\"@type\":\"ReadAction\",\"target\":[\"https:\/\/www.lyons-andelle-tourisme.com\/en\/legal-notice\/\"]}]},{\"@type\":\"BreadcrumbList\",\"@id\":\"https:\/\/www.lyons-andelle-tourisme.com\/en\/legal-notice\/#breadcrumb\",\"itemListElement\":[{\"@type\":\"ListItem\",\"position\":1,\"name\":\"Legal Notice\"}]}]}<\/script>\n<!-- \/ Yoast SEO plugin. -->","yoast_head_json":{"title":"Legal Notice - Lyons Andelle Tourisme","robots":{"index":"index","follow":"follow","max-snippet":"max-snippet:-1","max-image-preview":"max-image-preview:large","max-video-preview":"max-video-preview:-1"},"canonical":"https:\/\/www.lyons-andelle-tourisme.com\/en\/legal-notice\/","og_locale":"en_US","og_type":"article","og_title":"Legal Notice - Lyons Andelle Tourisme","og_description":"\u00c9DITEUR ET RESPONSABLE DE LA PUBLICATIONLe site internet www.lyons-andelle-tourisme.com est la propri\u00e9t\u00e9 de l\u2019Office de tourisme Lyons Andelle, Service Public Administratif de la Communaut\u00e9 de Communes Lyons Andelle.D\u00e9nomination sociale : Office de Tourisme Lyons AndelleAdresse : 25 bis, place Benserade \u2013 27480 Lyons-la-For\u00eatT\u00e9l. : 02 32 49 31 65 Directeur de la publication : M. [&hellip;]","og_url":"https:\/\/www.lyons-andelle-tourisme.com\/en\/legal-notice\/","og_site_name":"Lyons Andelle Tourisme","article_modified_time":"2021-10-15T12:49:34+00:00","twitter_card":"summary_large_image","twitter_misc":{"Est. reading time":"5 minutes"},"schema":{"@context":"https:\/\/schema.org","@graph":[{"@type":"WebSite","@id":"https:\/\/www.lyons-andelle-tourisme.com\/#website","url":"https:\/\/www.lyons-andelle-tourisme.com\/","name":"Lyons Andelle Tourisme","description":"L&#039;\u00e9chapp\u00e9e Belle Normande \u00e0 1h30 de Paris","potentialAction":[{"@type":"SearchAction","target":{"@type":"EntryPoint","urlTemplate":"https:\/\/www.lyons-andelle-tourisme.com\/?s={search_term_string}"},"query-input":"required name=search_term_string"}],"inLanguage":"en-US"},{"@type":"WebPage","@id":"https:\/\/www.lyons-andelle-tourisme.com\/en\/legal-notice\/#webpage","url":"https:\/\/www.lyons-andelle-tourisme.com\/en\/legal-notice\/","name":"Legal Notice - Lyons Andelle Tourisme","isPartOf":{"@id":"https:\/\/www.lyons-andelle-tourisme.com\/#website"},"datePublished":"2021-09-27T09:59:38+00:00","dateModified":"2021-10-15T12:49:34+00:00","breadcrumb":{"@id":"https:\/\/www.lyons-andelle-tourisme.com\/en\/legal-notice\/#breadcrumb"},"inLanguage":"en-US","potentialAction":[{"@type":"ReadAction","target":["https:\/\/www.lyons-andelle-tourisme.com\/en\/legal-notice\/"]}]},{"@type":"BreadcrumbList","@id":"https:\/\/www.lyons-andelle-tourisme.com\/en\/legal-notice\/#breadcrumb","itemListElement":[{"@type":"ListItem","position":1,"name":"Legal Notice"}]}]}},"_links":{"self":[{"href":"https:\/\/www.lyons-andelle-tourisme.com\/en\/wp-json\/wp\/v2\/pages\/11386"}],"collection":[{"href":"https:\/\/www.lyons-andelle-tourisme.com\/en\/wp-json\/wp\/v2\/pages"}],"about":[{"href":"https:\/\/www.lyons-andelle-tourisme.com\/en\/wp-json\/wp\/v2\/types\/page"}],"author":[{"embeddable":true,"href":"https:\/\/www.lyons-andelle-tourisme.com\/en\/wp-json\/wp\/v2\/users\/1"}],"replies":[{"embeddable":true,"href":"https:\/\/www.lyons-andelle-tourisme.com\/en\/wp-json\/wp\/v2\/comments?post=11386"}],"version-history":[{"count":3,"href":"https:\/\/www.lyons-andelle-tourisme.com\/en\/wp-json\/wp\/v2\/pages\/11386\/revisions"}],"predecessor-version":[{"id":16053,"href":"https:\/\/www.lyons-andelle-tourisme.com\/en\/wp-json\/wp\/v2\/pages\/11386\/revisions\/16053"}],"wp:attachment":[{"href":"https:\/\/www.lyons-andelle-tourisme.com\/en\/wp-json\/wp\/v2\/media?parent=11386"}],"curies":[{"name":"wp","href":"https:\/\/api.w.org\/{rel}","templated":true}]}}