{"id":11390,"date":"2021-09-27T12:03:48","date_gmt":"2021-09-27T10:03:48","guid":{"rendered":"https:\/\/www.lyons-andelle-tourisme.com\/?page_id=11390"},"modified":"2021-11-16T17:06:28","modified_gmt":"2021-11-16T16:06:28","slug":"green-escape","status":"publish","type":"page","link":"https:\/\/www.lyons-andelle-tourisme.com\/en\/discover-lyons-andelle\/green-escape\/","title":{"rendered":"Green escape"},"content":{"rendered":"\n<div class=\"wp-block-group\"><div class=\"wp-block-group__inner-container\">\n<div style=\"height:27px\" aria-hidden=\"true\" class=\"wp-block-spacer\"><\/div>\n\n\n\n<\/div>\n<div class=\"bloc_fond\">\n    <p><h2><strong>GREEN GOLD AND WHITE WATER<br \/>\n<\/strong><\/h2>\n<div id=\"attachment_4391\" style=\"width: 1034px\" class=\"wp-caption aligncenter\"><img aria-describedby=\"caption-attachment-4391\" loading=\"lazy\" class=\"wp-image-4391 size-large\" src=\"https:\/\/www.lyons-andelle-tourisme.com\/wp-content\/uploads\/2021\/01\/abbaye-de-fontaine-guerard-Radepont-\u00a9ML-Vittori-Lyons-Andelle-Tourisme-1-1024x576.jpg\" alt=\"abbaye de fontaine-gu\u00e9rard Radepont \u00a9ML Vittori Lyons Andelle Tourisme\" width=\"1024\" height=\"576\" srcset=\"https:\/\/www.lyons-andelle-tourisme.com\/wp-content\/uploads\/2021\/01\/abbaye-de-fontaine-guerard-Radepont-\u00a9ML-Vittori-Lyons-Andelle-Tourisme-1-1024x576.jpg 1024w, https:\/\/www.lyons-andelle-tourisme.com\/wp-content\/uploads\/2021\/01\/abbaye-de-fontaine-guerard-Radepont-\u00a9ML-Vittori-Lyons-Andelle-Tourisme-1-300x169.jpg 300w, https:\/\/www.lyons-andelle-tourisme.com\/wp-content\/uploads\/2021\/01\/abbaye-de-fontaine-guerard-Radepont-\u00a9ML-Vittori-Lyons-Andelle-Tourisme-1-768x432.jpg 768w, https:\/\/www.lyons-andelle-tourisme.com\/wp-content\/uploads\/2021\/01\/abbaye-de-fontaine-guerard-Radepont-\u00a9ML-Vittori-Lyons-Andelle-Tourisme-1-1536x864.jpg 1536w, https:\/\/www.lyons-andelle-tourisme.com\/wp-content\/uploads\/2021\/01\/abbaye-de-fontaine-guerard-Radepont-\u00a9ML-Vittori-Lyons-Andelle-Tourisme-1-2048x1152.jpg 2048w\" sizes=\"(max-width: 1024px) 100vw, 1024px\" \/><p id=\"caption-attachment-4391\" class=\"wp-caption-text\">L&#8217;Andelle and the abbey Notre-Dame de Fontaine-Gu\u00e9rard<\/p><\/div>\n<h3>Lyons Andelle is the union of two essential natural resources<\/h3>\n<p><strong>Wood<\/strong> and <strong>water<\/strong> are everywhere around and invite you to reconnect with the elements and refocus on the essential.<\/p>\n<p>For a <strong>weekend<\/strong> or a stay in the <strong>countryside of Normandy<\/strong>, for two, with friends or family, take a break: enjoy a <strong>natural environment<\/strong> to reconnect with nature on the banks of our rivers and oxygenate yourself in the <strong>largest forest in Normandy<\/strong>.<\/p>\n<\/p>\n            <div class=\"lien_fleche\">\n            <a href=\"https:\/\/www.lyons-andelle-tourisme.com\/en\/recharge\/enjoy-nature\/\">Enjoy nature<\/a>\n        <\/div>\n    <\/div>\n<div class=\"contenu\">\n\n\n\n\n\n<div style=\"height:39px\" aria-hidden=\"true\" class=\"wp-block-spacer\"><\/div>\n\n\n\n<p><\/p>\n<\/div><\/div>\n\n\n\n<h2><strong>Welcome to the largest beech forest in France !<\/strong><\/h2>\n\n\n\n<div class=\"wp-block-image\"><figure class=\"aligncenter size-large\"><img loading=\"lazy\" width=\"1024\" height=\"510\" src=\"https:\/\/www.lyons-andelle-tourisme.com\/wp-content\/uploads\/2020\/12\/\u00a9Alexandra-Malyck-via-Canva-2000x750-1-1024x510.png\" alt=\"\" class=\"wp-image-3099\" srcset=\"https:\/\/www.lyons-andelle-tourisme.com\/wp-content\/uploads\/2020\/12\/\u00a9Alexandra-Malyck-via-Canva-2000x750-1-1024x510.png 1024w, https:\/\/www.lyons-andelle-tourisme.com\/wp-content\/uploads\/2020\/12\/\u00a9Alexandra-Malyck-via-Canva-2000x750-1-300x149.png 300w, https:\/\/www.lyons-andelle-tourisme.com\/wp-content\/uploads\/2020\/12\/\u00a9Alexandra-Malyck-via-Canva-2000x750-1-768x383.png 768w, https:\/\/www.lyons-andelle-tourisme.com\/wp-content\/uploads\/2020\/12\/\u00a9Alexandra-Malyck-via-Canva-2000x750-1-1536x765.png 1536w, https:\/\/www.lyons-andelle-tourisme.com\/wp-content\/uploads\/2020\/12\/\u00a9Alexandra-Malyck-via-Canva-2000x750-1-2048x1020.png 2048w\" sizes=\"(max-width: 1024px) 100vw, 1024px\" \/><figcaption>\u00a9 Canva<\/figcaption><\/figure><\/div>\n\n\n\n<div style=\"height:23px\" aria-hidden=\"true\" class=\"wp-block-spacer\"><\/div>\n\n\n\n<h4>The 27\u00a0200 acres of the <a href=\"https:\/\/www.lyons-andelle-tourisme.com\/en\/discover-lyons-andelle\/lyons-la-foret\/\" class=\"ek-link\">Lyons state forest <\/a>are a real plant bulwark against stress and pollution.<\/h4>\n\n\n\n<div style=\"height:35px\" aria-hidden=\"true\" class=\"wp-block-spacer\"><\/div>\n\n\n\n<div class=\"wp-block-image\"><figure class=\"aligncenter size-large\"><img loading=\"lazy\" width=\"1024\" height=\"683\" src=\"https:\/\/www.lyons-andelle-tourisme.com\/wp-content\/uploads\/2020\/12\/Balade-a-velo-electrique-Foret-de-Lyons-\u00a9Max-Coquard-Bestjobers-Eure-Tourisme-1024x683.jpg\" alt=\"\u00a9Max Coquard, Bestjobers - Eure Tourisme\" class=\"wp-image-1993\" srcset=\"https:\/\/www.lyons-andelle-tourisme.com\/wp-content\/uploads\/2020\/12\/Balade-a-velo-electrique-Foret-de-Lyons-\u00a9Max-Coquard-Bestjobers-Eure-Tourisme-1024x683.jpg 1024w, https:\/\/www.lyons-andelle-tourisme.com\/wp-content\/uploads\/2020\/12\/Balade-a-velo-electrique-Foret-de-Lyons-\u00a9Max-Coquard-Bestjobers-Eure-Tourisme-300x200.jpg 300w, https:\/\/www.lyons-andelle-tourisme.com\/wp-content\/uploads\/2020\/12\/Balade-a-velo-electrique-Foret-de-Lyons-\u00a9Max-Coquard-Bestjobers-Eure-Tourisme-768x512.jpg 768w, https:\/\/www.lyons-andelle-tourisme.com\/wp-content\/uploads\/2020\/12\/Balade-a-velo-electrique-Foret-de-Lyons-\u00a9Max-Coquard-Bestjobers-Eure-Tourisme-800x534.jpg 800w, https:\/\/www.lyons-andelle-tourisme.com\/wp-content\/uploads\/2020\/12\/Balade-a-velo-electrique-Foret-de-Lyons-\u00a9Max-Coquard-Bestjobers-Eure-Tourisme.jpg 1500w\" sizes=\"(max-width: 1024px) 100vw, 1024px\" \/><\/figure><\/div>\n\n\n\n<p><strong>On foot, by bike or on horseback, <\/strong>find a feeling of <strong>freedom <\/strong>and <strong>well-being <\/strong>under the protection of the majestic trees of the largest beech forest in France.<\/p>\n\n\n\n<p>Long forest paths crossed by winding tracks and <strong>hundreds of kilometers of marked trails <\/strong>are available for long hikes. The relief of this forest is a delight for mountain biking, horse riding or walking.<\/p>\n\n\n\n<div class=\"wp-block-image\"><figure class=\"aligncenter size-large\"><img loading=\"lazy\" width=\"1024\" height=\"714\" src=\"https:\/\/www.lyons-andelle-tourisme.com\/wp-content\/uploads\/2020\/12\/Foret-de-Lyons_Jacinthes-\u00a9M-Mortecrette-Lyons-Andelle-Tourisme-1024x714.jpg\" alt=\"\u00a9M Mortecrette Lyons Andelle Tourisme\" class=\"wp-image-2013\" srcset=\"https:\/\/www.lyons-andelle-tourisme.com\/wp-content\/uploads\/2020\/12\/Foret-de-Lyons_Jacinthes-\u00a9M-Mortecrette-Lyons-Andelle-Tourisme-1024x714.jpg 1024w, https:\/\/www.lyons-andelle-tourisme.com\/wp-content\/uploads\/2020\/12\/Foret-de-Lyons_Jacinthes-\u00a9M-Mortecrette-Lyons-Andelle-Tourisme-300x209.jpg 300w, https:\/\/www.lyons-andelle-tourisme.com\/wp-content\/uploads\/2020\/12\/Foret-de-Lyons_Jacinthes-\u00a9M-Mortecrette-Lyons-Andelle-Tourisme-768x536.jpg 768w, https:\/\/www.lyons-andelle-tourisme.com\/wp-content\/uploads\/2020\/12\/Foret-de-Lyons_Jacinthes-\u00a9M-Mortecrette-Lyons-Andelle-Tourisme.jpg 1500w\" sizes=\"(max-width: 1024px) 100vw, 1024px\" \/><\/figure><\/div>\n\n\n\n<p>Its changing colours throughout the seasons are a delight for <strong><a href=\"https:\/\/www.lyons-andelle-tourisme.com\/en\/recharge\/hiking\/\" class=\"ek-link\">hikers <\/a><\/strong>all year round. Lovers of ceps and other mushrooms as well as wild plants amateurs can pick up some tasty treats here.<\/p>\n\n\n\n<div style=\"height:30px\" aria-hidden=\"true\" class=\"wp-block-spacer\"><\/div>\n\n\n\n<div class=\"wp-block-group\"><div class=\"wp-block-group__inner-container\">\n<div class=\"wp-block-columns\">\n<div class=\"wp-block-column\" style=\"flex-basis:100%\">\n<h2><strong>ALONG OUR RIVERS<\/strong><\/h2>\n\n\n\n<div class=\"wp-block-image\"><figure class=\"alignleft size-large\"><img loading=\"lazy\" width=\"1024\" height=\"768\" src=\"https:\/\/www.lyons-andelle-tourisme.com\/wp-content\/uploads\/2020\/12\/Authentik-Aventure-kayak-4\u00a9Authentik-Aventure-2017-1024x768.jpg\" alt=\"\u00a9 Authentik Aventure 2017\" class=\"wp-image-1990\" srcset=\"https:\/\/www.lyons-andelle-tourisme.com\/wp-content\/uploads\/2020\/12\/Authentik-Aventure-kayak-4\u00a9Authentik-Aventure-2017-1024x768.jpg 1024w, https:\/\/www.lyons-andelle-tourisme.com\/wp-content\/uploads\/2020\/12\/Authentik-Aventure-kayak-4\u00a9Authentik-Aventure-2017-300x225.jpg 300w, https:\/\/www.lyons-andelle-tourisme.com\/wp-content\/uploads\/2020\/12\/Authentik-Aventure-kayak-4\u00a9Authentik-Aventure-2017-768x576.jpg 768w, https:\/\/www.lyons-andelle-tourisme.com\/wp-content\/uploads\/2020\/12\/Authentik-Aventure-kayak-4\u00a9Authentik-Aventure-2017.jpg 1500w\" sizes=\"(max-width: 1024px) 100vw, 1024px\" \/><figcaption>L&#8217;Andelle in a Kayak  \u00a9 Authentik Aventure<\/figcaption><\/figure><\/div>\n\n\n\n<div style=\"height:27px\" aria-hidden=\"true\" class=\"wp-block-spacer\"><\/div>\n\n\n\n<p>Nestled in their valleys, our small villages are scattered along our rivers, the Lieure and the <strong>Andelle<\/strong>, the <strong>trout river <\/strong>where Hemingway used to fish.<\/p>\n<\/div>\n<\/div>\n<\/div><\/div>\n\n\n\n<div style=\"height:18px\" aria-hidden=\"true\" class=\"wp-block-spacer\"><\/div>\n\n\n\n<figure class=\"wp-block-gallery columns-1 is-cropped\"><ul class=\"blocks-gallery-grid\"><li class=\"blocks-gallery-item\"><figure><img loading=\"lazy\" width=\"1024\" height=\"768\" src=\"https:\/\/www.lyons-andelle-tourisme.com\/wp-content\/uploads\/2020\/12\/ROSAY-SUR-LIEURE-MOULIN1\u00a9ML-VITTORI-OT-LYONS-ANDELLE-1024x768.jpg\" alt=\"\u00a9ML Vittori Lyons Andelle Tourisme\" data-id=\"2056\" data-full-url=\"https:\/\/www.lyons-andelle-tourisme.com\/wp-content\/uploads\/2020\/12\/ROSAY-SUR-LIEURE-MOULIN1\u00a9ML-VITTORI-OT-LYONS-ANDELLE.jpg\" data-link=\"https:\/\/www.lyons-andelle-tourisme.com\/rosay-sur-lieure-moulin1ml-vittori-ot-lyons-andelle\/\" class=\"wp-image-2056\" srcset=\"https:\/\/www.lyons-andelle-tourisme.com\/wp-content\/uploads\/2020\/12\/ROSAY-SUR-LIEURE-MOULIN1\u00a9ML-VITTORI-OT-LYONS-ANDELLE-1024x768.jpg 1024w, https:\/\/www.lyons-andelle-tourisme.com\/wp-content\/uploads\/2020\/12\/ROSAY-SUR-LIEURE-MOULIN1\u00a9ML-VITTORI-OT-LYONS-ANDELLE-300x225.jpg 300w, https:\/\/www.lyons-andelle-tourisme.com\/wp-content\/uploads\/2020\/12\/ROSAY-SUR-LIEURE-MOULIN1\u00a9ML-VITTORI-OT-LYONS-ANDELLE-768x576.jpg 768w, https:\/\/www.lyons-andelle-tourisme.com\/wp-content\/uploads\/2020\/12\/ROSAY-SUR-LIEURE-MOULIN1\u00a9ML-VITTORI-OT-LYONS-ANDELLE.jpg 1500w\" sizes=\"(max-width: 1024px) 100vw, 1024px\" \/><figcaption class=\"blocks-gallery-item__caption\">Old mill, Rosay-sur-Lieure <\/figcaption><\/figure><\/li><\/ul><\/figure>\n\n\n\n<p>The driving force of the <strong>Andelle <\/strong>has forged the history of its valley.<\/p>\n\n\n\n<p><strong><a href=\"https:\/\/www.lyons-andelle-tourisme.com\/en\/recharge\/hiking\/\" class=\"ek-link\">Hike in the Andelle valley<\/a><\/strong>, you will walk along its banks and come across old mills, factories and spinning mills that bear witness to its rich industrial past. Some of these sites are still in operation.<\/p>\n\n\n\n<div class=\"wp-block-image\"><figure class=\"alignleft size-large\"><img loading=\"lazy\" width=\"1024\" height=\"732\" src=\"https:\/\/www.lyons-andelle-tourisme.com\/wp-content\/uploads\/2020\/12\/Ancienne-filature-Levavasseur-\u00a9ML-Vittori-Lyons-Andelle-Tourisme-1024x732.jpg\" alt=\"\u00a9ML Vittori Lyons Andelle Tourisme\" class=\"wp-image-1986\" srcset=\"https:\/\/www.lyons-andelle-tourisme.com\/wp-content\/uploads\/2020\/12\/Ancienne-filature-Levavasseur-\u00a9ML-Vittori-Lyons-Andelle-Tourisme-1024x732.jpg 1024w, https:\/\/www.lyons-andelle-tourisme.com\/wp-content\/uploads\/2020\/12\/Ancienne-filature-Levavasseur-\u00a9ML-Vittori-Lyons-Andelle-Tourisme-300x214.jpg 300w, https:\/\/www.lyons-andelle-tourisme.com\/wp-content\/uploads\/2020\/12\/Ancienne-filature-Levavasseur-\u00a9ML-Vittori-Lyons-Andelle-Tourisme-768x549.jpg 768w, https:\/\/www.lyons-andelle-tourisme.com\/wp-content\/uploads\/2020\/12\/Ancienne-filature-Levavasseur-\u00a9ML-Vittori-Lyons-Andelle-Tourisme.jpg 1500w\" sizes=\"(max-width: 1024px) 100vw, 1024px\" \/><figcaption>Former spinning mill Levavasseur<\/figcaption><\/figure><\/div>\n\n\n\n<div style=\"height:28px\" aria-hidden=\"true\" class=\"wp-block-spacer\"><\/div>\n\n\n\n<p>Recharge your batteries with the invigorating force of the <strong>Andelle <\/strong>River during a <strong>fishing trip <\/strong>or by measuring the strength of its current in a <strong>kayak<\/strong>.<\/p>\n\n\n\n<figure class=\"wp-block-image size-moyenne\"><img loading=\"lazy\" width=\"800\" height=\"534\" src=\"https:\/\/www.lyons-andelle-tourisme.com\/wp-content\/uploads\/2021\/01\/PISCICULTURE-DE-L-ANDELLE-2\u00a9ELINA-ORFANOUDAKI-800x534.jpg\" alt=\"\" class=\"wp-image-4470\"\/><figcaption>Fish farm of the Andelle, Perruel<\/figcaption><\/figure>\n\n\n\n<div style=\"height:18px\" aria-hidden=\"true\" class=\"wp-block-spacer\"><\/div>\n\n\n\n<p>Before joining the <strong>Seine <\/strong>in the loop of Poses, <strong>the Andelle valley <\/strong>offers steep slopes. Climb or walk up from Romilly-sur-Andelle to the <strong>C\u00f4te des Deux Amants <\/strong>for a <strong>magnificent view of the <\/strong>loops of the Seine and the valley.<\/p>\n\n\n\n<div class=\"wp-block-image\"><figure class=\"aligncenter size-large is-resized\"><img loading=\"lazy\" src=\"https:\/\/www.lyons-andelle-tourisme.com\/wp-content\/uploads\/2020\/12\/Escalade-\u00a9-Authentik-Aventure-1-1024x566.jpg\" alt=\"Escalade avec Authentik Aventure, Romilly-sur-Andelle\" class=\"wp-image-3586\" width=\"579\" height=\"319\" srcset=\"https:\/\/www.lyons-andelle-tourisme.com\/wp-content\/uploads\/2020\/12\/Escalade-\u00a9-Authentik-Aventure-1-1024x566.jpg 1024w, https:\/\/www.lyons-andelle-tourisme.com\/wp-content\/uploads\/2020\/12\/Escalade-\u00a9-Authentik-Aventure-1-300x166.jpg 300w, https:\/\/www.lyons-andelle-tourisme.com\/wp-content\/uploads\/2020\/12\/Escalade-\u00a9-Authentik-Aventure-1-768x425.jpg 768w, https:\/\/www.lyons-andelle-tourisme.com\/wp-content\/uploads\/2020\/12\/Escalade-\u00a9-Authentik-Aventure-1-1536x850.jpg 1536w, https:\/\/www.lyons-andelle-tourisme.com\/wp-content\/uploads\/2020\/12\/Escalade-\u00a9-Authentik-Aventure-1-2048x1133.jpg 2048w\" sizes=\"(max-width: 579px) 100vw, 579px\" \/><figcaption>Climbing on the cliffs of the loops of the Seine \u00a9 Authentik Aventure<\/figcaption><\/figure><\/div>\n","protected":false},"excerpt":{"rendered":"<p>Welcome to the largest beech forest in France ! The 27\u00a0200 acres of the Lyons state forest are a real plant bulwark against stress and pollution. On foot, by bike or on horseback, find a feeling of freedom and well-being under the protection of the majestic trees of the largest beech forest in France. Long [&hellip;]<\/p>\n","protected":false},"author":1,"featured_media":13647,"parent":125183,"menu_order":4,"comment_status":"closed","ping_status":"closed","template":"page-degrade.php","meta":{"_editorskit_title_hidden":false,"_editorskit_reading_time":2,"_editorskit_typography_data":[],"_editorskit_blocks_typography":""},"yoast_head":"<!-- This site is optimized with the Yoast SEO plugin v17.2 - https:\/\/yoast.com\/wordpress\/plugins\/seo\/ -->\n<title>Green escape - Lyons Andelle Tourisme<\/title>\n<meta name=\"robots\" content=\"index, follow, max-snippet:-1, max-image-preview:large, max-video-preview:-1\" \/>\n<link rel=\"canonical\" href=\"https:\/\/www.lyons-andelle-tourisme.com\/en\/discover-lyons-andelle__trashed\/green-escape\/\" \/>\n<meta property=\"og:locale\" content=\"en_US\" \/>\n<meta property=\"og:type\" content=\"article\" \/>\n<meta property=\"og:title\" content=\"Green escape - Lyons Andelle Tourisme\" \/>\n<meta property=\"og:description\" content=\"Welcome to the largest beech forest in France ! The 27\u00a0200 acres of the Lyons state forest are a real plant bulwark against stress and pollution. On foot, by bike or on horseback, find a feeling of freedom and well-being under the protection of the majestic trees of the largest beech forest in France. Long [&hellip;]\" \/>\n<meta property=\"og:url\" content=\"https:\/\/www.lyons-andelle-tourisme.com\/en\/discover-lyons-andelle__trashed\/green-escape\/\" \/>\n<meta property=\"og:site_name\" content=\"Lyons Andelle Tourisme\" \/>\n<meta property=\"article:modified_time\" content=\"2021-11-16T16:06:28+00:00\" \/>\n<meta property=\"og:image\" content=\"https:\/\/www.lyons-andelle-tourisme.com\/wp-content\/uploads\/2020\/12\/HEADER-PROFITER-DE-LA-NATURE-BALADE-EN-FORET-DE-LYONS-\u00a9ML-VITTORI-e1609862788519.jpg\" \/>\n\t<meta property=\"og:image:width\" content=\"2500\" \/>\n\t<meta property=\"og:image:height\" content=\"750\" \/>\n<meta name=\"twitter:card\" content=\"summary_large_image\" \/>\n<meta name=\"twitter:label1\" content=\"Est. reading time\" \/>\n\t<meta name=\"twitter:data1\" content=\"3 minutes\" \/>\n<script type=\"application\/ld+json\" class=\"yoast-schema-graph\">{\"@context\":\"https:\/\/schema.org\",\"@graph\":[{\"@type\":\"WebSite\",\"@id\":\"https:\/\/www.lyons-andelle-tourisme.com\/#website\",\"url\":\"https:\/\/www.lyons-andelle-tourisme.com\/\",\"name\":\"Lyons Andelle Tourisme\",\"description\":\"L&#039;\\u00e9chapp\\u00e9e Belle Normande \\u00e0 1h30 de Paris\",\"potentialAction\":[{\"@type\":\"SearchAction\",\"target\":{\"@type\":\"EntryPoint\",\"urlTemplate\":\"https:\/\/www.lyons-andelle-tourisme.com\/?s={search_term_string}\"},\"query-input\":\"required name=search_term_string\"}],\"inLanguage\":\"en-US\"},{\"@type\":\"ImageObject\",\"@id\":\"https:\/\/www.lyons-andelle-tourisme.com\/en\/discover-lyons-andelle__trashed\/green-escape\/#primaryimage\",\"inLanguage\":\"en-US\",\"url\":\"https:\/\/www.lyons-andelle-tourisme.com\/wp-content\/uploads\/2020\/12\/HEADER-PROFITER-DE-LA-NATURE-BALADE-EN-FORET-DE-LYONS-\\u00a9ML-VITTORI-e1609862788519.jpg\",\"contentUrl\":\"https:\/\/www.lyons-andelle-tourisme.com\/wp-content\/uploads\/2020\/12\/HEADER-PROFITER-DE-LA-NATURE-BALADE-EN-FORET-DE-LYONS-\\u00a9ML-VITTORI-e1609862788519.jpg\",\"width\":2500,\"height\":750,\"caption\":\"Escapade nature en for\\u00eat de Lyons\"},{\"@type\":\"WebPage\",\"@id\":\"https:\/\/www.lyons-andelle-tourisme.com\/en\/discover-lyons-andelle__trashed\/green-escape\/#webpage\",\"url\":\"https:\/\/www.lyons-andelle-tourisme.com\/en\/discover-lyons-andelle__trashed\/green-escape\/\",\"name\":\"Green escape - Lyons Andelle Tourisme\",\"isPartOf\":{\"@id\":\"https:\/\/www.lyons-andelle-tourisme.com\/#website\"},\"primaryImageOfPage\":{\"@id\":\"https:\/\/www.lyons-andelle-tourisme.com\/en\/discover-lyons-andelle__trashed\/green-escape\/#primaryimage\"},\"datePublished\":\"2021-09-27T10:03:48+00:00\",\"dateModified\":\"2021-11-16T16:06:28+00:00\",\"breadcrumb\":{\"@id\":\"https:\/\/www.lyons-andelle-tourisme.com\/en\/discover-lyons-andelle__trashed\/green-escape\/#breadcrumb\"},\"inLanguage\":\"en-US\",\"potentialAction\":[{\"@type\":\"ReadAction\",\"target\":[\"https:\/\/www.lyons-andelle-tourisme.com\/en\/discover-lyons-andelle__trashed\/green-escape\/\"]}]},{\"@type\":\"BreadcrumbList\",\"@id\":\"https:\/\/www.lyons-andelle-tourisme.com\/en\/discover-lyons-andelle__trashed\/green-escape\/#breadcrumb\",\"itemListElement\":[{\"@type\":\"ListItem\",\"position\":1,\"name\":\"Green escape\"}]}]}<\/script>\n<!-- \/ Yoast SEO plugin. -->","yoast_head_json":{"title":"Green escape - Lyons Andelle Tourisme","robots":{"index":"index","follow":"follow","max-snippet":"max-snippet:-1","max-image-preview":"max-image-preview:large","max-video-preview":"max-video-preview:-1"},"canonical":"https:\/\/www.lyons-andelle-tourisme.com\/en\/discover-lyons-andelle__trashed\/green-escape\/","og_locale":"en_US","og_type":"article","og_title":"Green escape - Lyons Andelle Tourisme","og_description":"Welcome to the largest beech forest in France ! The 27\u00a0200 acres of the Lyons state forest are a real plant bulwark against stress and pollution. On foot, by bike or on horseback, find a feeling of freedom and well-being under the protection of the majestic trees of the largest beech forest in France. Long [&hellip;]","og_url":"https:\/\/www.lyons-andelle-tourisme.com\/en\/discover-lyons-andelle__trashed\/green-escape\/","og_site_name":"Lyons Andelle Tourisme","article_modified_time":"2021-11-16T16:06:28+00:00","og_image":[{"width":2500,"height":750,"url":"https:\/\/www.lyons-andelle-tourisme.com\/wp-content\/uploads\/2020\/12\/HEADER-PROFITER-DE-LA-NATURE-BALADE-EN-FORET-DE-LYONS-\u00a9ML-VITTORI-e1609862788519.jpg","path":"\/var\/www\/lyons-andelle-tourisme.com\/html\/wp-content\/uploads\/2020\/12\/HEADER-PROFITER-DE-LA-NATURE-BALADE-EN-FORET-DE-LYONS-\u00a9ML-VITTORI-e1609862788519.jpg","size":"full","id":13647,"alt":"","pixels":1875000,"type":"image\/jpeg"}],"twitter_card":"summary_large_image","twitter_misc":{"Est. reading time":"3 minutes"},"schema":{"@context":"https:\/\/schema.org","@graph":[{"@type":"WebSite","@id":"https:\/\/www.lyons-andelle-tourisme.com\/#website","url":"https:\/\/www.lyons-andelle-tourisme.com\/","name":"Lyons Andelle Tourisme","description":"L&#039;\u00e9chapp\u00e9e Belle Normande \u00e0 1h30 de Paris","potentialAction":[{"@type":"SearchAction","target":{"@type":"EntryPoint","urlTemplate":"https:\/\/www.lyons-andelle-tourisme.com\/?s={search_term_string}"},"query-input":"required name=search_term_string"}],"inLanguage":"en-US"},{"@type":"ImageObject","@id":"https:\/\/www.lyons-andelle-tourisme.com\/en\/discover-lyons-andelle__trashed\/green-escape\/#primaryimage","inLanguage":"en-US","url":"https:\/\/www.lyons-andelle-tourisme.com\/wp-content\/uploads\/2020\/12\/HEADER-PROFITER-DE-LA-NATURE-BALADE-EN-FORET-DE-LYONS-\u00a9ML-VITTORI-e1609862788519.jpg","contentUrl":"https:\/\/www.lyons-andelle-tourisme.com\/wp-content\/uploads\/2020\/12\/HEADER-PROFITER-DE-LA-NATURE-BALADE-EN-FORET-DE-LYONS-\u00a9ML-VITTORI-e1609862788519.jpg","width":2500,"height":750,"caption":"Escapade nature en for\u00eat de Lyons"},{"@type":"WebPage","@id":"https:\/\/www.lyons-andelle-tourisme.com\/en\/discover-lyons-andelle__trashed\/green-escape\/#webpage","url":"https:\/\/www.lyons-andelle-tourisme.com\/en\/discover-lyons-andelle__trashed\/green-escape\/","name":"Green escape - Lyons Andelle Tourisme","isPartOf":{"@id":"https:\/\/www.lyons-andelle-tourisme.com\/#website"},"primaryImageOfPage":{"@id":"https:\/\/www.lyons-andelle-tourisme.com\/en\/discover-lyons-andelle__trashed\/green-escape\/#primaryimage"},"datePublished":"2021-09-27T10:03:48+00:00","dateModified":"2021-11-16T16:06:28+00:00","breadcrumb":{"@id":"https:\/\/www.lyons-andelle-tourisme.com\/en\/discover-lyons-andelle__trashed\/green-escape\/#breadcrumb"},"inLanguage":"en-US","potentialAction":[{"@type":"ReadAction","target":["https:\/\/www.lyons-andelle-tourisme.com\/en\/discover-lyons-andelle__trashed\/green-escape\/"]}]},{"@type":"BreadcrumbList","@id":"https:\/\/www.lyons-andelle-tourisme.com\/en\/discover-lyons-andelle__trashed\/green-escape\/#breadcrumb","itemListElement":[{"@type":"ListItem","position":1,"name":"Green escape"}]}]}},"_links":{"self":[{"href":"https:\/\/www.lyons-andelle-tourisme.com\/en\/wp-json\/wp\/v2\/pages\/11390"}],"collection":[{"href":"https:\/\/www.lyons-andelle-tourisme.com\/en\/wp-json\/wp\/v2\/pages"}],"about":[{"href":"https:\/\/www.lyons-andelle-tourisme.com\/en\/wp-json\/wp\/v2\/types\/page"}],"author":[{"embeddable":true,"href":"https:\/\/www.lyons-andelle-tourisme.com\/en\/wp-json\/wp\/v2\/users\/1"}],"replies":[{"embeddable":true,"href":"https:\/\/www.lyons-andelle-tourisme.com\/en\/wp-json\/wp\/v2\/comments?post=11390"}],"version-history":[{"count":10,"href":"https:\/\/www.lyons-andelle-tourisme.com\/en\/wp-json\/wp\/v2\/pages\/11390\/revisions"}],"predecessor-version":[{"id":15669,"href":"https:\/\/www.lyons-andelle-tourisme.com\/en\/wp-json\/wp\/v2\/pages\/11390\/revisions\/15669"}],"up":[{"embeddable":true,"href":"https:\/\/www.lyons-andelle-tourisme.com\/en\/wp-json\/wp\/v2\/pages\/125183"}],"wp:featuredmedia":[{"embeddable":true,"href":"https:\/\/www.lyons-andelle-tourisme.com\/en\/wp-json\/wp\/v2\/media\/13647"}],"wp:attachment":[{"href":"https:\/\/www.lyons-andelle-tourisme.com\/en\/wp-json\/wp\/v2\/media?parent=11390"}],"curies":[{"name":"wp","href":"https:\/\/api.w.org\/{rel}","templated":true}]}}