{"id":11394,"date":"2021-09-27T12:04:34","date_gmt":"2021-09-27T10:04:34","guid":{"rendered":"https:\/\/www.lyons-andelle-tourisme.com\/?page_id=11394"},"modified":"2022-09-12T10:34:51","modified_gmt":"2022-09-12T08:34:51","slug":"stay","status":"publish","type":"page","link":"https:\/\/www.lyons-andelle-tourisme.com\/en\/stay\/","title":{"rendered":"Stay"},"content":{"rendered":"\n<p>For a night, a <strong>weekend <\/strong>or a holiday, with your <strong>family<\/strong>, your <strong>lover <\/strong>or <strong>friends<\/strong>, choose the <a href=\"https:\/\/www.lyons-andelle-tourisme.com\/en\/categorie\/housing\/\" class=\"ek-link\">accommodation <\/a>where you can relax in the heart of an <strong>authentic area in Normandy<\/strong>.<\/p>\n\n\n\n<p>Find in a <strong>charming cocoon <\/strong>for two in a guest room. Enjoy a large cottage with your friends. You may also appreciate a family-run <strong>hotel-restaurant <\/strong>to a 4-star hotel with a <strong>spa <\/strong>or look for a good spot for your <strong>motorhome<\/strong>. Let us guide to help you find the right place for you to enjoy our region !<\/p>\n\n\n\n<p>Choose the <strong><a href=\"https:\/\/www.lyons-andelle-tourisme.com\/en\/categorie\/to-visit\/\" class=\"ek-link\">visits<\/a><\/strong>, <strong>activities <\/strong>and <strong>good addresses <\/strong>that will make a difference for your stay. In Lyons Andelle you will find all the <strong>ingredients to savour the art of living in Normandy<\/strong>.<\/p>\n\n\n\n<p>You can also find out about <strong>outings<\/strong>, exhibitions and events that will enhance your stay by consulting our events <strong><a href=\"https:\/\/www.lyons-andelle-tourisme.com\/en\/stay\/agenda\/\" class=\"ek-link\">calendar<\/a><\/strong>.<\/p>\n\n\n\n<p>Complete the organization of your trip with our <strong><a href=\"https:\/\/www.lyons-andelle-tourisme.com\/en\/stay\/all-our-brochures\/\" class=\"ek-link\">documentation <\/a><\/strong>and <strong><a href=\"https:\/\/www.lyons-andelle-tourisme.com\/en\/recharge\/hiking\/\" class=\"ek-link\">hiking itineraries <\/a><\/strong>available for download, as well as practical information to help you make the most of your stay.<\/p>\n\n\n\n<p>Do you have a question? <strong>Do you need personal advice<\/strong>? Please contact us !<\/p>\n\n\n\n<p>For <strong>group excursions<\/strong>, consult our &#8220;<strong>turn-key<\/strong>&#8221; formulas on our group space and contact us to customize your stay.<\/p>\n\n\n\n<\/div>\n<div class=\"bloc_2colonnes\">\n\t<div class=\"left\">\n\t\t\t\t\t<div class=\"desc\">\n\t\t\t\t<p>Plan your trip in Normandy by selecting accommodation, restaurants, visits, leisure activities for a weekend or a relaxing holiday in Normandy, just 1.5 hours from Paris.<\/p>\n\t\t\t\t\t\t\t\t<\/div>\n\t\t\t\t\n\t<\/div>\n\t<div class=\"right\">\n\t\t\t\t\t<div class=\"lien\">\n\t\t\t\t<a href=\"https:\/\/www.lyons-andelle-tourisme.com\/en\/categorie\/to-visit\/\"><img src=\"https:\/\/www.lyons-andelle-tourisme.com\/wp-content\/uploads\/2022\/06\/abbaye-de-Fontaine-Guerard-guide2018-abbaye-ND-de-Fontaine-Guerard-2-79-200x200.jpg\">Visit<\/a>\t\t\t\n\t\t\t<\/div>\n\t\t\t\t\t\t\t<div class=\"lien\">\n\t\t\t\t<a href=\"https:\/\/www.lyons-andelle-tourisme.com\/en\/categorie\/leisure-and-activities\/\"><img src=\"https:\/\/www.lyons-andelle-tourisme.com\/wp-content\/uploads\/2020\/12\/Escalade-\u00a9-Authentik-Aventure-1-200x200.jpg\">Activities<\/a>\t\t\t\n\t\t\t<\/div>\n\t\t\t\t\t\t\t<div class=\"lien\">\n\t\t\t\t<a href=\"https:\/\/www.lyons-andelle-tourisme.com\/en\/categorie\/housing\/\"><img src=\"https:\/\/www.lyons-andelle-tourisme.com\/wp-content\/uploads\/2022\/06\/Chambre-dhotes-Les-Herbes-Folles-Les-Hogues-\u00a9-Deroissart-200x200.jpg\">Hosting<\/a>\t\t\t\n\t\t\t<\/div>\n\t\t\n\t\t\t\t\t<div class=\"lien\" style=\" \t\t\t\tmargin: 100px auto 0 auto;\n\t\t\t \">\n\t\t\t\t<a href=\"https:\/\/www.lyons-andelle-tourisme.com\/en\/stay\/shopping\/\"><img src=\"https:\/\/www.lyons-andelle-tourisme.com\/wp-content\/uploads\/2021\/07\/lempreinte-deco-vitrine-mars20-web\u00a9ML-Vittori-edited-2-200x200.jpg\">Shopping<\/a>\t\t\t<\/div>\n\t\t\n\t\t\t\t\t<div class=\"lien\" style=\" \t\t\t\tmargin: 100px auto 0 auto;\n\t\t\t \">\n\t\t\t\t<a href=\"https:\/\/www.lyons-andelle-tourisme.com\/en\/recharge\/hiking\/\"><img src=\"https:\/\/www.lyons-andelle-tourisme.com\/wp-content\/uploads\/2020\/12\/Randonnee-pedestre-\u00a9-Xalanx-via-Canva-200x200.jpg\">Hiking routes<\/a>\t\t\t<\/div>\n\t\t\n\n\t\t\n\n\n\t<\/div>\n\t\n<\/div>\n<div class=\"contenu\">\n\n\n\n","protected":false},"excerpt":{"rendered":"<p>For a night, a weekend or a holiday, with your family, your lover or friends, choose the accommodation where you can relax in the heart of an authentic area in Normandy. Find in a charming cocoon for two in a guest room. Enjoy a large cottage with your friends. You may also appreciate a family-run [&hellip;]<\/p>\n","protected":false},"author":1,"featured_media":0,"parent":0,"menu_order":11,"comment_status":"closed","ping_status":"closed","template":"","meta":{"_editorskit_title_hidden":false,"_editorskit_reading_time":1,"_editorskit_typography_data":[],"_editorskit_blocks_typography":""},"yoast_head":"<!-- This site is optimized with the Yoast SEO plugin v17.2 - https:\/\/yoast.com\/wordpress\/plugins\/seo\/ -->\n<title>Stay - Lyons Andelle Tourisme<\/title>\n<meta name=\"robots\" content=\"index, follow, max-snippet:-1, max-image-preview:large, max-video-preview:-1\" \/>\n<link rel=\"canonical\" href=\"https:\/\/www.lyons-andelle-tourisme.com\/en\/stay\/\" \/>\n<meta property=\"og:locale\" content=\"en_US\" \/>\n<meta property=\"og:type\" content=\"article\" \/>\n<meta property=\"og:title\" content=\"Stay - Lyons Andelle Tourisme\" \/>\n<meta property=\"og:description\" content=\"For a night, a weekend or a holiday, with your family, your lover or friends, choose the accommodation where you can relax in the heart of an authentic area in Normandy. Find in a charming cocoon for two in a guest room. Enjoy a large cottage with your friends. You may also appreciate a family-run [&hellip;]\" \/>\n<meta property=\"og:url\" content=\"https:\/\/www.lyons-andelle-tourisme.com\/en\/stay\/\" \/>\n<meta property=\"og:site_name\" content=\"Lyons Andelle Tourisme\" \/>\n<meta property=\"article:modified_time\" content=\"2022-09-12T08:34:51+00:00\" \/>\n<meta name=\"twitter:card\" content=\"summary_large_image\" \/>\n<meta name=\"twitter:label1\" content=\"Est. reading time\" \/>\n\t<meta name=\"twitter:data1\" content=\"1 minute\" \/>\n<script type=\"application\/ld+json\" class=\"yoast-schema-graph\">{\"@context\":\"https:\/\/schema.org\",\"@graph\":[{\"@type\":\"WebSite\",\"@id\":\"https:\/\/www.lyons-andelle-tourisme.com\/#website\",\"url\":\"https:\/\/www.lyons-andelle-tourisme.com\/\",\"name\":\"Lyons Andelle Tourisme\",\"description\":\"L&#039;\\u00e9chapp\\u00e9e Belle Normande \\u00e0 1h30 de Paris\",\"potentialAction\":[{\"@type\":\"SearchAction\",\"target\":{\"@type\":\"EntryPoint\",\"urlTemplate\":\"https:\/\/www.lyons-andelle-tourisme.com\/?s={search_term_string}\"},\"query-input\":\"required name=search_term_string\"}],\"inLanguage\":\"en-US\"},{\"@type\":\"WebPage\",\"@id\":\"https:\/\/www.lyons-andelle-tourisme.com\/en\/stay\/#webpage\",\"url\":\"https:\/\/www.lyons-andelle-tourisme.com\/en\/stay\/\",\"name\":\"Stay - Lyons Andelle Tourisme\",\"isPartOf\":{\"@id\":\"https:\/\/www.lyons-andelle-tourisme.com\/#website\"},\"datePublished\":\"2021-09-27T10:04:34+00:00\",\"dateModified\":\"2022-09-12T08:34:51+00:00\",\"breadcrumb\":{\"@id\":\"https:\/\/www.lyons-andelle-tourisme.com\/en\/stay\/#breadcrumb\"},\"inLanguage\":\"en-US\",\"potentialAction\":[{\"@type\":\"ReadAction\",\"target\":[\"https:\/\/www.lyons-andelle-tourisme.com\/en\/stay\/\"]}]},{\"@type\":\"BreadcrumbList\",\"@id\":\"https:\/\/www.lyons-andelle-tourisme.com\/en\/stay\/#breadcrumb\",\"itemListElement\":[{\"@type\":\"ListItem\",\"position\":1,\"name\":\"Stay\"}]}]}<\/script>\n<!-- \/ Yoast SEO plugin. -->","yoast_head_json":{"title":"Stay - Lyons Andelle Tourisme","robots":{"index":"index","follow":"follow","max-snippet":"max-snippet:-1","max-image-preview":"max-image-preview:large","max-video-preview":"max-video-preview:-1"},"canonical":"https:\/\/www.lyons-andelle-tourisme.com\/en\/stay\/","og_locale":"en_US","og_type":"article","og_title":"Stay - Lyons Andelle Tourisme","og_description":"For a night, a weekend or a holiday, with your family, your lover or friends, choose the accommodation where you can relax in the heart of an authentic area in Normandy. Find in a charming cocoon for two in a guest room. Enjoy a large cottage with your friends. You may also appreciate a family-run [&hellip;]","og_url":"https:\/\/www.lyons-andelle-tourisme.com\/en\/stay\/","og_site_name":"Lyons Andelle Tourisme","article_modified_time":"2022-09-12T08:34:51+00:00","twitter_card":"summary_large_image","twitter_misc":{"Est. reading time":"1 minute"},"schema":{"@context":"https:\/\/schema.org","@graph":[{"@type":"WebSite","@id":"https:\/\/www.lyons-andelle-tourisme.com\/#website","url":"https:\/\/www.lyons-andelle-tourisme.com\/","name":"Lyons Andelle Tourisme","description":"L&#039;\u00e9chapp\u00e9e Belle Normande \u00e0 1h30 de Paris","potentialAction":[{"@type":"SearchAction","target":{"@type":"EntryPoint","urlTemplate":"https:\/\/www.lyons-andelle-tourisme.com\/?s={search_term_string}"},"query-input":"required name=search_term_string"}],"inLanguage":"en-US"},{"@type":"WebPage","@id":"https:\/\/www.lyons-andelle-tourisme.com\/en\/stay\/#webpage","url":"https:\/\/www.lyons-andelle-tourisme.com\/en\/stay\/","name":"Stay - Lyons Andelle Tourisme","isPartOf":{"@id":"https:\/\/www.lyons-andelle-tourisme.com\/#website"},"datePublished":"2021-09-27T10:04:34+00:00","dateModified":"2022-09-12T08:34:51+00:00","breadcrumb":{"@id":"https:\/\/www.lyons-andelle-tourisme.com\/en\/stay\/#breadcrumb"},"inLanguage":"en-US","potentialAction":[{"@type":"ReadAction","target":["https:\/\/www.lyons-andelle-tourisme.com\/en\/stay\/"]}]},{"@type":"BreadcrumbList","@id":"https:\/\/www.lyons-andelle-tourisme.com\/en\/stay\/#breadcrumb","itemListElement":[{"@type":"ListItem","position":1,"name":"Stay"}]}]}},"_links":{"self":[{"href":"https:\/\/www.lyons-andelle-tourisme.com\/en\/wp-json\/wp\/v2\/pages\/11394"}],"collection":[{"href":"https:\/\/www.lyons-andelle-tourisme.com\/en\/wp-json\/wp\/v2\/pages"}],"about":[{"href":"https:\/\/www.lyons-andelle-tourisme.com\/en\/wp-json\/wp\/v2\/types\/page"}],"author":[{"embeddable":true,"href":"https:\/\/www.lyons-andelle-tourisme.com\/en\/wp-json\/wp\/v2\/users\/1"}],"replies":[{"embeddable":true,"href":"https:\/\/www.lyons-andelle-tourisme.com\/en\/wp-json\/wp\/v2\/comments?post=11394"}],"version-history":[{"count":18,"href":"https:\/\/www.lyons-andelle-tourisme.com\/en\/wp-json\/wp\/v2\/pages\/11394\/revisions"}],"predecessor-version":[{"id":125160,"href":"https:\/\/www.lyons-andelle-tourisme.com\/en\/wp-json\/wp\/v2\/pages\/11394\/revisions\/125160"}],"wp:attachment":[{"href":"https:\/\/www.lyons-andelle-tourisme.com\/en\/wp-json\/wp\/v2\/media?parent=11394"}],"curies":[{"name":"wp","href":"https:\/\/api.w.org\/{rel}","templated":true}]}}