{"id":11398,"date":"2021-09-27T12:05:53","date_gmt":"2021-09-27T10:05:53","guid":{"rendered":"https:\/\/www.lyons-andelle-tourisme.com\/?page_id=11398"},"modified":"2021-12-17T11:58:36","modified_gmt":"2021-12-17T10:58:36","slug":"lyons-la-foret","status":"publish","type":"page","link":"https:\/\/www.lyons-andelle-tourisme.com\/en\/discover-lyons-andelle\/lyons-la-foret\/","title":{"rendered":"Lyons-la-For\u00eat"},"content":{"rendered":"\n<h2>Visit Lyons-la-For\u00eat, ranked among the Most Beautiful Villages in France\u00ae.<\/h2>\n\n\n\n<div style=\"height:40px\" aria-hidden=\"true\" class=\"wp-block-spacer\"><\/div>\n\n\n\n<div style=\"height:100px\" aria-hidden=\"true\" class=\"wp-block-spacer\"><\/div>\n\n\n\n<p>This village has an undeniable character and a remarkable <strong><a href=\"https:\/\/www.lyons-andelle-tourisme.com\/en\/discover-lyons-andelle\/heritage-visits\/\" class=\"ek-link\">historical and natural heritage<\/a><\/strong>. <\/p>\n\n\n\n<p>Nestled in the heart of the <strong><a href=\"https:\/\/www.lyons-andelle-tourisme.com\/en\/discover-lyons-andelle\/green-escape\/the-national-forest-of-lyons\/\" class=\"ek-link\">Lyons national forest<\/a><\/strong>, 1h30 from Paris, Lyons-la-For\u00eat is a concentrate of Normandy.<\/p>\n\n\n\n<div style=\"height:40px\" aria-hidden=\"true\" class=\"wp-block-spacer\"><\/div>\n\n\n\n<div class=\"wp-block-media-text alignwide is-stacked-on-mobile is-image-fill\"><figure class=\"wp-block-media-text__media\" style=\"background-image:url(https:\/\/www.lyons-andelle-tourisme.com\/wp-content\/uploads\/2021\/06\/Balade-a-velo-electrique-Lyons-la-Foret-Max-Coquard-Bestjobers-Eure-Tourisme.jpg);background-position:71% 47%\"><img loading=\"lazy\" width=\"800\" height=\"533\" src=\"https:\/\/www.lyons-andelle-tourisme.com\/wp-content\/uploads\/2021\/06\/Balade-a-velo-electrique-Lyons-la-Foret-Max-Coquard-Bestjobers-Eure-Tourisme.jpg\" alt=\"\" class=\"wp-image-9680 size-full\" srcset=\"https:\/\/www.lyons-andelle-tourisme.com\/wp-content\/uploads\/2021\/06\/Balade-a-velo-electrique-Lyons-la-Foret-Max-Coquard-Bestjobers-Eure-Tourisme.jpg 800w, https:\/\/www.lyons-andelle-tourisme.com\/wp-content\/uploads\/2021\/06\/Balade-a-velo-electrique-Lyons-la-Foret-Max-Coquard-Bestjobers-Eure-Tourisme-300x200.jpg 300w, https:\/\/www.lyons-andelle-tourisme.com\/wp-content\/uploads\/2021\/06\/Balade-a-velo-electrique-Lyons-la-Foret-Max-Coquard-Bestjobers-Eure-Tourisme-768x512.jpg 768w\" sizes=\"(max-width: 800px) 100vw, 800px\" \/><\/figure><div class=\"wp-block-media-text__content\">\n<div style=\"height:40px\" aria-hidden=\"true\" class=\"wp-block-spacer\"><\/div>\n\n\n\n<h3><strong>Stroll through a postcard setting<\/strong><\/h3>\n\n\n\n<p>Fall under the spell of its <strong>flowery streets <\/strong>lined with <strong>half-timbered <\/strong>and <strong>brick houses<\/strong>, old convents and mills on the banks of the Lieure.<\/p>\n<\/div><\/div>\n\n\n\n<div style=\"height:100px\" aria-hidden=\"true\" class=\"wp-block-spacer\"><\/div>\n\n\n\n<h3><strong>Discover the unique history of this former royal city<\/strong><\/h3>\n\n\n\n<div class=\"wp-block-columns\">\n<div class=\"wp-block-column\" style=\"flex-basis:100%\">\n<p>Organized around the layout of a fortified castle built in the <strong>Middle Ages by Henry I of Beauclerc<\/strong>, only a few vestiges remain of this building, as it was dismantled at the end of the Hundred Years&#8217; War.<\/p>\n<\/div>\n<\/div>\n\n\n\n<p>Until the French Revolution, the <strong>Dukes of Normandy <\/strong>and the <strong>Kings of France<\/strong>, who were great hunting lovers, came to Lyons to enjoy its abounding in game royal forest.<\/p>\n\n\n\n<div class=\"wp-block-buttons\">\n<div class=\"wp-block-button\"><a class=\"wp-block-button__link has-white-color has-text-color has-background\" href=\"https:\/\/www.lyons-andelle-tourisme.com\/en\/lyons-la-foret-a-little-history\/\" style=\"background-color:#9c7f53\">Read more<\/a><\/div>\n<\/div>\n\n\n\n<div style=\"height:73px\" aria-hidden=\"true\" class=\"wp-block-spacer\"><\/div>\n\n\n\n<div class=\"wp-block-media-text is-stacked-on-mobile is-image-fill\" style=\"grid-template-columns:57% auto\"><figure class=\"wp-block-media-text__media\" style=\"background-image:url(https:\/\/www.lyons-andelle-tourisme.com\/wp-content\/uploads\/2020\/12\/Lyons-la-Foret-salle-de-Baillage\u00a9ML-Vittori-Lyons-Andelle-Tourisme-1024x768.jpg);background-position:50% 50%\"><img loading=\"lazy\" width=\"1024\" height=\"768\" src=\"https:\/\/www.lyons-andelle-tourisme.com\/wp-content\/uploads\/2020\/12\/Lyons-la-Foret-salle-de-Baillage\u00a9ML-Vittori-Lyons-Andelle-Tourisme-1024x768.jpg\" alt=\"Salle de bailliage de l'h\u00f4tel de ville, Lyons-la-For\u00eat\" class=\"wp-image-2030 size-full\" srcset=\"https:\/\/www.lyons-andelle-tourisme.com\/wp-content\/uploads\/2020\/12\/Lyons-la-Foret-salle-de-Baillage\u00a9ML-Vittori-Lyons-Andelle-Tourisme-1024x768.jpg 1024w, https:\/\/www.lyons-andelle-tourisme.com\/wp-content\/uploads\/2020\/12\/Lyons-la-Foret-salle-de-Baillage\u00a9ML-Vittori-Lyons-Andelle-Tourisme-300x225.jpg 300w, https:\/\/www.lyons-andelle-tourisme.com\/wp-content\/uploads\/2020\/12\/Lyons-la-Foret-salle-de-Baillage\u00a9ML-Vittori-Lyons-Andelle-Tourisme-768x576.jpg 768w, https:\/\/www.lyons-andelle-tourisme.com\/wp-content\/uploads\/2020\/12\/Lyons-la-Foret-salle-de-Baillage\u00a9ML-Vittori-Lyons-Andelle-Tourisme.jpg 1500w\" sizes=\"(max-width: 1024px) 100vw, 1024px\" \/><\/figure><div class=\"wp-block-media-text__content\">\n<div style=\"height:40px\" aria-hidden=\"true\" class=\"wp-block-spacer\"><\/div>\n\n\n\n<h3 class=\"has-text-align-left\"><strong>Push the door of the town hall<\/strong><\/h3>\n\n\n\n<p class=\"has-normal-font-size\">It houses a remarkable <strong>18th <a href=\"https:\/\/www.lyons-andelle-tourisme.com\/en\/sejour\/salle-de-bailliage-de-lhotel-de-ville-de-lyons-la-foret\/\" class=\"ek-link\">century courtroom<\/a><\/strong>, created under the aegis of the <strong>Duke of Penthi\u00e8vre<\/strong>, the last lord of Lyons.<\/p>\n<\/div><\/div>\n\n\n\n<div style=\"height:100px\" aria-hidden=\"true\" class=\"wp-block-spacer\"><\/div>\n\n\n\n<h3><strong>Walk in the footsteps of the artists who left their mark on Lyons.<\/strong><\/h3>\n\n\n\n<div style=\"height:30px\" aria-hidden=\"true\" class=\"wp-block-spacer\"><\/div>\n\n\n\n<div class=\"wp-block-columns\">\n<div class=\"wp-block-column\" style=\"flex-basis:50%\">\n<p>The house where <strong>Isaac Benserade<\/strong>, a poet at the court of Louis XIV and an academician, was born, faces the emblematic listed village covered market (15<sup>th<\/sup>-18<sup>th<\/sup> century).<\/p>\n\n\n\n<p>In the 20<sup>th<\/sup> century, artists such as <strong>Maurice Ravel<\/strong>, the painters Paul-Emile Pissaro and the surrealist <strong>Andr\u00e9 Masson<\/strong>, <strong>Jacques-Emile Ruhlmann<\/strong>, the decorator and designer of the Elys\u00e9e Palace and icon of the Art Deco style, made <strong>Lyons-la-For\u00eat <\/strong>a <strong>holiday destination<\/strong>.<\/p>\n<\/div>\n\n\n\n<div class=\"wp-block-column\" style=\"flex-basis:50%\">\n<figure class=\"wp-block-image size-large is-resized is-style-default\"><img loading=\"lazy\" src=\"https:\/\/www.lyons-andelle-tourisme.com\/wp-content\/uploads\/2020\/12\/Lyons_maison-Benserade\u00a9ML-Vittori-Lyons-Andelle-Tourisme-1024x683.jpg\" alt=\"\u00a9 ML Vittori Lyons Andelle Tourisme\" class=\"wp-image-2028\" width=\"444\" height=\"296\" srcset=\"https:\/\/www.lyons-andelle-tourisme.com\/wp-content\/uploads\/2020\/12\/Lyons_maison-Benserade\u00a9ML-Vittori-Lyons-Andelle-Tourisme-1024x683.jpg 1024w, https:\/\/www.lyons-andelle-tourisme.com\/wp-content\/uploads\/2020\/12\/Lyons_maison-Benserade\u00a9ML-Vittori-Lyons-Andelle-Tourisme-300x200.jpg 300w, https:\/\/www.lyons-andelle-tourisme.com\/wp-content\/uploads\/2020\/12\/Lyons_maison-Benserade\u00a9ML-Vittori-Lyons-Andelle-Tourisme-768x512.jpg 768w, https:\/\/www.lyons-andelle-tourisme.com\/wp-content\/uploads\/2020\/12\/Lyons_maison-Benserade\u00a9ML-Vittori-Lyons-Andelle-Tourisme-800x534.jpg 800w, https:\/\/www.lyons-andelle-tourisme.com\/wp-content\/uploads\/2020\/12\/Lyons_maison-Benserade\u00a9ML-Vittori-Lyons-Andelle-Tourisme.jpg 1500w\" sizes=\"(max-width: 444px) 100vw, 444px\" \/><\/figure>\n<\/div>\n<\/div>\n\n\n\n<div style=\"height:75px\" aria-hidden=\"true\" class=\"wp-block-spacer\"><\/div>\n\n\n\n<div class=\"wp-block-media-text is-stacked-on-mobile is-image-fill\" style=\"grid-template-columns:57% auto\"><figure class=\"wp-block-media-text__media\" style=\"background-image:url(https:\/\/www.lyons-andelle-tourisme.com\/wp-content\/uploads\/2020\/12\/La-halle-Lyons-la-Foret-\u00a9Max-Coquard-Bestjobers-Eure-Tourisme-1024x683.jpg);background-position:50% 50%\"><img loading=\"lazy\" width=\"1024\" height=\"683\" src=\"https:\/\/www.lyons-andelle-tourisme.com\/wp-content\/uploads\/2020\/12\/La-halle-Lyons-la-Foret-\u00a9Max-Coquard-Bestjobers-Eure-Tourisme-1024x683.jpg\" alt=\"\" class=\"wp-image-2750 size-full\" srcset=\"https:\/\/www.lyons-andelle-tourisme.com\/wp-content\/uploads\/2020\/12\/La-halle-Lyons-la-Foret-\u00a9Max-Coquard-Bestjobers-Eure-Tourisme-1024x683.jpg 1024w, https:\/\/www.lyons-andelle-tourisme.com\/wp-content\/uploads\/2020\/12\/La-halle-Lyons-la-Foret-\u00a9Max-Coquard-Bestjobers-Eure-Tourisme-300x200.jpg 300w, https:\/\/www.lyons-andelle-tourisme.com\/wp-content\/uploads\/2020\/12\/La-halle-Lyons-la-Foret-\u00a9Max-Coquard-Bestjobers-Eure-Tourisme-768x512.jpg 768w, https:\/\/www.lyons-andelle-tourisme.com\/wp-content\/uploads\/2020\/12\/La-halle-Lyons-la-Foret-\u00a9Max-Coquard-Bestjobers-Eure-Tourisme-1536x1025.jpg 1536w, https:\/\/www.lyons-andelle-tourisme.com\/wp-content\/uploads\/2020\/12\/La-halle-Lyons-la-Foret-\u00a9Max-Coquard-Bestjobers-Eure-Tourisme-800x534.jpg 800w, https:\/\/www.lyons-andelle-tourisme.com\/wp-content\/uploads\/2020\/12\/La-halle-Lyons-la-Foret-\u00a9Max-Coquard-Bestjobers-Eure-Tourisme.jpg 1997w\" sizes=\"(max-width: 1024px) 100vw, 1024px\" \/><\/figure><div class=\"wp-block-media-text__content\">\n<div style=\"height:55px\" aria-hidden=\"true\" class=\"wp-block-spacer\"><\/div>\n\n\n\n<div class=\"wp-block-group\"><div class=\"wp-block-group__inner-container\">\n<h3 class=\"has-text-align-left\"><strong>Immerse yourself in the atmosphere of the famous novel <em>Madame Bovary<\/em><\/strong><\/h3>\n<\/div><\/div>\n\n\n\n<p class=\"has-text-align-left\"><strong>Jean Renoir <\/strong>and then <strong>Claude Chabrol <\/strong>each shot their cinematographic adaptation of this novel by major French author Gustave Flaubert. You may recognize the magnificent listed covered market and the bailliage room in the film shot by Chabrol with Isabelle Huppert and Christophe Malavoy.<\/p>\n\n\n\n<p>More recently, Anne Fontaine shot scenes from her film <strong>Gemma Bovery<\/strong>, with Fabrice Luchini as the village baker.<\/p>\n\n\n\n<p><\/p>\n<\/div><\/div>\n\n\n\n<div style=\"height:80px\" aria-hidden=\"true\" class=\"wp-block-spacer\"><\/div>\n\n\n\n<p>Sit down on one of the <strong>terraces of restaurants <\/strong>or caf\u00e9s facing the covered market hall to appreciate the intact soul of the village, which comes alive around its friendly <strong>market<\/strong>.<\/p>\n\n\n\n<p>Would you rather have a <strong>picnic<\/strong>? You will find take-away options in <strong>bakeries <\/strong>and <strong>restaurants<\/strong>, for example, at <strong><a href=\"https:\/\/www.lyons-andelle-tourisme.com\/en\/sejour\/le-petit-lyons\/\" class=\"ek-link\">Le Petit Lyons<\/a>, <a href=\"https:\/\/www.lyons-andelle-tourisme.com\/en\/sejour\/les-desserts-colores\/\" class=\"ek-link\">Les Desserts Color\u00e9s <\/a><\/strong>or at the <strong><a href=\"https:\/\/www.lyons-andelle-tourisme.com\/en\/sejour\/restaurant-de-la-halle\/\" class=\"ek-link\">restaurant at La Halle<\/a>.<\/strong><\/p>\n\n\n\n<div style=\"height:50px\" aria-hidden=\"true\" class=\"wp-block-spacer\"><\/div>\n\n\n\n<figure class=\"wp-block-image size-large\"><img loading=\"lazy\" width=\"1024\" height=\"731\" src=\"https:\/\/www.lyons-andelle-tourisme.com\/wp-content\/uploads\/2020\/12\/Lyons-la-Foret-Place-Benserade-\u00a9ML-Vittori-Lyons-Andelle-Tourisme-1-1024x731.jpg\" alt=\"\" class=\"wp-image-3389\" srcset=\"https:\/\/www.lyons-andelle-tourisme.com\/wp-content\/uploads\/2020\/12\/Lyons-la-Foret-Place-Benserade-\u00a9ML-Vittori-Lyons-Andelle-Tourisme-1-1024x731.jpg 1024w, https:\/\/www.lyons-andelle-tourisme.com\/wp-content\/uploads\/2020\/12\/Lyons-la-Foret-Place-Benserade-\u00a9ML-Vittori-Lyons-Andelle-Tourisme-1-300x214.jpg 300w, https:\/\/www.lyons-andelle-tourisme.com\/wp-content\/uploads\/2020\/12\/Lyons-la-Foret-Place-Benserade-\u00a9ML-Vittori-Lyons-Andelle-Tourisme-1-768x548.jpg 768w, https:\/\/www.lyons-andelle-tourisme.com\/wp-content\/uploads\/2020\/12\/Lyons-la-Foret-Place-Benserade-\u00a9ML-Vittori-Lyons-Andelle-Tourisme-1-1536x1097.jpg 1536w, https:\/\/www.lyons-andelle-tourisme.com\/wp-content\/uploads\/2020\/12\/Lyons-la-Foret-Place-Benserade-\u00a9ML-Vittori-Lyons-Andelle-Tourisme-1.jpg 2000w\" sizes=\"(max-width: 1024px) 100vw, 1024px\" \/><\/figure>\n\n\n\n<div style=\"height:59px\" aria-hidden=\"true\" class=\"wp-block-spacer\"><\/div>\n\n\n\n<div class=\"wp-block-group\"><div class=\"wp-block-group__inner-container\">\n<p>To make the most of your visit, come to the tourist office and pick up a <strong>map of the village<\/strong>, which indicates all the points of interest and choose one of our signposted walking routes. Take advantage of our advice to choose one of the sites and monuments to visit, an activity or a good shopping address.<\/p>\n<\/div><\/div>\n\n\n\n<div style=\"height:50px\" aria-hidden=\"true\" class=\"wp-block-spacer\"><\/div>\n\n\n\n<div class=\"wp-block-image is-style-editorskit-rounded\"><figure class=\"aligncenter size-large is-resized\"><img loading=\"lazy\" src=\"https:\/\/www.lyons-andelle-tourisme.com\/wp-content\/uploads\/2021\/03\/trio-logos-lyons-la-foret-1024x169.jpg\" alt=\"\" class=\"wp-image-7664\" width=\"512\" height=\"85\" srcset=\"https:\/\/www.lyons-andelle-tourisme.com\/wp-content\/uploads\/2021\/03\/trio-logos-lyons-la-foret-1024x169.jpg 1024w, https:\/\/www.lyons-andelle-tourisme.com\/wp-content\/uploads\/2021\/03\/trio-logos-lyons-la-foret-300x50.jpg 300w, https:\/\/www.lyons-andelle-tourisme.com\/wp-content\/uploads\/2021\/03\/trio-logos-lyons-la-foret-768x127.jpg 768w, https:\/\/www.lyons-andelle-tourisme.com\/wp-content\/uploads\/2021\/03\/trio-logos-lyons-la-foret-1536x254.jpg 1536w, https:\/\/www.lyons-andelle-tourisme.com\/wp-content\/uploads\/2021\/03\/trio-logos-lyons-la-foret-2048x339.jpg 2048w\" sizes=\"(max-width: 512px) 100vw, 512px\" \/><\/figure><\/div>\n","protected":false},"excerpt":{"rendered":"<p>Visit Lyons-la-For\u00eat, ranked among the Most Beautiful Villages in France\u00ae. This village has an undeniable character and a remarkable historical and natural heritage. Nestled in the heart of the Lyons national forest, 1h30 from Paris, Lyons-la-For\u00eat is a concentrate of Normandy. Discover the unique history of this former royal city Organized around the layout of [&hellip;]<\/p>\n","protected":false},"author":1,"featured_media":0,"parent":125183,"menu_order":3,"comment_status":"closed","ping_status":"closed","template":"","meta":{"_editorskit_title_hidden":false,"_editorskit_reading_time":2,"_editorskit_typography_data":[],"_editorskit_blocks_typography":""},"yoast_head":"<!-- This site is optimized with the Yoast SEO plugin v17.2 - https:\/\/yoast.com\/wordpress\/plugins\/seo\/ -->\n<title>Lyons-la-For\u00eat - Lyons Andelle Tourisme<\/title>\n<meta name=\"robots\" content=\"index, follow, max-snippet:-1, max-image-preview:large, max-video-preview:-1\" \/>\n<link rel=\"canonical\" href=\"https:\/\/www.lyons-andelle-tourisme.com\/en\/discover-lyons-andelle__trashed\/lyons-la-foret\/\" \/>\n<meta property=\"og:locale\" content=\"en_US\" \/>\n<meta property=\"og:type\" content=\"article\" \/>\n<meta property=\"og:title\" content=\"Lyons-la-For\u00eat - Lyons Andelle Tourisme\" \/>\n<meta property=\"og:description\" content=\"Visit Lyons-la-For\u00eat, ranked among the Most Beautiful Villages in France\u00ae. This village has an undeniable character and a remarkable historical and natural heritage. Nestled in the heart of the Lyons national forest, 1h30 from Paris, Lyons-la-For\u00eat is a concentrate of Normandy. Discover the unique history of this former royal city Organized around the layout of [&hellip;]\" \/>\n<meta property=\"og:url\" content=\"https:\/\/www.lyons-andelle-tourisme.com\/en\/discover-lyons-andelle__trashed\/lyons-la-foret\/\" \/>\n<meta property=\"og:site_name\" content=\"Lyons Andelle Tourisme\" \/>\n<meta property=\"article:modified_time\" content=\"2021-12-17T10:58:36+00:00\" \/>\n<meta property=\"og:image\" content=\"https:\/\/www.lyons-andelle-tourisme.com\/wp-content\/uploads\/2021\/06\/Balade-a-velo-electrique-Lyons-la-Foret-Max-Coquard-Bestjobers-Eure-Tourisme.jpg\" \/>\n<meta name=\"twitter:card\" content=\"summary_large_image\" \/>\n<meta name=\"twitter:label1\" content=\"Est. reading time\" \/>\n\t<meta name=\"twitter:data1\" content=\"4 minutes\" \/>\n<script type=\"application\/ld+json\" class=\"yoast-schema-graph\">{\"@context\":\"https:\/\/schema.org\",\"@graph\":[{\"@type\":\"WebSite\",\"@id\":\"https:\/\/www.lyons-andelle-tourisme.com\/#website\",\"url\":\"https:\/\/www.lyons-andelle-tourisme.com\/\",\"name\":\"Lyons Andelle Tourisme\",\"description\":\"L&#039;\\u00e9chapp\\u00e9e Belle Normande \\u00e0 1h30 de Paris\",\"potentialAction\":[{\"@type\":\"SearchAction\",\"target\":{\"@type\":\"EntryPoint\",\"urlTemplate\":\"https:\/\/www.lyons-andelle-tourisme.com\/?s={search_term_string}\"},\"query-input\":\"required name=search_term_string\"}],\"inLanguage\":\"en-US\"},{\"@type\":\"ImageObject\",\"@id\":\"https:\/\/www.lyons-andelle-tourisme.com\/en\/discover-lyons-andelle__trashed\/lyons-la-foret\/#primaryimage\",\"inLanguage\":\"en-US\",\"url\":\"https:\/\/www.lyons-andelle-tourisme.com\/wp-content\/uploads\/2021\/06\/Balade-a-velo-electrique-Lyons-la-Foret-Max-Coquard-Bestjobers-Eure-Tourisme.jpg\",\"contentUrl\":\"https:\/\/www.lyons-andelle-tourisme.com\/wp-content\/uploads\/2021\/06\/Balade-a-velo-electrique-Lyons-la-Foret-Max-Coquard-Bestjobers-Eure-Tourisme.jpg\",\"width\":800,\"height\":533},{\"@type\":\"WebPage\",\"@id\":\"https:\/\/www.lyons-andelle-tourisme.com\/en\/discover-lyons-andelle__trashed\/lyons-la-foret\/#webpage\",\"url\":\"https:\/\/www.lyons-andelle-tourisme.com\/en\/discover-lyons-andelle__trashed\/lyons-la-foret\/\",\"name\":\"Lyons-la-For\\u00eat - Lyons Andelle Tourisme\",\"isPartOf\":{\"@id\":\"https:\/\/www.lyons-andelle-tourisme.com\/#website\"},\"primaryImageOfPage\":{\"@id\":\"https:\/\/www.lyons-andelle-tourisme.com\/en\/discover-lyons-andelle__trashed\/lyons-la-foret\/#primaryimage\"},\"datePublished\":\"2021-09-27T10:05:53+00:00\",\"dateModified\":\"2021-12-17T10:58:36+00:00\",\"breadcrumb\":{\"@id\":\"https:\/\/www.lyons-andelle-tourisme.com\/en\/discover-lyons-andelle__trashed\/lyons-la-foret\/#breadcrumb\"},\"inLanguage\":\"en-US\",\"potentialAction\":[{\"@type\":\"ReadAction\",\"target\":[\"https:\/\/www.lyons-andelle-tourisme.com\/en\/discover-lyons-andelle__trashed\/lyons-la-foret\/\"]}]},{\"@type\":\"BreadcrumbList\",\"@id\":\"https:\/\/www.lyons-andelle-tourisme.com\/en\/discover-lyons-andelle__trashed\/lyons-la-foret\/#breadcrumb\",\"itemListElement\":[{\"@type\":\"ListItem\",\"position\":1,\"name\":\"Lyons-la-For\\u00eat\"}]}]}<\/script>\n<!-- \/ Yoast SEO plugin. -->","yoast_head_json":{"title":"Lyons-la-For\u00eat - Lyons Andelle Tourisme","robots":{"index":"index","follow":"follow","max-snippet":"max-snippet:-1","max-image-preview":"max-image-preview:large","max-video-preview":"max-video-preview:-1"},"canonical":"https:\/\/www.lyons-andelle-tourisme.com\/en\/discover-lyons-andelle__trashed\/lyons-la-foret\/","og_locale":"en_US","og_type":"article","og_title":"Lyons-la-For\u00eat - Lyons Andelle Tourisme","og_description":"Visit Lyons-la-For\u00eat, ranked among the Most Beautiful Villages in France\u00ae. This village has an undeniable character and a remarkable historical and natural heritage. Nestled in the heart of the Lyons national forest, 1h30 from Paris, Lyons-la-For\u00eat is a concentrate of Normandy. Discover the unique history of this former royal city Organized around the layout of [&hellip;]","og_url":"https:\/\/www.lyons-andelle-tourisme.com\/en\/discover-lyons-andelle__trashed\/lyons-la-foret\/","og_site_name":"Lyons Andelle Tourisme","article_modified_time":"2021-12-17T10:58:36+00:00","og_image":[{"url":"https:\/\/www.lyons-andelle-tourisme.com\/wp-content\/uploads\/2021\/06\/Balade-a-velo-electrique-Lyons-la-Foret-Max-Coquard-Bestjobers-Eure-Tourisme.jpg"}],"twitter_card":"summary_large_image","twitter_misc":{"Est. reading time":"4 minutes"},"schema":{"@context":"https:\/\/schema.org","@graph":[{"@type":"WebSite","@id":"https:\/\/www.lyons-andelle-tourisme.com\/#website","url":"https:\/\/www.lyons-andelle-tourisme.com\/","name":"Lyons Andelle Tourisme","description":"L&#039;\u00e9chapp\u00e9e Belle Normande \u00e0 1h30 de Paris","potentialAction":[{"@type":"SearchAction","target":{"@type":"EntryPoint","urlTemplate":"https:\/\/www.lyons-andelle-tourisme.com\/?s={search_term_string}"},"query-input":"required name=search_term_string"}],"inLanguage":"en-US"},{"@type":"ImageObject","@id":"https:\/\/www.lyons-andelle-tourisme.com\/en\/discover-lyons-andelle__trashed\/lyons-la-foret\/#primaryimage","inLanguage":"en-US","url":"https:\/\/www.lyons-andelle-tourisme.com\/wp-content\/uploads\/2021\/06\/Balade-a-velo-electrique-Lyons-la-Foret-Max-Coquard-Bestjobers-Eure-Tourisme.jpg","contentUrl":"https:\/\/www.lyons-andelle-tourisme.com\/wp-content\/uploads\/2021\/06\/Balade-a-velo-electrique-Lyons-la-Foret-Max-Coquard-Bestjobers-Eure-Tourisme.jpg","width":800,"height":533},{"@type":"WebPage","@id":"https:\/\/www.lyons-andelle-tourisme.com\/en\/discover-lyons-andelle__trashed\/lyons-la-foret\/#webpage","url":"https:\/\/www.lyons-andelle-tourisme.com\/en\/discover-lyons-andelle__trashed\/lyons-la-foret\/","name":"Lyons-la-For\u00eat - Lyons Andelle Tourisme","isPartOf":{"@id":"https:\/\/www.lyons-andelle-tourisme.com\/#website"},"primaryImageOfPage":{"@id":"https:\/\/www.lyons-andelle-tourisme.com\/en\/discover-lyons-andelle__trashed\/lyons-la-foret\/#primaryimage"},"datePublished":"2021-09-27T10:05:53+00:00","dateModified":"2021-12-17T10:58:36+00:00","breadcrumb":{"@id":"https:\/\/www.lyons-andelle-tourisme.com\/en\/discover-lyons-andelle__trashed\/lyons-la-foret\/#breadcrumb"},"inLanguage":"en-US","potentialAction":[{"@type":"ReadAction","target":["https:\/\/www.lyons-andelle-tourisme.com\/en\/discover-lyons-andelle__trashed\/lyons-la-foret\/"]}]},{"@type":"BreadcrumbList","@id":"https:\/\/www.lyons-andelle-tourisme.com\/en\/discover-lyons-andelle__trashed\/lyons-la-foret\/#breadcrumb","itemListElement":[{"@type":"ListItem","position":1,"name":"Lyons-la-For\u00eat"}]}]}},"_links":{"self":[{"href":"https:\/\/www.lyons-andelle-tourisme.com\/en\/wp-json\/wp\/v2\/pages\/11398"}],"collection":[{"href":"https:\/\/www.lyons-andelle-tourisme.com\/en\/wp-json\/wp\/v2\/pages"}],"about":[{"href":"https:\/\/www.lyons-andelle-tourisme.com\/en\/wp-json\/wp\/v2\/types\/page"}],"author":[{"embeddable":true,"href":"https:\/\/www.lyons-andelle-tourisme.com\/en\/wp-json\/wp\/v2\/users\/1"}],"replies":[{"embeddable":true,"href":"https:\/\/www.lyons-andelle-tourisme.com\/en\/wp-json\/wp\/v2\/comments?post=11398"}],"version-history":[{"count":10,"href":"https:\/\/www.lyons-andelle-tourisme.com\/en\/wp-json\/wp\/v2\/pages\/11398\/revisions"}],"predecessor-version":[{"id":19124,"href":"https:\/\/www.lyons-andelle-tourisme.com\/en\/wp-json\/wp\/v2\/pages\/11398\/revisions\/19124"}],"up":[{"embeddable":true,"href":"https:\/\/www.lyons-andelle-tourisme.com\/en\/wp-json\/wp\/v2\/pages\/125183"}],"wp:attachment":[{"href":"https:\/\/www.lyons-andelle-tourisme.com\/en\/wp-json\/wp\/v2\/media?parent=11398"}],"curies":[{"name":"wp","href":"https:\/\/api.w.org\/{rel}","templated":true}]}}