{"id":11406,"date":"2021-09-27T12:09:20","date_gmt":"2021-09-27T10:09:20","guid":{"rendered":"https:\/\/www.lyons-andelle-tourisme.com\/?page_id=11406"},"modified":"2023-10-24T14:54:21","modified_gmt":"2023-10-24T12:54:21","slug":"access-and-transportation","status":"publish","type":"page","link":"https:\/\/www.lyons-andelle-tourisme.com\/en\/stay\/access-and-transportation\/","title":{"rendered":"Access and transportation"},"content":{"rendered":"\n<h3>Come<\/h3>\n\n\n\n<div class=\"wp-block-columns\">\n<div class=\"wp-block-column\">\n<p><strong>Road access<\/strong><\/p>\n\n\n\n<ul><li>Freeway A13, exits n\u00b017, n\u00b020<\/li><li>D6014, Rouen &#8211; Paris<\/li><li>RN31, Rouen \u2013 Reims<\/li><\/ul>\n\n\n\n<p><strong>Train lines<\/strong><\/p>\n\n\n\n<ul><li><a aria-label=\"Ligne Rouen - Paris (opens in a new tab)\" href=\"https:\/\/cdn.ter.sncf.com\/medias\/PDF\/normandie\/1WEB-ROUEN-PARIS%202021%20du%204%20au%2031%20jan%202021_tcm71-276469_tcm71-276504.pdf\" target=\"_blank\" rel=\"noreferrer noopener\" class=\"ek-link\">Line Rouen &#8211; Paris<\/a> : Rouen SNCF station<br>Tel number : 36 35<\/li><li><a aria-label=\" (opens in a new tab)\" href=\"https:\/\/www.transilien.com\/lignes\/rer-trains\/ligne-J#les-horaires-de-la-ligne-j-1425\" target=\"_blank\" rel=\"noreferrer noopener\" class=\"ek-link\">Line Gisors &#8211; Paris<\/a> (Transilien ligne J) : Gisors SNCF station<br>Tel number : 36 35<\/li><\/ul>\n<\/div>\n\n\n\n<div class=\"wp-block-column\">\n<p><strong>Bus lines<\/strong><\/p>\n\n\n\n<ul><li><a aria-label=\" (opens in a new tab)\" href=\"https:\/\/www.normandie.fr\/sites\/default\/files\/2020-08\/ligne_500_perriers_sur_andelle_lyons_la_foret_rouen.pdf\" target=\"_blank\" rel=\"noreferrer noopener\" class=\"ek-link\">Line n\u00b0 500<\/a> : Rouen \u2013 <strong>Lyons-la-For\u00eat<\/strong> &#8211; <strong>Perriers-sur-Andelle<\/strong><\/li><li><a aria-label=\" (opens in a new tab)\" href=\"https:\/\/www.normandie.fr\/sites\/default\/files\/2020-08\/ligne_520_gisors_rouen.pdf\" target=\"_blank\" rel=\"noreferrer noopener\" class=\"ek-link\">Line n\u00b0 520<\/a> : Rouen \u2013 <strong>Fleury-sur-Andelle<\/strong> &#8211; Gisors<\/li><li><a aria-label=\"Ligne n\u00b0 530 (opens in a new tab)\" href=\"https:\/\/www.normandie.fr\/sites\/default\/files\/2020-08\/ligne_530_les_andelys_rouen.pdf\" target=\"_blank\" rel=\"noreferrer noopener\" class=\"ek-link\">Line n\u00b0 530<\/a> : Rouen \u2013 <strong>Fleury-sur-Andelle<\/strong> &#8211; Les Andelys<\/li><li><a aria-label=\"Ligne n\u00b0 540 (opens in a new tab)\" href=\"https:\/\/www.normandie.fr\/sites\/default\/files\/2020-08\/ligne_540_alizay_rouen.pdf\" target=\"_blank\" rel=\"noreferrer noopener\" class=\"ek-link\">Line n\u00b0 540<\/a> : Rouen \u2013 <strong>Pont-Saint-Pierre<\/strong> &#8211; <strong>Romilly-sur-Andelle<\/strong> &#8211; Alizay<\/li><li><a href=\"https:\/\/www.normandie.fr\/sites\/default\/files\/2020-08\/ligne_73_gournay_en_bray_vascoeuil_rouen.pdf\" class=\"ek-link\">Line n\u00b0 73<\/a> : Rouen &#8211; <strong>Vascoeuil<\/strong> &#8211; Gournay<\/li><\/ul>\n<\/div>\n<\/div>\n\n\n\n<h3>Finding your way<\/h3>\n\n\n\n<p>Click on the map to enlarge it<\/p>\n\n\n\n<figure class=\"wp-block-image size-large\"><a href=\"https:\/\/www.lyons-andelle-tourisme.com\/wp-content\/uploads\/2023\/10\/Carte-touristique-Lyons-Andelle-foret-de-Lyons.pdf\" target=\"_blank\" rel=\"noopener\"><img loading=\"lazy\" width=\"1024\" height=\"724\" src=\"https:\/\/www.lyons-andelle-tourisme.com\/wp-content\/uploads\/2023\/10\/Carte-touristique-recto-1024x724.jpg\" alt=\"\" class=\"wp-image-131003\" srcset=\"https:\/\/www.lyons-andelle-tourisme.com\/wp-content\/uploads\/2023\/10\/Carte-touristique-recto-1024x724.jpg 1024w, https:\/\/www.lyons-andelle-tourisme.com\/wp-content\/uploads\/2023\/10\/Carte-touristique-recto-300x212.jpg 300w, https:\/\/www.lyons-andelle-tourisme.com\/wp-content\/uploads\/2023\/10\/Carte-touristique-recto-768x543.jpg 768w, https:\/\/www.lyons-andelle-tourisme.com\/wp-content\/uploads\/2023\/10\/Carte-touristique-recto-1536x1086.jpg 1536w, https:\/\/www.lyons-andelle-tourisme.com\/wp-content\/uploads\/2023\/10\/Carte-touristique-recto-2048x1448.jpg 2048w\" sizes=\"(max-width: 1024px) 100vw, 1024px\" \/><\/a><\/figure>\n\n\n\n<h3>Get around<\/h3>\n\n\n\n<h4>Cabs<\/h4>\n\n\n\n<ul class=\"is-style-arrow has-normal-font-size has-normal-font-size\"><li><strong>CHARLEVAL<\/strong> +33 (0)6 79 97 06 58 &#8211; +33 (0)2 32 49 17 92<\/li><li><strong>LYONS-LA-FOR\u00caT<\/strong> +33 (0)2 32 49 64 81 &#8211; +33 (0)6 12 27 92 40<\/li><li><strong>PERRIERS-SUR-ANDELLE<\/strong> +33 (0)6 52 42 15 12<\/li><li><strong>PERRIERS-SUR-ANDELLE<\/strong> +33 (0)6 77 00 49 11<\/li><li><strong>FLEURY-SUR-ANDELLE<\/strong> +33 (0)6 73 32 00 82<\/li><li><strong>PONT-SAINT-PIERRE<\/strong> +33 (0)2 32 49 26 39 &#8211; +33 (0)6 80 28 77 44<\/li><li><strong>AMFREVILLE-LES-CHAMPS<\/strong> +33 (0)6 26 73 07 67<\/li><li><strong>RADEPONT<\/strong> +33 (0)6 09 40 76 97<\/li><li><strong>ROMILLY-SUR-ANDELLE<\/strong> +33 (0)6 07 77 13 69<\/li><\/ul>\n\n\n\n<div style=\"height:20px\" aria-hidden=\"true\" class=\"wp-block-spacer\"><\/div>\n\n\n\n<div class=\"wp-block-media-text alignwide is-stacked-on-mobile is-image-fill\"><figure class=\"wp-block-media-text__media\" style=\"background-image:url(https:\/\/www.lyons-andelle-tourisme.com\/wp-content\/uploads\/2020\/12\/Navette-Privee-\u00a9-Navette-Privee2020-1024x731.jpg);background-position:50% 50%\"><img loading=\"lazy\" width=\"1024\" height=\"731\" src=\"https:\/\/www.lyons-andelle-tourisme.com\/wp-content\/uploads\/2020\/12\/Navette-Privee-\u00a9-Navette-Privee2020-1024x731.jpg\" alt=\"\" class=\"wp-image-2036 size-full\" srcset=\"https:\/\/www.lyons-andelle-tourisme.com\/wp-content\/uploads\/2020\/12\/Navette-Privee-\u00a9-Navette-Privee2020-1024x731.jpg 1024w, https:\/\/www.lyons-andelle-tourisme.com\/wp-content\/uploads\/2020\/12\/Navette-Privee-\u00a9-Navette-Privee2020-300x214.jpg 300w, https:\/\/www.lyons-andelle-tourisme.com\/wp-content\/uploads\/2020\/12\/Navette-Privee-\u00a9-Navette-Privee2020-768x548.jpg 768w, https:\/\/www.lyons-andelle-tourisme.com\/wp-content\/uploads\/2020\/12\/Navette-Privee-\u00a9-Navette-Privee2020.jpg 1439w\" sizes=\"(max-width: 1024px) 100vw, 1024px\" \/><\/figure><div class=\"wp-block-media-text__content\">\n<div style=\"height:23px\" aria-hidden=\"true\" class=\"wp-block-spacer\"><\/div>\n\n\n\n<h3>Private shuttle<\/h3>\n\n\n\n<p>Located in the Rouen area, Navette Priv\u00e9e accompanies you on a daily basis for all your private or professional trips.<br>Whether it is for a transfer to your hotel or the airport on board a comfortable private shuttle, for a guided tour, a tourist circuit through the most beautiful landscapes of Normandy or the provision of a vehicle with a driver for a business meeting, this service provider makes every effort to meet your expectations.<br>A particular attention is given to your well-being with recent and carefully maintained vehicles.<\/p>\n<\/div><\/div>\n\n\n\n<div style=\"height:23px\" aria-hidden=\"true\" class=\"wp-block-spacer\"><\/div>\n\n\n\n<p>Open 24 hours a day.<br>Example of rate 2020 : transfer from Rouen rive droite station to Lyons-la-For\u00eat center from 75 \u20ac.<br>+33 (0)6 88 14 67 82<br><a href=\"http:\/\/www.navetteprive.com\/\" target=\"_blank\" rel=\"noreferrer noopener\">www.navetteprive.com<\/a> \/ <a href=\"mailto:info@navetteprive.com\" target=\"_blank\" rel=\"noreferrer noopener\">info@navetteprive.com<\/a><\/p>\n\n\n\n<div style=\"height:28px\" aria-hidden=\"true\" class=\"wp-block-spacer\"><\/div>\n\n\n\n<h3>Bike renting<\/h3>\n\n\n\n<p>Want to discover the beauty of our towns, their landscapes and the forest by bike? <a href=\"https:\/\/www.lyons-andelle-tourisme.com\/en\/sejour\/loc-e-velo\/\" class=\"ek-link\">Loc e velo<\/a> allows you to rent an electric mountain bike or an electrically assisted bicycle for an effortless ride without getting lost thanks to the GPS with integrated forest and tourist routes.<\/p>\n\n\n\n<div style=\"height:28px\" aria-hidden=\"true\" class=\"wp-block-spacer\"><\/div>\n\n\n\n<h3>Parking<\/h3>\n\n\n\n<p><strong>Parking <\/strong>is <strong>free <\/strong>in all the communes in Lyons Andelle, including Lyons-la-For\u00eat where a large free parking lot is available (all types of vehicles, including camping-cars) on route de la Cuette, 200m from the hall.<\/p>\n\n\n\n<div style=\"height:28px\" aria-hidden=\"true\" class=\"wp-block-spacer\"><\/div>\n\n\n\n<h3>Carpooling<\/h3>\n\n\n\n<p>What if you met other visitors while carpooling? A way to stroll in an ecological, economical and friendly way! Thanks to the <a href=\"https:\/\/www.klaxit.com\/\" target=\"_blank\" aria-label=\"Klaxit  (opens in a new tab)\" rel=\"noreferrer noopener\" class=\"ek-link\">Klaxit <\/a>application, you can carpool for free and even earn money if you are the driver, in the Lyons Andelle area and surrounding areas.<\/p>\n","protected":false},"excerpt":{"rendered":"<p>Come Road access Freeway A13, exits n\u00b017, n\u00b020 D6014, Rouen &#8211; Paris RN31, Rouen \u2013 Reims Train lines Line Rouen &#8211; Paris : Rouen SNCF stationTel number : 36 35 Line Gisors &#8211; Paris (Transilien ligne J) : Gisors SNCF stationTel number : 36 35 Bus lines Line n\u00b0 500 : Rouen \u2013 Lyons-la-For\u00eat &#8211; [&hellip;]<\/p>\n","protected":false},"author":1,"featured_media":13595,"parent":11394,"menu_order":33,"comment_status":"closed","ping_status":"closed","template":"","meta":{"_editorskit_title_hidden":false,"_editorskit_reading_time":2,"_editorskit_typography_data":[],"_editorskit_blocks_typography":""},"yoast_head":"<!-- This site is optimized with the Yoast SEO plugin v17.2 - https:\/\/yoast.com\/wordpress\/plugins\/seo\/ -->\n<title>Access and transportation - Lyons Andelle Tourisme<\/title>\n<meta name=\"robots\" content=\"index, follow, max-snippet:-1, max-image-preview:large, max-video-preview:-1\" \/>\n<link rel=\"canonical\" href=\"https:\/\/www.lyons-andelle-tourisme.com\/en\/stay\/access-and-transportation\/\" \/>\n<meta property=\"og:locale\" content=\"en_US\" \/>\n<meta property=\"og:type\" content=\"article\" \/>\n<meta property=\"og:title\" content=\"Access and transportation - Lyons Andelle Tourisme\" \/>\n<meta property=\"og:description\" content=\"Come Road access Freeway A13, exits n\u00b017, n\u00b020 D6014, Rouen &#8211; Paris RN31, Rouen \u2013 Reims Train lines Line Rouen &#8211; Paris : Rouen SNCF stationTel number : 36 35 Line Gisors &#8211; Paris (Transilien ligne J) : Gisors SNCF stationTel number : 36 35 Bus lines Line n\u00b0 500 : Rouen \u2013 Lyons-la-For\u00eat &#8211; [&hellip;]\" \/>\n<meta property=\"og:url\" content=\"https:\/\/www.lyons-andelle-tourisme.com\/en\/stay\/access-and-transportation\/\" \/>\n<meta property=\"og:site_name\" content=\"Lyons Andelle Tourisme\" \/>\n<meta property=\"article:modified_time\" content=\"2023-10-24T12:54:21+00:00\" \/>\n<meta property=\"og:image\" content=\"https:\/\/www.lyons-andelle-tourisme.com\/wp-content\/uploads\/2020\/12\/Voiture-ancienne-a-Lyons-2000px\u00a9-OTLA-ML-Vittori.jpg\" \/>\n\t<meta property=\"og:image:width\" content=\"1998\" \/>\n\t<meta property=\"og:image:height\" content=\"1125\" \/>\n<meta name=\"twitter:card\" content=\"summary_large_image\" \/>\n<meta name=\"twitter:label1\" content=\"Est. reading time\" \/>\n\t<meta name=\"twitter:data1\" content=\"3 minutes\" \/>\n<script type=\"application\/ld+json\" class=\"yoast-schema-graph\">{\"@context\":\"https:\/\/schema.org\",\"@graph\":[{\"@type\":\"WebSite\",\"@id\":\"https:\/\/www.lyons-andelle-tourisme.com\/#website\",\"url\":\"https:\/\/www.lyons-andelle-tourisme.com\/\",\"name\":\"Lyons Andelle Tourisme\",\"description\":\"L&#039;\\u00e9chapp\\u00e9e Belle Normande \\u00e0 1h30 de Paris\",\"potentialAction\":[{\"@type\":\"SearchAction\",\"target\":{\"@type\":\"EntryPoint\",\"urlTemplate\":\"https:\/\/www.lyons-andelle-tourisme.com\/?s={search_term_string}\"},\"query-input\":\"required name=search_term_string\"}],\"inLanguage\":\"en-US\"},{\"@type\":\"ImageObject\",\"@id\":\"https:\/\/www.lyons-andelle-tourisme.com\/en\/stay\/access-and-transportation\/#primaryimage\",\"inLanguage\":\"en-US\",\"url\":\"https:\/\/www.lyons-andelle-tourisme.com\/wp-content\/uploads\/2020\/12\/Voiture-ancienne-a-Lyons-2000px\\u00a9-OTLA-ML-Vittori.jpg\",\"contentUrl\":\"https:\/\/www.lyons-andelle-tourisme.com\/wp-content\/uploads\/2020\/12\/Voiture-ancienne-a-Lyons-2000px\\u00a9-OTLA-ML-Vittori.jpg\",\"width\":1998,\"height\":1125},{\"@type\":\"WebPage\",\"@id\":\"https:\/\/www.lyons-andelle-tourisme.com\/en\/stay\/access-and-transportation\/#webpage\",\"url\":\"https:\/\/www.lyons-andelle-tourisme.com\/en\/stay\/access-and-transportation\/\",\"name\":\"Access and transportation - Lyons Andelle Tourisme\",\"isPartOf\":{\"@id\":\"https:\/\/www.lyons-andelle-tourisme.com\/#website\"},\"primaryImageOfPage\":{\"@id\":\"https:\/\/www.lyons-andelle-tourisme.com\/en\/stay\/access-and-transportation\/#primaryimage\"},\"datePublished\":\"2021-09-27T10:09:20+00:00\",\"dateModified\":\"2023-10-24T12:54:21+00:00\",\"breadcrumb\":{\"@id\":\"https:\/\/www.lyons-andelle-tourisme.com\/en\/stay\/access-and-transportation\/#breadcrumb\"},\"inLanguage\":\"en-US\",\"potentialAction\":[{\"@type\":\"ReadAction\",\"target\":[\"https:\/\/www.lyons-andelle-tourisme.com\/en\/stay\/access-and-transportation\/\"]}]},{\"@type\":\"BreadcrumbList\",\"@id\":\"https:\/\/www.lyons-andelle-tourisme.com\/en\/stay\/access-and-transportation\/#breadcrumb\",\"itemListElement\":[{\"@type\":\"ListItem\",\"position\":1,\"name\":\"Stay\",\"item\":\"https:\/\/www.lyons-andelle-tourisme.com\/en\/stay\/\"},{\"@type\":\"ListItem\",\"position\":2,\"name\":\"Access and transportation\"}]}]}<\/script>\n<!-- \/ Yoast SEO plugin. -->","yoast_head_json":{"title":"Access and transportation - Lyons Andelle Tourisme","robots":{"index":"index","follow":"follow","max-snippet":"max-snippet:-1","max-image-preview":"max-image-preview:large","max-video-preview":"max-video-preview:-1"},"canonical":"https:\/\/www.lyons-andelle-tourisme.com\/en\/stay\/access-and-transportation\/","og_locale":"en_US","og_type":"article","og_title":"Access and transportation - Lyons Andelle Tourisme","og_description":"Come Road access Freeway A13, exits n\u00b017, n\u00b020 D6014, Rouen &#8211; Paris RN31, Rouen \u2013 Reims Train lines Line Rouen &#8211; Paris : Rouen SNCF stationTel number : 36 35 Line Gisors &#8211; Paris (Transilien ligne J) : Gisors SNCF stationTel number : 36 35 Bus lines Line n\u00b0 500 : Rouen \u2013 Lyons-la-For\u00eat &#8211; [&hellip;]","og_url":"https:\/\/www.lyons-andelle-tourisme.com\/en\/stay\/access-and-transportation\/","og_site_name":"Lyons Andelle Tourisme","article_modified_time":"2023-10-24T12:54:21+00:00","og_image":[{"width":1998,"height":1125,"url":"https:\/\/www.lyons-andelle-tourisme.com\/wp-content\/uploads\/2020\/12\/Voiture-ancienne-a-Lyons-2000px\u00a9-OTLA-ML-Vittori.jpg","path":"\/var\/www\/lyons-andelle-tourisme.com\/html\/wp-content\/uploads\/2020\/12\/Voiture-ancienne-a-Lyons-2000px\u00a9-OTLA-ML-Vittori.jpg","size":"full","id":13595,"alt":"","pixels":2247750,"type":"image\/jpeg"}],"twitter_card":"summary_large_image","twitter_misc":{"Est. reading time":"3 minutes"},"schema":{"@context":"https:\/\/schema.org","@graph":[{"@type":"WebSite","@id":"https:\/\/www.lyons-andelle-tourisme.com\/#website","url":"https:\/\/www.lyons-andelle-tourisme.com\/","name":"Lyons Andelle Tourisme","description":"L&#039;\u00e9chapp\u00e9e Belle Normande \u00e0 1h30 de Paris","potentialAction":[{"@type":"SearchAction","target":{"@type":"EntryPoint","urlTemplate":"https:\/\/www.lyons-andelle-tourisme.com\/?s={search_term_string}"},"query-input":"required name=search_term_string"}],"inLanguage":"en-US"},{"@type":"ImageObject","@id":"https:\/\/www.lyons-andelle-tourisme.com\/en\/stay\/access-and-transportation\/#primaryimage","inLanguage":"en-US","url":"https:\/\/www.lyons-andelle-tourisme.com\/wp-content\/uploads\/2020\/12\/Voiture-ancienne-a-Lyons-2000px\u00a9-OTLA-ML-Vittori.jpg","contentUrl":"https:\/\/www.lyons-andelle-tourisme.com\/wp-content\/uploads\/2020\/12\/Voiture-ancienne-a-Lyons-2000px\u00a9-OTLA-ML-Vittori.jpg","width":1998,"height":1125},{"@type":"WebPage","@id":"https:\/\/www.lyons-andelle-tourisme.com\/en\/stay\/access-and-transportation\/#webpage","url":"https:\/\/www.lyons-andelle-tourisme.com\/en\/stay\/access-and-transportation\/","name":"Access and transportation - Lyons Andelle Tourisme","isPartOf":{"@id":"https:\/\/www.lyons-andelle-tourisme.com\/#website"},"primaryImageOfPage":{"@id":"https:\/\/www.lyons-andelle-tourisme.com\/en\/stay\/access-and-transportation\/#primaryimage"},"datePublished":"2021-09-27T10:09:20+00:00","dateModified":"2023-10-24T12:54:21+00:00","breadcrumb":{"@id":"https:\/\/www.lyons-andelle-tourisme.com\/en\/stay\/access-and-transportation\/#breadcrumb"},"inLanguage":"en-US","potentialAction":[{"@type":"ReadAction","target":["https:\/\/www.lyons-andelle-tourisme.com\/en\/stay\/access-and-transportation\/"]}]},{"@type":"BreadcrumbList","@id":"https:\/\/www.lyons-andelle-tourisme.com\/en\/stay\/access-and-transportation\/#breadcrumb","itemListElement":[{"@type":"ListItem","position":1,"name":"Stay","item":"https:\/\/www.lyons-andelle-tourisme.com\/en\/stay\/"},{"@type":"ListItem","position":2,"name":"Access and transportation"}]}]}},"_links":{"self":[{"href":"https:\/\/www.lyons-andelle-tourisme.com\/en\/wp-json\/wp\/v2\/pages\/11406"}],"collection":[{"href":"https:\/\/www.lyons-andelle-tourisme.com\/en\/wp-json\/wp\/v2\/pages"}],"about":[{"href":"https:\/\/www.lyons-andelle-tourisme.com\/en\/wp-json\/wp\/v2\/types\/page"}],"author":[{"embeddable":true,"href":"https:\/\/www.lyons-andelle-tourisme.com\/en\/wp-json\/wp\/v2\/users\/1"}],"replies":[{"embeddable":true,"href":"https:\/\/www.lyons-andelle-tourisme.com\/en\/wp-json\/wp\/v2\/comments?post=11406"}],"version-history":[{"count":11,"href":"https:\/\/www.lyons-andelle-tourisme.com\/en\/wp-json\/wp\/v2\/pages\/11406\/revisions"}],"predecessor-version":[{"id":131099,"href":"https:\/\/www.lyons-andelle-tourisme.com\/en\/wp-json\/wp\/v2\/pages\/11406\/revisions\/131099"}],"up":[{"embeddable":true,"href":"https:\/\/www.lyons-andelle-tourisme.com\/en\/wp-json\/wp\/v2\/pages\/11394"}],"wp:featuredmedia":[{"embeddable":true,"href":"https:\/\/www.lyons-andelle-tourisme.com\/en\/wp-json\/wp\/v2\/media\/13595"}],"wp:attachment":[{"href":"https:\/\/www.lyons-andelle-tourisme.com\/en\/wp-json\/wp\/v2\/media?parent=11406"}],"curies":[{"name":"wp","href":"https:\/\/api.w.org\/{rel}","templated":true}]}}