{"id":11421,"date":"2021-09-27T12:13:43","date_gmt":"2021-09-27T10:13:43","guid":{"rendered":"https:\/\/www.lyons-andelle-tourisme.com\/?page_id=11421"},"modified":"2022-09-05T13:00:37","modified_gmt":"2022-09-05T11:00:37","slug":"heritage-visits","status":"publish","type":"page","link":"https:\/\/www.lyons-andelle-tourisme.com\/en\/discover-lyons-andelle\/heritage-visits\/","title":{"rendered":"Heritage &#038; visits"},"content":{"rendered":"\n<p>From one village to another, stones, bricks or half-timbered houses have crossed the centuries. They tell you the eventful history of the Vexin Normand, border region between the Kingdom of France and the Duchy of Normandy in the Middle Ages. They also show sites in heritage from the industrial revolution and reveal the know-how closely linked to its natural heritage.<\/p>\n\n\n\n<div style=\"height:20px\" aria-hidden=\"true\" class=\"wp-block-spacer\"><\/div>\n\n\n\n<p><strong>Art and garden <\/strong>lovers will enjoy places such as the <strong><a href=\"https:\/\/www.lyons-andelle-tourisme.com\/en\/sejour\/chateau-de-vascoeuil-centre-dart-et-dhistoire-jardin-et-parc-de-sculptures-modernes-musee-j-michelet\/\" class=\"ek-link\">Vascoeuil castle<\/a><\/strong>, with its collection of works by major contemporary artists, or the arboretum, a vast park dedicated to trees from the five continents, to be visited in the heart of<strong> <a href=\"https:\/\/www.lyons-andelle-tourisme.com\/en\/discover-lyons-andelle\/green-escape\/the-national-forest-of-lyons\/\" class=\"ek-link\">the Lyons forest<\/a>.<\/strong><\/p>\n\n\n\n<div style=\"height:50px\" aria-hidden=\"true\" class=\"wp-block-spacer\"><\/div>\n\n\n\n<figure class=\"wp-block-gallery columns-2 is-cropped\"><ul class=\"blocks-gallery-grid\"><li class=\"blocks-gallery-item\"><figure><img loading=\"lazy\" width=\"1024\" height=\"768\" src=\"https:\/\/www.lyons-andelle-tourisme.com\/wp-content\/uploads\/2020\/12\/VASCOEUIL-Jardin-a-langlaise-C-M-Laure-Papillard-1024x768.jpg\" alt=\"\u00a9ACVM\" data-id=\"2065\" data-full-url=\"https:\/\/www.lyons-andelle-tourisme.com\/wp-content\/uploads\/2020\/12\/VASCOEUIL-Jardin-a-langlaise-C-M-Laure-Papillard.jpg\" data-link=\"https:\/\/www.lyons-andelle-tourisme.com\/vascoeuil-jardin-a-langlaise-c-m-laure-papillard\/\" class=\"wp-image-2065\" srcset=\"https:\/\/www.lyons-andelle-tourisme.com\/wp-content\/uploads\/2020\/12\/VASCOEUIL-Jardin-a-langlaise-C-M-Laure-Papillard-1024x768.jpg 1024w, https:\/\/www.lyons-andelle-tourisme.com\/wp-content\/uploads\/2020\/12\/VASCOEUIL-Jardin-a-langlaise-C-M-Laure-Papillard-300x225.jpg 300w, https:\/\/www.lyons-andelle-tourisme.com\/wp-content\/uploads\/2020\/12\/VASCOEUIL-Jardin-a-langlaise-C-M-Laure-Papillard-768x576.jpg 768w, https:\/\/www.lyons-andelle-tourisme.com\/wp-content\/uploads\/2020\/12\/VASCOEUIL-Jardin-a-langlaise-C-M-Laure-Papillard.jpg 1500w\" sizes=\"(max-width: 1024px) 100vw, 1024px\" \/><figcaption class=\"blocks-gallery-item__caption\">Park of the castle of Vascoeuil<\/figcaption><\/figure><\/li><li class=\"blocks-gallery-item\"><figure><img loading=\"lazy\" width=\"1024\" height=\"768\" src=\"https:\/\/www.lyons-andelle-tourisme.com\/wp-content\/uploads\/2020\/12\/IMG_4691-scaled-1024x768.jpg\" alt=\"\" data-id=\"3142\" data-full-url=\"https:\/\/www.lyons-andelle-tourisme.com\/wp-content\/uploads\/2020\/12\/IMG_4691-scaled.jpg\" data-link=\"https:\/\/www.lyons-andelle-tourisme.com\/decouvrir\/patrimoine-visites\/img_4691\/\" class=\"wp-image-3142\" srcset=\"https:\/\/www.lyons-andelle-tourisme.com\/wp-content\/uploads\/2020\/12\/IMG_4691-scaled-1024x768.jpg 1024w, https:\/\/www.lyons-andelle-tourisme.com\/wp-content\/uploads\/2020\/12\/IMG_4691-scaled-300x225.jpg 300w, https:\/\/www.lyons-andelle-tourisme.com\/wp-content\/uploads\/2020\/12\/IMG_4691-scaled-768x576.jpg 768w, https:\/\/www.lyons-andelle-tourisme.com\/wp-content\/uploads\/2020\/12\/IMG_4691-scaled-1536x1152.jpg 1536w, https:\/\/www.lyons-andelle-tourisme.com\/wp-content\/uploads\/2020\/12\/IMG_4691-scaled-2048x1536.jpg 2048w\" sizes=\"(max-width: 1024px) 100vw, 1024px\" \/><figcaption class=\"blocks-gallery-item__caption\">Arboretum of Lyons<\/figcaption><\/figure><\/li><\/ul><\/figure>\n\n\n\n<div style=\"height:100px\" aria-hidden=\"true\" class=\"wp-block-spacer\"><\/div>\n\n\n\n<div class=\"wp-block-media-text is-stacked-on-mobile is-image-fill\"><figure class=\"wp-block-media-text__media\" style=\"background-image:url(https:\/\/www.lyons-andelle-tourisme.com\/wp-content\/uploads\/2020\/12\/Moulin-Fleury-sur-Andelle\u00a9Reine-Lisiecki-768x1024.jpg);background-position:42% 65%\"><img src=\"https:\/\/www.lyons-andelle-tourisme.com\/wp-content\/uploads\/2020\/12\/Moulin-Fleury-sur-Andelle\u00a9Reine-Lisiecki-768x1024.jpg\" alt=\"\" class=\"wp-image-3143 size-full\"\/><\/figure><div class=\"wp-block-media-text__content\">\n<div style=\"height:24px\" aria-hidden=\"true\" class=\"wp-block-spacer\"><\/div>\n\n\n\n<p><strong>Stroll along the Andelle and Lieure rivers<\/strong>, following the paths of the Industrial Revolution. Old mills, factories, spinning mills and workers&#8217; towns mark out its history and bear witness to the imprint of this page of history on the valley. Several hiking trails in the <strong>Andelle valley <\/strong>reveal part of this industrial heritage.<\/p>\n\n\n\n<div class=\"wp-block-buttons\">\n<div class=\"wp-block-button\"><a class=\"wp-block-button__link\" href=\"https:\/\/www.lyons-andelle-tourisme.com\/en\/recharge\/hiking\/\">Our hiking trails<\/a><\/div>\n<\/div>\n<\/div><\/div>\n\n\n\n<div style=\"height:70px\" aria-hidden=\"true\" class=\"wp-block-spacer\"><\/div>\n\n\n\n<p>From time to time, the tourist office organizes guided tours of the impressive <strong><a href=\"https:\/\/social.shorthand.com\/RegionNormandie\/u2mMd0jabi\/la-filature-levavasseur\" class=\"ek-link\">Levavasseur spinning <\/a><\/strong>mill in Pont-Saint-Pierre. This monumental building is usually closed to the public. However, it is possible to see the exceptional neo-gothic architecture of the mill while walking along the banks of the Andelle, during a visit to the <strong><a href=\"https:\/\/www.lyons-andelle-tourisme.com\/en\/sejour\/abbey-of-notre-dame-de-fontaine-guerard\/\" class=\"ek-link\">abbey of Notre-Dame de Fontaine-Gu\u00e9rard<\/a><\/strong>, or when <strong><a href=\"https:\/\/www.lyons-andelle-tourisme.com\/en\/recharge\/hiking\/\" class=\"ek-link\">hiking<\/a><\/strong>: the Bonnemare Wood trail route runs alongside these two remarkable buildings.<\/p>\n\n\n\n<div style=\"height:52px\" aria-hidden=\"true\" class=\"wp-block-spacer\"><\/div>\n\n\n\n<h2>You may also like<\/h2>\n\n\n\n<div style=\"height:20px\" aria-hidden=\"true\" class=\"wp-block-spacer\"><\/div>\n\n\n\n<ul><li>Visit the site and discover the craft beers of the <strong><a href=\"https:\/\/www.lyons-andelle-tourisme.com\/en\/sejour\/brasserie-insulaire\/\" class=\"ek-link\">Brasserie Insulaire<\/a><\/strong>, settled in a former 19th century spinning mill in Charleval, on an island of the Andelle.<\/li><li>Discover the Norman know-how of past and present in <strong><a href=\"https:\/\/www.lyons-andelle-tourisme.com\/en\/categorie\/to-visit\/museums-en\/\" class=\"ek-link\">museums <\/a><\/strong>and in <strong><a href=\"https:\/\/www.lyons-andelle-tourisme.com\/en\/categorie\/to-visit\/visits-to-farms-and-producers-en\/\" class=\"ek-link\">farms open to the public<\/a>.<\/strong><\/li><\/ul>\n\n\n\n<div style=\"height:30px\" aria-hidden=\"true\" class=\"wp-block-spacer\"><\/div>\n\n\n\n<p><strong>Culture lovers <\/strong>in all its forms, follow our <strong>agenda<\/strong> : <strong><a href=\"https:\/\/www.lyons-andelle-tourisme.com\/en\/categorie\/to-visit\/castle\/\" class=\"ek-link\">castles <\/a><\/strong>turned into contemporary art centres and abbeys regularly host exhibitions, medieval festivities and concerts..<\/p>\n\n\n\n<div style=\"height:70px\" aria-hidden=\"true\" class=\"wp-block-spacer\"><\/div>\n\n\n\n<figure class=\"wp-block-gallery columns-2 is-cropped\"><ul class=\"blocks-gallery-grid\"><li class=\"blocks-gallery-item\"><figure><img loading=\"lazy\" width=\"1024\" height=\"768\" src=\"https:\/\/www.lyons-andelle-tourisme.com\/wp-content\/uploads\/2020\/12\/Jeux-de-Piste-a-Lyons-la-Foret-\u00a9ML-Vittori-Lyons-Andelle-Tourisme-1024x768.jpg\" alt=\"\" data-id=\"2020\" data-full-url=\"https:\/\/www.lyons-andelle-tourisme.com\/wp-content\/uploads\/2020\/12\/Jeux-de-Piste-a-Lyons-la-Foret-\u00a9ML-Vittori-Lyons-Andelle-Tourisme.jpg\" data-link=\"https:\/\/www.lyons-andelle-tourisme.com\/jeux-de-piste-a-lyons-la-foret-ml-vittori-lyons-andelle-tourisme\/\" class=\"wp-image-2020\" srcset=\"https:\/\/www.lyons-andelle-tourisme.com\/wp-content\/uploads\/2020\/12\/Jeux-de-Piste-a-Lyons-la-Foret-\u00a9ML-Vittori-Lyons-Andelle-Tourisme-1024x768.jpg 1024w, https:\/\/www.lyons-andelle-tourisme.com\/wp-content\/uploads\/2020\/12\/Jeux-de-Piste-a-Lyons-la-Foret-\u00a9ML-Vittori-Lyons-Andelle-Tourisme-300x225.jpg 300w, https:\/\/www.lyons-andelle-tourisme.com\/wp-content\/uploads\/2020\/12\/Jeux-de-Piste-a-Lyons-la-Foret-\u00a9ML-Vittori-Lyons-Andelle-Tourisme-768x576.jpg 768w, https:\/\/www.lyons-andelle-tourisme.com\/wp-content\/uploads\/2020\/12\/Jeux-de-Piste-a-Lyons-la-Foret-\u00a9ML-Vittori-Lyons-Andelle-Tourisme.jpg 1500w\" sizes=\"(max-width: 1024px) 100vw, 1024px\" \/><figcaption class=\"blocks-gallery-item__caption\">Family treasure hunt in Lyons-la-For\u00eat <\/figcaption><\/figure><\/li><li class=\"blocks-gallery-item\"><figure><img loading=\"lazy\" width=\"1024\" height=\"717\" src=\"https:\/\/www.lyons-andelle-tourisme.com\/wp-content\/uploads\/2020\/12\/Visite-guidee-Ancienne-Filature-Levavasseur-\u00a9-Elina-Orfanoudaki-1024x717.jpg\" alt=\"\u00a9ML Vittori Lyons Andelle Tourisme\" data-id=\"2067\" data-full-url=\"https:\/\/www.lyons-andelle-tourisme.com\/wp-content\/uploads\/2020\/12\/Visite-guidee-Ancienne-Filature-Levavasseur-\u00a9-Elina-Orfanoudaki.jpg\" data-link=\"https:\/\/www.lyons-andelle-tourisme.com\/mode-accessoires\/visite-guidee-ancienne-filature-levavasseur-elina-orfanoudaki\/\" class=\"wp-image-2067\" srcset=\"https:\/\/www.lyons-andelle-tourisme.com\/wp-content\/uploads\/2020\/12\/Visite-guidee-Ancienne-Filature-Levavasseur-\u00a9-Elina-Orfanoudaki-1024x717.jpg 1024w, https:\/\/www.lyons-andelle-tourisme.com\/wp-content\/uploads\/2020\/12\/Visite-guidee-Ancienne-Filature-Levavasseur-\u00a9-Elina-Orfanoudaki-300x210.jpg 300w, https:\/\/www.lyons-andelle-tourisme.com\/wp-content\/uploads\/2020\/12\/Visite-guidee-Ancienne-Filature-Levavasseur-\u00a9-Elina-Orfanoudaki-768x538.jpg 768w, https:\/\/www.lyons-andelle-tourisme.com\/wp-content\/uploads\/2020\/12\/Visite-guidee-Ancienne-Filature-Levavasseur-\u00a9-Elina-Orfanoudaki.jpg 1500w\" sizes=\"(max-width: 1024px) 100vw, 1024px\" \/><figcaption class=\"blocks-gallery-item__caption\">Guided tour, Old Spinning Mill Levavasseur <\/figcaption><\/figure><\/li><\/ul><\/figure>\n\n\n\n<div style=\"height:20px\" aria-hidden=\"true\" class=\"wp-block-spacer\"><\/div>\n\n\n\n<p><strong>The Lyons Andelle Tourist Office <\/strong>regularly offers <strong>guided tours, <\/strong>unusual tours and <strong>treasure hunts <\/strong>around the heritage of our villages. Our calendar of events and visits is published in our <strong>events\u2019 diary.<\/strong><\/p>\n\n\n\n<\/div>\n<div class=\"bloc_2colonnes\">\n\t<div class=\"left\">\n\t\t\t\t\t<div class=\"desc\">\n\t\t\t\t<h6><strong>What would you like to discover ?<\/strong><\/h6>\n<p><strong>Pop into the tourist office or discover all the treasures of Lyons Andelle here.<\/strong><\/p>\n<p><span style=\"color: #000000;\">\u00a0<\/span><\/p>\n\t\t\t\t\t\t\t\t<\/div>\n\t\t\t\t\n\t<\/div>\n\t<div class=\"right\">\n\t\t\t\t\t<div class=\"lien\">\n\t\t\t\t<a href=\"https:\/\/www.lyons-andelle-tourisme.com\/en\/categorie\/to-visit\/castle\/ \"><img src=\"https:\/\/www.lyons-andelle-tourisme.com\/wp-content\/uploads\/2020\/12\/Chateau-de-Vascoeuil-\u00a9-Cormon-200x200.jpg\">Castle<\/a>\t\t\t\n\t\t\t<\/div>\n\t\t\t\t\t\t\t<div class=\"lien\">\n\t\t\t\t<a href=\"https:\/\/www.lyons-andelle-tourisme.com\/en\/categorie\/to-visit\/religious-buildings\/ \"><img src=\"https:\/\/www.lyons-andelle-tourisme.com\/wp-content\/uploads\/2020\/12\/abbaye-de-Fontaine-Guerard-guide2018\u00a9abbaye-ND-de-Fontaine-Guerard-200x200.jpg\">Abbeys<\/a>\t\t\t\n\t\t\t<\/div>\n\t\t\t\t\t\t\t<div class=\"lien\">\n\t\t\t\t<a href=\"https:\/\/www.lyons-andelle-tourisme.com\/en\/categorie\/to-visit\/parks-and-gardens-en\/ \"><img src=\"https:\/\/www.lyons-andelle-tourisme.com\/wp-content\/uploads\/2020\/12\/arboretum-de-lyons-2020-3bis\u00a9ML-Vittori-200x200.jpg\">Parks and garden<\/a>\t\t\t\n\t\t\t<\/div>\n\t\t\n\t\t\t\t\t<div class=\"lien\" style=\" \t\t\t\tmargin: 100px auto 0 auto;\n\t\t\t \">\n\t\t\t\t<a href=\"https:\/\/www.lyons-andelle-tourisme.com\/en\/categorie\/to-visit\/museums-en\/ \"><img src=\"https:\/\/www.lyons-andelle-tourisme.com\/wp-content\/uploads\/2022\/06\/MUSEE-JULES-MICHELET2-6-200x200.jpg\">Museums<\/a>\t\t\t<\/div>\n\t\t\n\t\t\t\t\t<div class=\"lien\" style=\" \t\t\t\tmargin: 100px auto 0 auto;\n\t\t\t \">\n\t\t\t\t<a href=\"https:\/\/www.lyons-andelle-tourisme.com\/en\/categorie\/to-visit\/visits-to-farms-and-producers-en\/ \"><img src=\"https:\/\/www.lyons-andelle-tourisme.com\/wp-content\/uploads\/2020\/12\/Ferme-des-Peupliers_traite_vache\u00a9Ferme-des-Peupliers-scaled-200x200.jpg\">Farms and producers<\/a>\t\t\t<\/div>\n\t\t\n\n\t\t\n\n\n\t<\/div>\n\t\n<\/div>\n<div class=\"contenu\">\n\n\n\n","protected":false},"excerpt":{"rendered":"<p>From one village to another, stones, bricks or half-timbered houses have crossed the centuries. They tell you the eventful history of the Vexin Normand, border region between the Kingdom of France and the Duchy of Normandy in the Middle Ages. They also show sites in heritage from the industrial revolution and reveal the know-how closely [&hellip;]<\/p>\n","protected":false},"author":1,"featured_media":0,"parent":125183,"menu_order":6,"comment_status":"closed","ping_status":"closed","template":"","meta":{"_editorskit_title_hidden":false,"_editorskit_reading_time":2,"_editorskit_typography_data":[],"_editorskit_blocks_typography":""},"yoast_head":"<!-- This site is optimized with the Yoast SEO plugin v17.2 - https:\/\/yoast.com\/wordpress\/plugins\/seo\/ -->\n<title>Heritage &amp; visits - Lyons Andelle Tourisme<\/title>\n<meta name=\"robots\" content=\"index, follow, max-snippet:-1, max-image-preview:large, max-video-preview:-1\" \/>\n<link rel=\"canonical\" href=\"https:\/\/www.lyons-andelle-tourisme.com\/en\/discover-lyons-andelle__trashed\/heritage-visits\/\" \/>\n<meta property=\"og:locale\" content=\"en_US\" \/>\n<meta property=\"og:type\" content=\"article\" \/>\n<meta property=\"og:title\" content=\"Heritage &amp; visits - Lyons Andelle Tourisme\" \/>\n<meta property=\"og:description\" content=\"From one village to another, stones, bricks or half-timbered houses have crossed the centuries. They tell you the eventful history of the Vexin Normand, border region between the Kingdom of France and the Duchy of Normandy in the Middle Ages. They also show sites in heritage from the industrial revolution and reveal the know-how closely [&hellip;]\" \/>\n<meta property=\"og:url\" content=\"https:\/\/www.lyons-andelle-tourisme.com\/en\/discover-lyons-andelle__trashed\/heritage-visits\/\" \/>\n<meta property=\"og:site_name\" content=\"Lyons Andelle Tourisme\" \/>\n<meta property=\"article:modified_time\" content=\"2022-09-05T11:00:37+00:00\" \/>\n<meta property=\"og:image\" content=\"https:\/\/www.lyons-andelle-tourisme.com\/wp-content\/uploads\/2020\/12\/VASCOEUIL-Jardin-a-langlaise-C-M-Laure-Papillard-1024x768.jpg\" \/>\n<meta name=\"twitter:card\" content=\"summary_large_image\" \/>\n<meta name=\"twitter:label1\" content=\"Est. reading time\" \/>\n\t<meta name=\"twitter:data1\" content=\"3 minutes\" \/>\n<script type=\"application\/ld+json\" class=\"yoast-schema-graph\">{\"@context\":\"https:\/\/schema.org\",\"@graph\":[{\"@type\":\"WebSite\",\"@id\":\"https:\/\/www.lyons-andelle-tourisme.com\/#website\",\"url\":\"https:\/\/www.lyons-andelle-tourisme.com\/\",\"name\":\"Lyons Andelle Tourisme\",\"description\":\"L&#039;\\u00e9chapp\\u00e9e Belle Normande \\u00e0 1h30 de Paris\",\"potentialAction\":[{\"@type\":\"SearchAction\",\"target\":{\"@type\":\"EntryPoint\",\"urlTemplate\":\"https:\/\/www.lyons-andelle-tourisme.com\/?s={search_term_string}\"},\"query-input\":\"required name=search_term_string\"}],\"inLanguage\":\"en-US\"},{\"@type\":\"ImageObject\",\"@id\":\"https:\/\/www.lyons-andelle-tourisme.com\/en\/discover-lyons-andelle__trashed\/heritage-visits\/#primaryimage\",\"inLanguage\":\"en-US\",\"url\":\"https:\/\/www.lyons-andelle-tourisme.com\/wp-content\/uploads\/2020\/12\/VASCOEUIL-Jardin-a-langlaise-C-M-Laure-Papillard.jpg\",\"contentUrl\":\"https:\/\/www.lyons-andelle-tourisme.com\/wp-content\/uploads\/2020\/12\/VASCOEUIL-Jardin-a-langlaise-C-M-Laure-Papillard.jpg\",\"width\":1500,\"height\":1125,\"caption\":\"\\u00a9ACVM\"},{\"@type\":\"WebPage\",\"@id\":\"https:\/\/www.lyons-andelle-tourisme.com\/en\/discover-lyons-andelle__trashed\/heritage-visits\/#webpage\",\"url\":\"https:\/\/www.lyons-andelle-tourisme.com\/en\/discover-lyons-andelle__trashed\/heritage-visits\/\",\"name\":\"Heritage & visits - Lyons Andelle Tourisme\",\"isPartOf\":{\"@id\":\"https:\/\/www.lyons-andelle-tourisme.com\/#website\"},\"primaryImageOfPage\":{\"@id\":\"https:\/\/www.lyons-andelle-tourisme.com\/en\/discover-lyons-andelle__trashed\/heritage-visits\/#primaryimage\"},\"datePublished\":\"2021-09-27T10:13:43+00:00\",\"dateModified\":\"2022-09-05T11:00:37+00:00\",\"breadcrumb\":{\"@id\":\"https:\/\/www.lyons-andelle-tourisme.com\/en\/discover-lyons-andelle__trashed\/heritage-visits\/#breadcrumb\"},\"inLanguage\":\"en-US\",\"potentialAction\":[{\"@type\":\"ReadAction\",\"target\":[\"https:\/\/www.lyons-andelle-tourisme.com\/en\/discover-lyons-andelle__trashed\/heritage-visits\/\"]}]},{\"@type\":\"BreadcrumbList\",\"@id\":\"https:\/\/www.lyons-andelle-tourisme.com\/en\/discover-lyons-andelle__trashed\/heritage-visits\/#breadcrumb\",\"itemListElement\":[{\"@type\":\"ListItem\",\"position\":1,\"name\":\"Heritage & visits\"}]}]}<\/script>\n<!-- \/ Yoast SEO plugin. -->","yoast_head_json":{"title":"Heritage & visits - Lyons Andelle Tourisme","robots":{"index":"index","follow":"follow","max-snippet":"max-snippet:-1","max-image-preview":"max-image-preview:large","max-video-preview":"max-video-preview:-1"},"canonical":"https:\/\/www.lyons-andelle-tourisme.com\/en\/discover-lyons-andelle__trashed\/heritage-visits\/","og_locale":"en_US","og_type":"article","og_title":"Heritage & visits - Lyons Andelle Tourisme","og_description":"From one village to another, stones, bricks or half-timbered houses have crossed the centuries. They tell you the eventful history of the Vexin Normand, border region between the Kingdom of France and the Duchy of Normandy in the Middle Ages. They also show sites in heritage from the industrial revolution and reveal the know-how closely [&hellip;]","og_url":"https:\/\/www.lyons-andelle-tourisme.com\/en\/discover-lyons-andelle__trashed\/heritage-visits\/","og_site_name":"Lyons Andelle Tourisme","article_modified_time":"2022-09-05T11:00:37+00:00","og_image":[{"url":"https:\/\/www.lyons-andelle-tourisme.com\/wp-content\/uploads\/2020\/12\/VASCOEUIL-Jardin-a-langlaise-C-M-Laure-Papillard-1024x768.jpg"}],"twitter_card":"summary_large_image","twitter_misc":{"Est. reading time":"3 minutes"},"schema":{"@context":"https:\/\/schema.org","@graph":[{"@type":"WebSite","@id":"https:\/\/www.lyons-andelle-tourisme.com\/#website","url":"https:\/\/www.lyons-andelle-tourisme.com\/","name":"Lyons Andelle Tourisme","description":"L&#039;\u00e9chapp\u00e9e Belle Normande \u00e0 1h30 de Paris","potentialAction":[{"@type":"SearchAction","target":{"@type":"EntryPoint","urlTemplate":"https:\/\/www.lyons-andelle-tourisme.com\/?s={search_term_string}"},"query-input":"required name=search_term_string"}],"inLanguage":"en-US"},{"@type":"ImageObject","@id":"https:\/\/www.lyons-andelle-tourisme.com\/en\/discover-lyons-andelle__trashed\/heritage-visits\/#primaryimage","inLanguage":"en-US","url":"https:\/\/www.lyons-andelle-tourisme.com\/wp-content\/uploads\/2020\/12\/VASCOEUIL-Jardin-a-langlaise-C-M-Laure-Papillard.jpg","contentUrl":"https:\/\/www.lyons-andelle-tourisme.com\/wp-content\/uploads\/2020\/12\/VASCOEUIL-Jardin-a-langlaise-C-M-Laure-Papillard.jpg","width":1500,"height":1125,"caption":"\u00a9ACVM"},{"@type":"WebPage","@id":"https:\/\/www.lyons-andelle-tourisme.com\/en\/discover-lyons-andelle__trashed\/heritage-visits\/#webpage","url":"https:\/\/www.lyons-andelle-tourisme.com\/en\/discover-lyons-andelle__trashed\/heritage-visits\/","name":"Heritage & visits - Lyons Andelle Tourisme","isPartOf":{"@id":"https:\/\/www.lyons-andelle-tourisme.com\/#website"},"primaryImageOfPage":{"@id":"https:\/\/www.lyons-andelle-tourisme.com\/en\/discover-lyons-andelle__trashed\/heritage-visits\/#primaryimage"},"datePublished":"2021-09-27T10:13:43+00:00","dateModified":"2022-09-05T11:00:37+00:00","breadcrumb":{"@id":"https:\/\/www.lyons-andelle-tourisme.com\/en\/discover-lyons-andelle__trashed\/heritage-visits\/#breadcrumb"},"inLanguage":"en-US","potentialAction":[{"@type":"ReadAction","target":["https:\/\/www.lyons-andelle-tourisme.com\/en\/discover-lyons-andelle__trashed\/heritage-visits\/"]}]},{"@type":"BreadcrumbList","@id":"https:\/\/www.lyons-andelle-tourisme.com\/en\/discover-lyons-andelle__trashed\/heritage-visits\/#breadcrumb","itemListElement":[{"@type":"ListItem","position":1,"name":"Heritage & visits"}]}]}},"_links":{"self":[{"href":"https:\/\/www.lyons-andelle-tourisme.com\/en\/wp-json\/wp\/v2\/pages\/11421"}],"collection":[{"href":"https:\/\/www.lyons-andelle-tourisme.com\/en\/wp-json\/wp\/v2\/pages"}],"about":[{"href":"https:\/\/www.lyons-andelle-tourisme.com\/en\/wp-json\/wp\/v2\/types\/page"}],"author":[{"embeddable":true,"href":"https:\/\/www.lyons-andelle-tourisme.com\/en\/wp-json\/wp\/v2\/users\/1"}],"replies":[{"embeddable":true,"href":"https:\/\/www.lyons-andelle-tourisme.com\/en\/wp-json\/wp\/v2\/comments?post=11421"}],"version-history":[{"count":23,"href":"https:\/\/www.lyons-andelle-tourisme.com\/en\/wp-json\/wp\/v2\/pages\/11421\/revisions"}],"predecessor-version":[{"id":125139,"href":"https:\/\/www.lyons-andelle-tourisme.com\/en\/wp-json\/wp\/v2\/pages\/11421\/revisions\/125139"}],"up":[{"embeddable":true,"href":"https:\/\/www.lyons-andelle-tourisme.com\/en\/wp-json\/wp\/v2\/pages\/125183"}],"wp:attachment":[{"href":"https:\/\/www.lyons-andelle-tourisme.com\/en\/wp-json\/wp\/v2\/media?parent=11421"}],"curies":[{"name":"wp","href":"https:\/\/api.w.org\/{rel}","templated":true}]}}