{"id":18764,"date":"2020-11-27T11:10:03","date_gmt":"2020-11-27T10:10:03","guid":{"rendered":"https:\/\/www.lyons-andelle-tourisme.com\/ontdek\/lyons-la-foret\/"},"modified":"2023-02-27T13:37:57","modified_gmt":"2023-02-27T12:37:57","slug":"lyons-la-foret","status":"publish","type":"page","link":"https:\/\/www.lyons-andelle-tourisme.com\/nl\/ontdek\/lyons-la-foret\/","title":{"rendered":"Lyons-la-For\u00eat"},"content":{"rendered":"\n<h2>Breng een bezoek aan Lyons-la-For\u00eat, een van de mooiste dorpen van Frankrijk.<\/h2>\n\n\n\n<div style=\"height:40px\" aria-hidden=\"true\" class=\"wp-block-spacer\"><\/div>\n\n\n\n<div style=\"height:100px\" aria-hidden=\"true\" class=\"wp-block-spacer\"><\/div>\n\n\n\n<p>Dit dorp met een onmiskenbaar eigen karakter beschikt over een opmerkelijk <strong><a href=\"https:\/\/www.lyons-andelle-tourisme.com\/nl\/ontdek\/erfgoed-bezoeken-lyons-andelle\/\" class=\"ek-link\">historisch en natuurlijk erfgoed<\/a><\/strong>.<\/p>\n\n\n\n<p>Het <strong>in het hart van het <a href=\"https:\/\/www.lyons-andelle-tourisme.com\/nl\/ontdek\/de-groene-ontsnapping\/bos-lyons\/\" class=\"ek-link\">staatsbos van Lyons<\/a><\/strong> verscholen <strong>Lyons-la-For\u00eat<\/strong>, op anderhalf uur van Parijs, is <strong>Normandi\u00eb<\/strong> kort samengevat.<\/p>\n\n\n\n<div style=\"height:40px\" aria-hidden=\"true\" class=\"wp-block-spacer\"><\/div>\n\n\n\n<div class=\"wp-block-media-text alignwide is-stacked-on-mobile is-image-fill\"><figure class=\"wp-block-media-text__media\" style=\"background-image:url(https:\/\/www.lyons-andelle-tourisme.com\/wp-content\/uploads\/2021\/06\/Balade-a-velo-electrique-Lyons-la-Foret-Max-Coquard-Bestjobers-Eure-Tourisme.jpg);background-position:71% 47%\"><img loading=\"lazy\" width=\"800\" height=\"533\" src=\"https:\/\/www.lyons-andelle-tourisme.com\/wp-content\/uploads\/2021\/06\/Balade-a-velo-electrique-Lyons-la-Foret-Max-Coquard-Bestjobers-Eure-Tourisme.jpg\" alt=\"\" class=\"wp-image-9680 size-full\" srcset=\"https:\/\/www.lyons-andelle-tourisme.com\/wp-content\/uploads\/2021\/06\/Balade-a-velo-electrique-Lyons-la-Foret-Max-Coquard-Bestjobers-Eure-Tourisme.jpg 800w, https:\/\/www.lyons-andelle-tourisme.com\/wp-content\/uploads\/2021\/06\/Balade-a-velo-electrique-Lyons-la-Foret-Max-Coquard-Bestjobers-Eure-Tourisme-300x200.jpg 300w, https:\/\/www.lyons-andelle-tourisme.com\/wp-content\/uploads\/2021\/06\/Balade-a-velo-electrique-Lyons-la-Foret-Max-Coquard-Bestjobers-Eure-Tourisme-768x512.jpg 768w\" sizes=\"(max-width: 800px) 100vw, 800px\" \/><\/figure><div class=\"wp-block-media-text__content\">\n<div style=\"height:40px\" aria-hidden=\"true\" class=\"wp-block-spacer\"><\/div>\n\n\n\n<h3>Neem de tijd in een ansichtkaartdecor<\/h3>\n\n\n\n<p>Laat u <strong>bekoren<\/strong> door de <strong>straatjes vol bloemen<\/strong> met <strong>vakwerk<\/strong>huizen van baksteen, kloosters uit vervlogen tijden en molens aan de oever van de Lieure. <\/p>\n<\/div><\/div>\n\n\n\n<div style=\"height:100px\" aria-hidden=\"true\" class=\"wp-block-spacer\"><\/div>\n\n\n\n<h3>Ontdek de bijzondere geschiedenis van deze voormalige koninklijke plaats<\/h3>\n\n\n\n<div class=\"wp-block-columns\">\n<div class=\"wp-block-column\" style=\"flex-basis:100%\">\n<p>De stad lag rond de in de<strong> Middeleeuwen<\/strong> door <strong>Hendrik I<sup><\/sup> van Beauclerc<\/strong> gebouwde burcht. Na de ontmanteling van dit gebouw aan het eind van de Honderdjarige Oorlog zijn alleen wat overblijfselen bewaard gebleven.<\/p>\n<\/div>\n<\/div>\n\n\n\n<p>Tot aan de Franse Revolutie volgde een lange reeks van <strong>hertogen van Normandi\u00eb<\/strong><strong> en koningen van Frankrijk<\/strong>, allemaal grote jachtliefhebbers, die naar Lyons kwamen om te jagen in het wildrijke koninklijke <a href=\"https:\/\/www.lyons-andelle-tourisme.com\/nl\/ontdek\/de-groene-ontsnapping\/bos-lyons\/\" class=\"ek-link\">bos<\/a>.<\/p>\n\n\n\n<div class=\"wp-block-buttons\">\n<div class=\"wp-block-button\"><a class=\"wp-block-button__link has-white-color has-text-color has-background\" href=\"https:\/\/www.lyons-andelle-tourisme.com\/nl\/lyons-la-foret-histoire\/\" style=\"background-color:#9c7f53\">Meer weten\n<\/a><\/div>\n<\/div>\n\n\n\n<div style=\"height:73px\" aria-hidden=\"true\" class=\"wp-block-spacer\"><\/div>\n\n\n\n<div class=\"wp-block-media-text is-stacked-on-mobile is-image-fill\" style=\"grid-template-columns:57% auto\"><figure class=\"wp-block-media-text__media\" style=\"background-image:url(https:\/\/www.lyons-andelle-tourisme.com\/wp-content\/uploads\/2020\/12\/Lyons-la-Foret-salle-de-Baillage\u00a9ML-Vittori-Lyons-Andelle-Tourisme-1024x768.jpg);background-position:50% 50%\"><img loading=\"lazy\" width=\"1024\" height=\"768\" src=\"https:\/\/www.lyons-andelle-tourisme.com\/wp-content\/uploads\/2020\/12\/Lyons-la-Foret-salle-de-Baillage\u00a9ML-Vittori-Lyons-Andelle-Tourisme-1024x768.jpg\" alt=\"Zaal van het baljuwschap in het stadhuis, Lyons-la-For\u00eat\" class=\"wp-image-2030 size-full\" srcset=\"https:\/\/www.lyons-andelle-tourisme.com\/wp-content\/uploads\/2020\/12\/Lyons-la-Foret-salle-de-Baillage\u00a9ML-Vittori-Lyons-Andelle-Tourisme-1024x768.jpg 1024w, https:\/\/www.lyons-andelle-tourisme.com\/wp-content\/uploads\/2020\/12\/Lyons-la-Foret-salle-de-Baillage\u00a9ML-Vittori-Lyons-Andelle-Tourisme-300x225.jpg 300w, https:\/\/www.lyons-andelle-tourisme.com\/wp-content\/uploads\/2020\/12\/Lyons-la-Foret-salle-de-Baillage\u00a9ML-Vittori-Lyons-Andelle-Tourisme-768x576.jpg 768w, https:\/\/www.lyons-andelle-tourisme.com\/wp-content\/uploads\/2020\/12\/Lyons-la-Foret-salle-de-Baillage\u00a9ML-Vittori-Lyons-Andelle-Tourisme.jpg 1500w\" sizes=\"(max-width: 1024px) 100vw, 1024px\" \/><\/figure><div class=\"wp-block-media-text__content\">\n<div style=\"height:40px\" aria-hidden=\"true\" class=\"wp-block-spacer\"><\/div>\n\n\n\n<h3 class=\"has-text-align-left\">Stap binnen in het stadhuis<\/h3>\n\n\n\n<p class=\"has-normal-font-size\">Het geeft onderdak aan de opmerkelijke <strong>18e-eeuwse <sup>rechtszaal<\/sup><\/strong> uit de tijd van het beschermheerschap van de <strong>hertog van Penthi\u00e8vre<\/strong>, de laatste landheer van Lyons.<\/p>\n<\/div><\/div>\n\n\n\n<div style=\"height:100px\" aria-hidden=\"true\" class=\"wp-block-spacer\"><\/div>\n\n\n\n<h3>Volg het spoor van de kunstenaars die hun stempel op Lyons hebben gedrukt.<\/h3>\n\n\n\n<div style=\"height:30px\" aria-hidden=\"true\" class=\"wp-block-spacer\"><\/div>\n\n\n\n<div class=\"wp-block-columns\">\n<div class=\"wp-block-column\" style=\"flex-basis:50%\">\n<p>Het geboortehuis van <strong>Isaac Benserade<\/strong>, dichter aan het hof van Lodewijk XIV en academicus, bevindt zich tegenover de emblematische <strong>markthal<\/strong> van het dorp. Deze als monument geregistreerde hal dateert uit de periode tussen de 15e en 18e eeuw.<\/p>\n\n\n\n<p>In de 20e eeuw veranderden kunstenaars als <strong>Maurice Ravel<\/strong>, de schilder Paul-Emile Pisser, de surrealist <strong>Andr\u00e9 Masson<\/strong> en <strong>Jacques-Emile Ruhlmann<\/strong>, binnenhuisarchitect van het Elys\u00e9e en Art Deco-icoon, <strong>Lyons-la-For\u00eat<\/strong> in een <strong>vakantieoord<\/strong>.<\/p>\n<\/div>\n\n\n\n<div class=\"wp-block-column\" style=\"flex-basis:50%\">\n<figure class=\"wp-block-image size-large is-resized is-style-default\"><img loading=\"lazy\" src=\"https:\/\/www.lyons-andelle-tourisme.com\/wp-content\/uploads\/2020\/12\/Lyons_maison-Benserade\u00a9ML-Vittori-Lyons-Andelle-Tourisme-1024x683.jpg\" alt=\"\u00a9 ML Vittori Lyons Andelle Tourisme\" class=\"wp-image-2028\" width=\"444\" height=\"296\" srcset=\"https:\/\/www.lyons-andelle-tourisme.com\/wp-content\/uploads\/2020\/12\/Lyons_maison-Benserade\u00a9ML-Vittori-Lyons-Andelle-Tourisme-1024x683.jpg 1024w, https:\/\/www.lyons-andelle-tourisme.com\/wp-content\/uploads\/2020\/12\/Lyons_maison-Benserade\u00a9ML-Vittori-Lyons-Andelle-Tourisme-300x200.jpg 300w, https:\/\/www.lyons-andelle-tourisme.com\/wp-content\/uploads\/2020\/12\/Lyons_maison-Benserade\u00a9ML-Vittori-Lyons-Andelle-Tourisme-768x512.jpg 768w, https:\/\/www.lyons-andelle-tourisme.com\/wp-content\/uploads\/2020\/12\/Lyons_maison-Benserade\u00a9ML-Vittori-Lyons-Andelle-Tourisme-800x534.jpg 800w, https:\/\/www.lyons-andelle-tourisme.com\/wp-content\/uploads\/2020\/12\/Lyons_maison-Benserade\u00a9ML-Vittori-Lyons-Andelle-Tourisme.jpg 1500w\" sizes=\"(max-width: 444px) 100vw, 444px\" \/><\/figure>\n<\/div>\n<\/div>\n\n\n\n<div style=\"height:75px\" aria-hidden=\"true\" class=\"wp-block-spacer\"><\/div>\n\n\n\n<div class=\"wp-block-media-text is-stacked-on-mobile is-image-fill\" style=\"grid-template-columns:57% auto\"><figure class=\"wp-block-media-text__media\" style=\"background-image:url(https:\/\/www.lyons-andelle-tourisme.com\/wp-content\/uploads\/2020\/12\/La-halle-Lyons-la-Foret-\u00a9Max-Coquard-Bestjobers-Eure-Tourisme-1024x683.jpg);background-position:50% 50%\"><img loading=\"lazy\" width=\"1024\" height=\"683\" src=\"https:\/\/www.lyons-andelle-tourisme.com\/wp-content\/uploads\/2020\/12\/La-halle-Lyons-la-Foret-\u00a9Max-Coquard-Bestjobers-Eure-Tourisme-1024x683.jpg\" alt=\"\" class=\"wp-image-2750 size-full\" srcset=\"https:\/\/www.lyons-andelle-tourisme.com\/wp-content\/uploads\/2020\/12\/La-halle-Lyons-la-Foret-\u00a9Max-Coquard-Bestjobers-Eure-Tourisme-1024x683.jpg 1024w, https:\/\/www.lyons-andelle-tourisme.com\/wp-content\/uploads\/2020\/12\/La-halle-Lyons-la-Foret-\u00a9Max-Coquard-Bestjobers-Eure-Tourisme-300x200.jpg 300w, https:\/\/www.lyons-andelle-tourisme.com\/wp-content\/uploads\/2020\/12\/La-halle-Lyons-la-Foret-\u00a9Max-Coquard-Bestjobers-Eure-Tourisme-768x512.jpg 768w, https:\/\/www.lyons-andelle-tourisme.com\/wp-content\/uploads\/2020\/12\/La-halle-Lyons-la-Foret-\u00a9Max-Coquard-Bestjobers-Eure-Tourisme-1536x1025.jpg 1536w, https:\/\/www.lyons-andelle-tourisme.com\/wp-content\/uploads\/2020\/12\/La-halle-Lyons-la-Foret-\u00a9Max-Coquard-Bestjobers-Eure-Tourisme-800x534.jpg 800w, https:\/\/www.lyons-andelle-tourisme.com\/wp-content\/uploads\/2020\/12\/La-halle-Lyons-la-Foret-\u00a9Max-Coquard-Bestjobers-Eure-Tourisme.jpg 1997w\" sizes=\"(max-width: 1024px) 100vw, 1024px\" \/><\/figure><div class=\"wp-block-media-text__content\">\n<div style=\"height:55px\" aria-hidden=\"true\" class=\"wp-block-spacer\"><\/div>\n\n\n\n<div class=\"wp-block-group\"><div class=\"wp-block-group__inner-container\">\n<h3 class=\"has-text-align-left\">Ga op in de sfeer van de roman <em>Madame Bovary<\/em> <\/h3>\n<\/div><\/div>\n\n\n\n<p class=\"has-text-align-left\"><strong>Jean Renoir<\/strong> en <strong>Claude Chabrol<\/strong> verfilmden er elk hun bioscoopversie van deze roman van <strong>Flaubert<\/strong>. In de verfilming van Chabrol, met Isabelle Huppert en Christophe Malavoy, zijn de prachtige, als monument geregistreerde markthal en de zaal van het baljuwschap goed te herkennen.  <\/p>\n\n\n\n<p>Meer recentelijk nam Anne Fontaine er sc\u00e8nes op voor haar film <strong><em>Gemma Bovery<\/em><\/strong>, met Fabrice Luchini als dorpsbakker.<\/p>\n\n\n\n<p><strong>Tot 31 oktober 2021 werd &#8220;Flaubert 21&#8221; in Lyons-la-For\u00eat gevierd met een tentoonstelling en animaties, die u kunt vinden in onze agenda.<\/strong>.<\/p>\n<\/div><\/div>\n\n\n\n<div style=\"height:80px\" aria-hidden=\"true\" class=\"wp-block-spacer\"><\/div>\n\n\n\n<p>Installeer u op \u00e9\u00e9n van de <strong>terrassen<\/strong> van de restaurants of caf\u00e9s tegenover de markthal om te genieten van het onbedorven karakter van het dorp, dat tot leven komt rond de gezellige <strong><a href=\"https:\/\/www.lyons-andelle-tourisme.com\/nl\/verblijf\/genieten-van\/markten\/\" class=\"ek-link\">markt<\/a><\/strong>.<\/p>\n\n\n\n<p>Gaat u liever <strong>picknicken<\/strong>? Voor <strong>afhaalpakketten<\/strong> kunt u terecht bij de brood- en banketbakkerijen en sommige restaurants, bijvoorbeeld <a href=\"https:\/\/www.lyons-andelle-tourisme.com\/nl\/sejour\/le-petit-lyons\/\" class=\"ek-link\">Le Petit Lyons<\/a>, Les Desserts Color\u00e9s of <a href=\"https:\/\/www.lyons-andelle-tourisme.com\/nl\/sejour\/restaurant-de-la-halle\/\" class=\"ek-link\">restaurant La Halle<\/a>.<\/p>\n\n\n\n<p><a href=\"https:\/\/www.lyons-andelle-tourisme.com\/wp-content\/uploads\/2021\/05\/Carte-Ou-pique-niquer-a-Lyons-la-Foret.pdf\" class=\"ek-link\">Kijk op onze kaart<\/a> voor een prettige plaats voor uw picknick.<\/p>\n\n\n\n<div style=\"height:50px\" aria-hidden=\"true\" class=\"wp-block-spacer\"><\/div>\n\n\n\n<figure class=\"wp-block-image size-large\"><img loading=\"lazy\" width=\"1024\" height=\"731\" src=\"https:\/\/www.lyons-andelle-tourisme.com\/wp-content\/uploads\/2020\/12\/Lyons-la-Foret-Place-Benserade-\u00a9ML-Vittori-Lyons-Andelle-Tourisme-1-1024x731.jpg\" alt=\"\" class=\"wp-image-3389\" srcset=\"https:\/\/www.lyons-andelle-tourisme.com\/wp-content\/uploads\/2020\/12\/Lyons-la-Foret-Place-Benserade-\u00a9ML-Vittori-Lyons-Andelle-Tourisme-1-1024x731.jpg 1024w, https:\/\/www.lyons-andelle-tourisme.com\/wp-content\/uploads\/2020\/12\/Lyons-la-Foret-Place-Benserade-\u00a9ML-Vittori-Lyons-Andelle-Tourisme-1-300x214.jpg 300w, https:\/\/www.lyons-andelle-tourisme.com\/wp-content\/uploads\/2020\/12\/Lyons-la-Foret-Place-Benserade-\u00a9ML-Vittori-Lyons-Andelle-Tourisme-1-768x548.jpg 768w, https:\/\/www.lyons-andelle-tourisme.com\/wp-content\/uploads\/2020\/12\/Lyons-la-Foret-Place-Benserade-\u00a9ML-Vittori-Lyons-Andelle-Tourisme-1-1536x1097.jpg 1536w, https:\/\/www.lyons-andelle-tourisme.com\/wp-content\/uploads\/2020\/12\/Lyons-la-Foret-Place-Benserade-\u00a9ML-Vittori-Lyons-Andelle-Tourisme-1.jpg 2000w\" sizes=\"(max-width: 1024px) 100vw, 1024px\" \/><\/figure>\n\n\n\n<div style=\"height:59px\" aria-hidden=\"true\" class=\"wp-block-spacer\"><\/div>\n\n\n\n<div class=\"wp-block-group\"><div class=\"wp-block-group__inner-container\">\n<p>Ga naar het toeristenbureau voor een <strong><a href=\"https:\/\/www.lyons-andelle-tourisme.com\/wp-content\/uploads\/2021\/04\/PLAN_LYONS-LA-FORET_FR.pdf\" class=\"ek-link\">plattegrond van het dorp<\/a><\/strong>, met interessante plaatsen en gemarkeerde wandelroutes, om zoveel mogelijk van uw bezoek te profiteren.  Bekijk onze tips voor te bezoeken plaatsen of monumenten, activiteiten of goede winkeladressen.<\/p>\n<\/div><\/div>\n\n\n\n<div style=\"height:50px\" aria-hidden=\"true\" class=\"wp-block-spacer\"><\/div>\n\n\n\n<div class=\"wp-block-image is-style-editorskit-rounded\"><figure class=\"aligncenter size-large is-resized\"><img loading=\"lazy\" src=\"https:\/\/www.lyons-andelle-tourisme.com\/wp-content\/uploads\/2021\/03\/trio-logos-lyons-la-foret-1024x169.jpg\" alt=\"\" class=\"wp-image-7664\" width=\"512\" height=\"85\" srcset=\"https:\/\/www.lyons-andelle-tourisme.com\/wp-content\/uploads\/2021\/03\/trio-logos-lyons-la-foret-1024x169.jpg 1024w, https:\/\/www.lyons-andelle-tourisme.com\/wp-content\/uploads\/2021\/03\/trio-logos-lyons-la-foret-300x50.jpg 300w, https:\/\/www.lyons-andelle-tourisme.com\/wp-content\/uploads\/2021\/03\/trio-logos-lyons-la-foret-768x127.jpg 768w, https:\/\/www.lyons-andelle-tourisme.com\/wp-content\/uploads\/2021\/03\/trio-logos-lyons-la-foret-1536x254.jpg 1536w, https:\/\/www.lyons-andelle-tourisme.com\/wp-content\/uploads\/2021\/03\/trio-logos-lyons-la-foret-2048x339.jpg 2048w\" sizes=\"(max-width: 512px) 100vw, 512px\" \/><\/figure><\/div>\n","protected":false},"excerpt":{"rendered":"<p>Breng een bezoek aan Lyons-la-For\u00eat, een van de mooiste dorpen van Frankrijk. Dit dorp met een onmiskenbaar eigen karakter beschikt over een opmerkelijk historisch en natuurlijk erfgoed. Het in het hart van het staatsbos van Lyons verscholen Lyons-la-For\u00eat, op anderhalf uur van Parijs, is Normandi\u00eb kort samengevat. Ontdek de bijzondere geschiedenis van deze voormalige koninklijke [&hellip;]<\/p>\n","protected":false},"author":1,"featured_media":0,"parent":125221,"menu_order":3,"comment_status":"closed","ping_status":"closed","template":"","meta":{"_editorskit_title_hidden":false,"_editorskit_reading_time":2,"_editorskit_typography_data":[],"_editorskit_blocks_typography":""},"yoast_head":"<!-- This site is optimized with the Yoast SEO plugin v17.2 - https:\/\/yoast.com\/wordpress\/plugins\/seo\/ -->\n<title>Lyons-la-For\u00eat - Lyons Andelle Tourisme<\/title>\n<meta name=\"description\" content=\"Breng tijdens uw weekend of vakantie een bezoek aan Normandi\u00eb en Lyons-la-For\u00eat in de Eure, dat op de lijst staat van Les Plus Beaux Villages de France\u00ae.\" \/>\n<meta name=\"robots\" content=\"index, follow, max-snippet:-1, max-image-preview:large, max-video-preview:-1\" \/>\n<link rel=\"canonical\" href=\"https:\/\/www.lyons-andelle-tourisme.com\/nl\/ontdek\/lyons-la-foret\/\" \/>\n<meta property=\"og:locale\" content=\"nl_NL\" \/>\n<meta property=\"og:type\" content=\"article\" \/>\n<meta property=\"og:title\" content=\"Lyons-la-For\u00eat - Lyons Andelle Tourisme\" \/>\n<meta property=\"og:description\" content=\"Breng tijdens uw weekend of vakantie een bezoek aan Normandi\u00eb en Lyons-la-For\u00eat in de Eure, dat op de lijst staat van Les Plus Beaux Villages de France\u00ae.\" \/>\n<meta property=\"og:url\" content=\"https:\/\/www.lyons-andelle-tourisme.com\/nl\/ontdek\/lyons-la-foret\/\" \/>\n<meta property=\"og:site_name\" content=\"Lyons Andelle Tourisme\" \/>\n<meta property=\"article:modified_time\" content=\"2023-02-27T12:37:57+00:00\" \/>\n<meta property=\"og:image\" content=\"https:\/\/www.lyons-andelle-tourisme.com\/wp-content\/uploads\/2021\/06\/Balade-a-velo-electrique-Lyons-la-Foret-Max-Coquard-Bestjobers-Eure-Tourisme.jpg\" \/>\n<meta name=\"twitter:card\" content=\"summary_large_image\" \/>\n<meta name=\"twitter:label1\" content=\"Geschatte leestijd\" \/>\n\t<meta name=\"twitter:data1\" content=\"4 minuten\" \/>\n<script type=\"application\/ld+json\" class=\"yoast-schema-graph\">{\"@context\":\"https:\/\/schema.org\",\"@graph\":[{\"@type\":\"WebSite\",\"@id\":\"https:\/\/www.lyons-andelle-tourisme.com\/#website\",\"url\":\"https:\/\/www.lyons-andelle-tourisme.com\/\",\"name\":\"Lyons Andelle Tourisme\",\"description\":\"L&#039;\\u00e9chapp\\u00e9e Belle Normande \\u00e0 1h30 de Paris\",\"potentialAction\":[{\"@type\":\"SearchAction\",\"target\":{\"@type\":\"EntryPoint\",\"urlTemplate\":\"https:\/\/www.lyons-andelle-tourisme.com\/?s={search_term_string}\"},\"query-input\":\"required name=search_term_string\"}],\"inLanguage\":\"nl\"},{\"@type\":\"ImageObject\",\"@id\":\"https:\/\/www.lyons-andelle-tourisme.com\/nl\/ontdek\/lyons-la-foret\/#primaryimage\",\"inLanguage\":\"nl\",\"url\":\"https:\/\/www.lyons-andelle-tourisme.com\/wp-content\/uploads\/2021\/06\/Balade-a-velo-electrique-Lyons-la-Foret-Max-Coquard-Bestjobers-Eure-Tourisme.jpg\",\"contentUrl\":\"https:\/\/www.lyons-andelle-tourisme.com\/wp-content\/uploads\/2021\/06\/Balade-a-velo-electrique-Lyons-la-Foret-Max-Coquard-Bestjobers-Eure-Tourisme.jpg\",\"width\":800,\"height\":533},{\"@type\":\"WebPage\",\"@id\":\"https:\/\/www.lyons-andelle-tourisme.com\/nl\/ontdek\/lyons-la-foret\/#webpage\",\"url\":\"https:\/\/www.lyons-andelle-tourisme.com\/nl\/ontdek\/lyons-la-foret\/\",\"name\":\"Lyons-la-For\\u00eat - Lyons Andelle Tourisme\",\"isPartOf\":{\"@id\":\"https:\/\/www.lyons-andelle-tourisme.com\/#website\"},\"primaryImageOfPage\":{\"@id\":\"https:\/\/www.lyons-andelle-tourisme.com\/nl\/ontdek\/lyons-la-foret\/#primaryimage\"},\"datePublished\":\"2020-11-27T10:10:03+00:00\",\"dateModified\":\"2023-02-27T12:37:57+00:00\",\"description\":\"Breng tijdens uw weekend of vakantie een bezoek aan Normandi\\u00eb en Lyons-la-For\\u00eat in de Eure, dat op de lijst staat van Les Plus Beaux Villages de France\\u00ae.\",\"breadcrumb\":{\"@id\":\"https:\/\/www.lyons-andelle-tourisme.com\/nl\/ontdek\/lyons-la-foret\/#breadcrumb\"},\"inLanguage\":\"nl\",\"potentialAction\":[{\"@type\":\"ReadAction\",\"target\":[\"https:\/\/www.lyons-andelle-tourisme.com\/nl\/ontdek\/lyons-la-foret\/\"]}]},{\"@type\":\"BreadcrumbList\",\"@id\":\"https:\/\/www.lyons-andelle-tourisme.com\/nl\/ontdek\/lyons-la-foret\/#breadcrumb\",\"itemListElement\":[{\"@type\":\"ListItem\",\"position\":1,\"name\":\"Ontdek Lyons Andelle\",\"item\":\"https:\/\/www.lyons-andelle-tourisme.com\/nl\/ontdek\/\"},{\"@type\":\"ListItem\",\"position\":2,\"name\":\"Lyons-la-For\\u00eat\"}]}]}<\/script>\n<!-- \/ Yoast SEO plugin. -->","yoast_head_json":{"title":"Lyons-la-For\u00eat - Lyons Andelle Tourisme","description":"Breng tijdens uw weekend of vakantie een bezoek aan Normandi\u00eb en Lyons-la-For\u00eat in de Eure, dat op de lijst staat van Les Plus Beaux Villages de France\u00ae.","robots":{"index":"index","follow":"follow","max-snippet":"max-snippet:-1","max-image-preview":"max-image-preview:large","max-video-preview":"max-video-preview:-1"},"canonical":"https:\/\/www.lyons-andelle-tourisme.com\/nl\/ontdek\/lyons-la-foret\/","og_locale":"nl_NL","og_type":"article","og_title":"Lyons-la-For\u00eat - Lyons Andelle Tourisme","og_description":"Breng tijdens uw weekend of vakantie een bezoek aan Normandi\u00eb en Lyons-la-For\u00eat in de Eure, dat op de lijst staat van Les Plus Beaux Villages de France\u00ae.","og_url":"https:\/\/www.lyons-andelle-tourisme.com\/nl\/ontdek\/lyons-la-foret\/","og_site_name":"Lyons Andelle Tourisme","article_modified_time":"2023-02-27T12:37:57+00:00","og_image":[{"url":"https:\/\/www.lyons-andelle-tourisme.com\/wp-content\/uploads\/2021\/06\/Balade-a-velo-electrique-Lyons-la-Foret-Max-Coquard-Bestjobers-Eure-Tourisme.jpg"}],"twitter_card":"summary_large_image","twitter_misc":{"Geschatte leestijd":"4 minuten"},"schema":{"@context":"https:\/\/schema.org","@graph":[{"@type":"WebSite","@id":"https:\/\/www.lyons-andelle-tourisme.com\/#website","url":"https:\/\/www.lyons-andelle-tourisme.com\/","name":"Lyons Andelle Tourisme","description":"L&#039;\u00e9chapp\u00e9e Belle Normande \u00e0 1h30 de Paris","potentialAction":[{"@type":"SearchAction","target":{"@type":"EntryPoint","urlTemplate":"https:\/\/www.lyons-andelle-tourisme.com\/?s={search_term_string}"},"query-input":"required name=search_term_string"}],"inLanguage":"nl"},{"@type":"ImageObject","@id":"https:\/\/www.lyons-andelle-tourisme.com\/nl\/ontdek\/lyons-la-foret\/#primaryimage","inLanguage":"nl","url":"https:\/\/www.lyons-andelle-tourisme.com\/wp-content\/uploads\/2021\/06\/Balade-a-velo-electrique-Lyons-la-Foret-Max-Coquard-Bestjobers-Eure-Tourisme.jpg","contentUrl":"https:\/\/www.lyons-andelle-tourisme.com\/wp-content\/uploads\/2021\/06\/Balade-a-velo-electrique-Lyons-la-Foret-Max-Coquard-Bestjobers-Eure-Tourisme.jpg","width":800,"height":533},{"@type":"WebPage","@id":"https:\/\/www.lyons-andelle-tourisme.com\/nl\/ontdek\/lyons-la-foret\/#webpage","url":"https:\/\/www.lyons-andelle-tourisme.com\/nl\/ontdek\/lyons-la-foret\/","name":"Lyons-la-For\u00eat - Lyons Andelle Tourisme","isPartOf":{"@id":"https:\/\/www.lyons-andelle-tourisme.com\/#website"},"primaryImageOfPage":{"@id":"https:\/\/www.lyons-andelle-tourisme.com\/nl\/ontdek\/lyons-la-foret\/#primaryimage"},"datePublished":"2020-11-27T10:10:03+00:00","dateModified":"2023-02-27T12:37:57+00:00","description":"Breng tijdens uw weekend of vakantie een bezoek aan Normandi\u00eb en Lyons-la-For\u00eat in de Eure, dat op de lijst staat van Les Plus Beaux Villages de France\u00ae.","breadcrumb":{"@id":"https:\/\/www.lyons-andelle-tourisme.com\/nl\/ontdek\/lyons-la-foret\/#breadcrumb"},"inLanguage":"nl","potentialAction":[{"@type":"ReadAction","target":["https:\/\/www.lyons-andelle-tourisme.com\/nl\/ontdek\/lyons-la-foret\/"]}]},{"@type":"BreadcrumbList","@id":"https:\/\/www.lyons-andelle-tourisme.com\/nl\/ontdek\/lyons-la-foret\/#breadcrumb","itemListElement":[{"@type":"ListItem","position":1,"name":"Ontdek Lyons Andelle","item":"https:\/\/www.lyons-andelle-tourisme.com\/nl\/ontdek\/"},{"@type":"ListItem","position":2,"name":"Lyons-la-For\u00eat"}]}]}},"_links":{"self":[{"href":"https:\/\/www.lyons-andelle-tourisme.com\/nl\/wp-json\/wp\/v2\/pages\/18764"}],"collection":[{"href":"https:\/\/www.lyons-andelle-tourisme.com\/nl\/wp-json\/wp\/v2\/pages"}],"about":[{"href":"https:\/\/www.lyons-andelle-tourisme.com\/nl\/wp-json\/wp\/v2\/types\/page"}],"author":[{"embeddable":true,"href":"https:\/\/www.lyons-andelle-tourisme.com\/nl\/wp-json\/wp\/v2\/users\/1"}],"replies":[{"embeddable":true,"href":"https:\/\/www.lyons-andelle-tourisme.com\/nl\/wp-json\/wp\/v2\/comments?post=18764"}],"version-history":[{"count":9,"href":"https:\/\/www.lyons-andelle-tourisme.com\/nl\/wp-json\/wp\/v2\/pages\/18764\/revisions"}],"predecessor-version":[{"id":127607,"href":"https:\/\/www.lyons-andelle-tourisme.com\/nl\/wp-json\/wp\/v2\/pages\/18764\/revisions\/127607"}],"up":[{"embeddable":true,"href":"https:\/\/www.lyons-andelle-tourisme.com\/nl\/wp-json\/wp\/v2\/pages\/125221"}],"wp:attachment":[{"href":"https:\/\/www.lyons-andelle-tourisme.com\/nl\/wp-json\/wp\/v2\/media?parent=18764"}],"curies":[{"name":"wp","href":"https:\/\/api.w.org\/{rel}","templated":true}]}}