{"id":18798,"date":"2020-11-05T10:38:05","date_gmt":"2020-11-05T09:38:05","guid":{"rendered":"https:\/\/www.lyons-andelle-tourisme.com\/verblijf\/shopping-et-service\/"},"modified":"2022-09-12T11:01:33","modified_gmt":"2022-09-12T09:01:33","slug":"winkelen","status":"publish","type":"page","link":"https:\/\/www.lyons-andelle-tourisme.com\/nl\/verblijf\/winkelen\/","title":{"rendered":"Winkelen"},"content":{"rendered":"\n<p>Rondslenteren om goede adressen en <strong>plaatselijk<\/strong> talent te <strong>ontdekken<\/strong> hoort bij het <strong>plezier<\/strong> van een <strong>weekendtrip<\/strong> of een week <strong>vakantie<\/strong>.<\/p>\n\n\n\n<div class=\"wp-block-media-text is-stacked-on-mobile is-image-fill\"><figure class=\"wp-block-media-text__media\" style=\"background-image:url(https:\/\/www.lyons-andelle-tourisme.com\/wp-content\/uploads\/2020\/12\/Lempreinte-deco\u00a9ML-Vittori-768x1024.jpg);background-position:50% 50%\"><img loading=\"lazy\" width=\"768\" height=\"1024\" src=\"https:\/\/www.lyons-andelle-tourisme.com\/wp-content\/uploads\/2020\/12\/Lempreinte-deco\u00a9ML-Vittori-768x1024.jpg\" alt=\"Boutique-brocante L'Empreinte D\u00e9coration, Lyons-la-For\u00eat\" class=\"wp-image-3581 size-full\" srcset=\"https:\/\/www.lyons-andelle-tourisme.com\/wp-content\/uploads\/2020\/12\/Lempreinte-deco\u00a9ML-Vittori-768x1024.jpg 768w, https:\/\/www.lyons-andelle-tourisme.com\/wp-content\/uploads\/2020\/12\/Lempreinte-deco\u00a9ML-Vittori-225x300.jpg 225w, https:\/\/www.lyons-andelle-tourisme.com\/wp-content\/uploads\/2020\/12\/Lempreinte-deco\u00a9ML-Vittori-1152x1536.jpg 1152w, https:\/\/www.lyons-andelle-tourisme.com\/wp-content\/uploads\/2020\/12\/Lempreinte-deco\u00a9ML-Vittori-1536x2048.jpg 1536w, https:\/\/www.lyons-andelle-tourisme.com\/wp-content\/uploads\/2020\/12\/Lempreinte-deco\u00a9ML-Vittori-scaled.jpg 1920w\" sizes=\"(max-width: 768px) 100vw, 768px\" \/><\/figure><div class=\"wp-block-media-text__content\">\n<div style=\"height:28px\" aria-hidden=\"true\" class=\"wp-block-spacer\"><\/div>\n\n\n\n<p>Laat uw <strong>wensen<\/strong> de vrije teugel, of u nu houdt van <strong><a href=\"https:\/\/www.lyons-andelle-tourisme.com\/nl\/categorie\/huis-en-decoratie\/?post_type=sejour\" class=\"ek-link\">woninginrichting<\/a><\/strong> en <a href=\"https:\/\/www.lyons-andelle-tourisme.com\/nl\/categorie\/rommelmarkten-en-antiekwinkels\/?post_type=sejour\" class=\"ek-link\"><strong>brocante<\/strong><\/a>, een liefhebber bent van <strong><a href=\"https:\/\/www.lyons-andelle-tourisme.com\/nl\/categorie\/winkelen\/handvaardigheid\/\" class=\"ek-link\">kunst<\/a><\/strong> of <strong><a href=\"https:\/\/www.lyons-andelle-tourisme.com\/nl\/categorie\/winkelen\/handvaardigheid\/\" class=\"ek-link\">ambachtelijke producten<\/a><\/strong> of een fijnproever die op zoek is naar de best mogelijke <strong><a href=\"https:\/\/www.lyons-andelle-tourisme.com\/nl\/categorie\/terroir-en-gastronomie\/?post_type=sejour\" class=\"ek-link\">plaatselijke producten<\/a><\/strong>.<\/p>\n\n\n\n<p><strong>De tijd voor uzelf nemen<\/strong> betekent ook mooie dingen opscharrelen en streekproducten mee naar huis nemen.<\/p>\n<\/div><\/div>\n\n\n\n<div style=\"height:27px\" aria-hidden=\"true\" class=\"wp-block-spacer\"><\/div>\n\n\n\n<p><\/p>\n\n\n\n<\/div>\n<div class=\"bloc_2colonnes\">\n\t<div class=\"left\">\n\t\t\t\t\t<div class=\"desc\">\n\t\t\t\t<p>Rommelmarkten, knowhow van ambachtslieden of lokale producenten, artistieke talenten of mooie winkels, ons adresboek staat vol met geweldige voorstellen.<\/p>\n\t\t\t\t\t\t\t\t<\/div>\n\t\t\t\t\n\t<\/div>\n\t<div class=\"right\">\n\t\t\t\t\t<div class=\"lien\">\n\t\t\t\t<a href=\"https:\/\/www.lyons-andelle-tourisme.com\/nl\/categorie\/winkelen\/rommelmarkten-en-antiekwinkels\/\"><img src=\"https:\/\/www.lyons-andelle-tourisme.com\/wp-content\/uploads\/2021\/01\/L-Empreinte-Decoration_interieur_boutique_2\u00a9Cyril-Viard-1-200x200.jpg\">Rommelmarkten en antiekwinkels<\/a>\t\t\t\n\t\t\t<\/div>\n\t\t\t\t\t\t\t<div class=\"lien\">\n\t\t\t\t<a href=\"https:\/\/www.lyons-andelle-tourisme.com\/nl\/categorie\/winkelen\/handvaardigheid\/\"><img src=\"https:\/\/www.lyons-andelle-tourisme.com\/wp-content\/uploads\/2022\/06\/2StageModelageAvecModele-JardinDesSculptures-AtelierJeanMarcdePas-1-264-200x200.jpg\">Handvaardigheid<\/a>\t\t\t\n\t\t\t<\/div>\n\t\t\t\t\t\t\t<div class=\"lien\">\n\t\t\t\t<a href=\"https:\/\/www.lyons-andelle-tourisme.com\/nl\/categorie\/winkelen\/huis-en-decoratie\/\"><img src=\"https:\/\/www.lyons-andelle-tourisme.com\/wp-content\/uploads\/2022\/06\/halle-lyons-ete-OT-Lyons-Andelle-5-5-200x200.jpg\">Huis en decoratie<\/a>\t\t\t\n\t\t\t<\/div>\n\t\t\n\t\t\n\t\t\t\t\t<div class=\"lien\" style=\" \t\t\t\tmargin: 100px auto 0 auto;\n\t\t\t \">\n\t\t\t\t<a href=\"https:\/\/www.lyons-andelle-tourisme.com\/nl\/categorie\/terroir-en-gastronomie\/\"><img src=\"https:\/\/www.lyons-andelle-tourisme.com\/wp-content\/uploads\/2020\/12\/graine_des_champs_2020_3\u00a9Graine-des-Champs-200x200.jpg\">Terroir &#038; gastronomie<\/a>\t\t\t<\/div>\n\t\t\n\n\t\t\n\n\n\t<\/div>\n\t\n<\/div>\n<div class=\"contenu\">\n\n\n\n","protected":false},"excerpt":{"rendered":"<p>Rondslenteren om goede adressen en plaatselijk talent te ontdekken hoort bij het plezier van een weekendtrip of een week vakantie.<\/p>\n","protected":false},"author":1,"featured_media":18015,"parent":18786,"menu_order":15,"comment_status":"closed","ping_status":"closed","template":"","meta":{"_editorskit_title_hidden":false,"_editorskit_reading_time":1,"_editorskit_typography_data":[],"_editorskit_blocks_typography":""},"yoast_head":"<!-- This site is optimized with the Yoast SEO plugin v17.2 - https:\/\/yoast.com\/wordpress\/plugins\/seo\/ -->\n<title>Winkelen - Lyons Andelle Tourisme<\/title>\n<meta name=\"description\" content=\"Goede adressen en plaatselijk talent ontdekken: brocantes, bedreven ambachtslieden en lokale producenten, winkels\u2026\" \/>\n<meta name=\"robots\" content=\"index, follow, max-snippet:-1, max-image-preview:large, max-video-preview:-1\" \/>\n<link rel=\"canonical\" href=\"https:\/\/www.lyons-andelle-tourisme.com\/nl\/verblijf\/winkelen\/\" \/>\n<meta property=\"og:locale\" content=\"nl_NL\" \/>\n<meta property=\"og:type\" content=\"article\" \/>\n<meta property=\"og:title\" content=\"Winkelen - Lyons Andelle Tourisme\" \/>\n<meta property=\"og:description\" content=\"Goede adressen en plaatselijk talent ontdekken: brocantes, bedreven ambachtslieden en lokale producenten, winkels\u2026\" \/>\n<meta property=\"og:url\" content=\"https:\/\/www.lyons-andelle-tourisme.com\/nl\/verblijf\/winkelen\/\" \/>\n<meta property=\"og:site_name\" content=\"Lyons Andelle Tourisme\" \/>\n<meta property=\"article:modified_time\" content=\"2022-09-12T09:01:33+00:00\" \/>\n<meta property=\"og:image\" content=\"https:\/\/www.lyons-andelle-tourisme.com\/wp-content\/uploads\/2021\/07\/lempreinte-deco-vitrine-mars20-web\u00a9ML-Vittori-edited-2.jpg\" \/>\n\t<meta property=\"og:image:width\" content=\"1200\" \/>\n\t<meta property=\"og:image:height\" content=\"752\" \/>\n<meta name=\"twitter:card\" content=\"summary_large_image\" \/>\n<meta name=\"twitter:label1\" content=\"Geschatte leestijd\" \/>\n\t<meta name=\"twitter:data1\" content=\"1 minuut\" \/>\n<script type=\"application\/ld+json\" class=\"yoast-schema-graph\">{\"@context\":\"https:\/\/schema.org\",\"@graph\":[{\"@type\":\"WebSite\",\"@id\":\"https:\/\/www.lyons-andelle-tourisme.com\/#website\",\"url\":\"https:\/\/www.lyons-andelle-tourisme.com\/\",\"name\":\"Lyons Andelle Tourisme\",\"description\":\"L&#039;\\u00e9chapp\\u00e9e Belle Normande \\u00e0 1h30 de Paris\",\"potentialAction\":[{\"@type\":\"SearchAction\",\"target\":{\"@type\":\"EntryPoint\",\"urlTemplate\":\"https:\/\/www.lyons-andelle-tourisme.com\/?s={search_term_string}\"},\"query-input\":\"required name=search_term_string\"}],\"inLanguage\":\"nl\"},{\"@type\":\"ImageObject\",\"@id\":\"https:\/\/www.lyons-andelle-tourisme.com\/nl\/verblijf\/winkelen\/#primaryimage\",\"inLanguage\":\"nl\",\"url\":\"https:\/\/www.lyons-andelle-tourisme.com\/wp-content\/uploads\/2021\/07\/lempreinte-deco-vitrine-mars20-web\\u00a9ML-Vittori-edited-2.jpg\",\"contentUrl\":\"https:\/\/www.lyons-andelle-tourisme.com\/wp-content\/uploads\/2021\/07\/lempreinte-deco-vitrine-mars20-web\\u00a9ML-Vittori-edited-2.jpg\",\"width\":1200,\"height\":752,\"caption\":\"L'Empreinte D\\u00e9coration, Lyons-la-For\\u00eat\"},{\"@type\":\"WebPage\",\"@id\":\"https:\/\/www.lyons-andelle-tourisme.com\/nl\/verblijf\/winkelen\/#webpage\",\"url\":\"https:\/\/www.lyons-andelle-tourisme.com\/nl\/verblijf\/winkelen\/\",\"name\":\"Winkelen - Lyons Andelle Tourisme\",\"isPartOf\":{\"@id\":\"https:\/\/www.lyons-andelle-tourisme.com\/#website\"},\"primaryImageOfPage\":{\"@id\":\"https:\/\/www.lyons-andelle-tourisme.com\/nl\/verblijf\/winkelen\/#primaryimage\"},\"datePublished\":\"2020-11-05T09:38:05+00:00\",\"dateModified\":\"2022-09-12T09:01:33+00:00\",\"description\":\"Goede adressen en plaatselijk talent ontdekken: brocantes, bedreven ambachtslieden en lokale producenten, winkels\\u2026\",\"breadcrumb\":{\"@id\":\"https:\/\/www.lyons-andelle-tourisme.com\/nl\/verblijf\/winkelen\/#breadcrumb\"},\"inLanguage\":\"nl\",\"potentialAction\":[{\"@type\":\"ReadAction\",\"target\":[\"https:\/\/www.lyons-andelle-tourisme.com\/nl\/verblijf\/winkelen\/\"]}]},{\"@type\":\"BreadcrumbList\",\"@id\":\"https:\/\/www.lyons-andelle-tourisme.com\/nl\/verblijf\/winkelen\/#breadcrumb\",\"itemListElement\":[{\"@type\":\"ListItem\",\"position\":1,\"name\":\"Overnachten\",\"item\":\"https:\/\/www.lyons-andelle-tourisme.com\/nl\/verblijf\/\"},{\"@type\":\"ListItem\",\"position\":2,\"name\":\"Winkelen\"}]}]}<\/script>\n<!-- \/ Yoast SEO plugin. -->","yoast_head_json":{"title":"Winkelen - Lyons Andelle Tourisme","description":"Goede adressen en plaatselijk talent ontdekken: brocantes, bedreven ambachtslieden en lokale producenten, winkels\u2026","robots":{"index":"index","follow":"follow","max-snippet":"max-snippet:-1","max-image-preview":"max-image-preview:large","max-video-preview":"max-video-preview:-1"},"canonical":"https:\/\/www.lyons-andelle-tourisme.com\/nl\/verblijf\/winkelen\/","og_locale":"nl_NL","og_type":"article","og_title":"Winkelen - Lyons Andelle Tourisme","og_description":"Goede adressen en plaatselijk talent ontdekken: brocantes, bedreven ambachtslieden en lokale producenten, winkels\u2026","og_url":"https:\/\/www.lyons-andelle-tourisme.com\/nl\/verblijf\/winkelen\/","og_site_name":"Lyons Andelle Tourisme","article_modified_time":"2022-09-12T09:01:33+00:00","og_image":[{"width":1200,"height":752,"url":"https:\/\/www.lyons-andelle-tourisme.com\/wp-content\/uploads\/2021\/07\/lempreinte-deco-vitrine-mars20-web\u00a9ML-Vittori-edited-2.jpg","path":"\/var\/www\/lyons-andelle-tourisme.com\/html\/wp-content\/uploads\/2021\/07\/lempreinte-deco-vitrine-mars20-web\u00a9ML-Vittori-edited-2.jpg","size":"full","id":18015,"alt":"","pixels":902400,"type":"image\/jpeg"}],"twitter_card":"summary_large_image","twitter_misc":{"Geschatte leestijd":"1 minuut"},"schema":{"@context":"https:\/\/schema.org","@graph":[{"@type":"WebSite","@id":"https:\/\/www.lyons-andelle-tourisme.com\/#website","url":"https:\/\/www.lyons-andelle-tourisme.com\/","name":"Lyons Andelle Tourisme","description":"L&#039;\u00e9chapp\u00e9e Belle Normande \u00e0 1h30 de Paris","potentialAction":[{"@type":"SearchAction","target":{"@type":"EntryPoint","urlTemplate":"https:\/\/www.lyons-andelle-tourisme.com\/?s={search_term_string}"},"query-input":"required name=search_term_string"}],"inLanguage":"nl"},{"@type":"ImageObject","@id":"https:\/\/www.lyons-andelle-tourisme.com\/nl\/verblijf\/winkelen\/#primaryimage","inLanguage":"nl","url":"https:\/\/www.lyons-andelle-tourisme.com\/wp-content\/uploads\/2021\/07\/lempreinte-deco-vitrine-mars20-web\u00a9ML-Vittori-edited-2.jpg","contentUrl":"https:\/\/www.lyons-andelle-tourisme.com\/wp-content\/uploads\/2021\/07\/lempreinte-deco-vitrine-mars20-web\u00a9ML-Vittori-edited-2.jpg","width":1200,"height":752,"caption":"L'Empreinte D\u00e9coration, Lyons-la-For\u00eat"},{"@type":"WebPage","@id":"https:\/\/www.lyons-andelle-tourisme.com\/nl\/verblijf\/winkelen\/#webpage","url":"https:\/\/www.lyons-andelle-tourisme.com\/nl\/verblijf\/winkelen\/","name":"Winkelen - Lyons Andelle Tourisme","isPartOf":{"@id":"https:\/\/www.lyons-andelle-tourisme.com\/#website"},"primaryImageOfPage":{"@id":"https:\/\/www.lyons-andelle-tourisme.com\/nl\/verblijf\/winkelen\/#primaryimage"},"datePublished":"2020-11-05T09:38:05+00:00","dateModified":"2022-09-12T09:01:33+00:00","description":"Goede adressen en plaatselijk talent ontdekken: brocantes, bedreven ambachtslieden en lokale producenten, winkels\u2026","breadcrumb":{"@id":"https:\/\/www.lyons-andelle-tourisme.com\/nl\/verblijf\/winkelen\/#breadcrumb"},"inLanguage":"nl","potentialAction":[{"@type":"ReadAction","target":["https:\/\/www.lyons-andelle-tourisme.com\/nl\/verblijf\/winkelen\/"]}]},{"@type":"BreadcrumbList","@id":"https:\/\/www.lyons-andelle-tourisme.com\/nl\/verblijf\/winkelen\/#breadcrumb","itemListElement":[{"@type":"ListItem","position":1,"name":"Overnachten","item":"https:\/\/www.lyons-andelle-tourisme.com\/nl\/verblijf\/"},{"@type":"ListItem","position":2,"name":"Winkelen"}]}]}},"_links":{"self":[{"href":"https:\/\/www.lyons-andelle-tourisme.com\/nl\/wp-json\/wp\/v2\/pages\/18798"}],"collection":[{"href":"https:\/\/www.lyons-andelle-tourisme.com\/nl\/wp-json\/wp\/v2\/pages"}],"about":[{"href":"https:\/\/www.lyons-andelle-tourisme.com\/nl\/wp-json\/wp\/v2\/types\/page"}],"author":[{"embeddable":true,"href":"https:\/\/www.lyons-andelle-tourisme.com\/nl\/wp-json\/wp\/v2\/users\/1"}],"replies":[{"embeddable":true,"href":"https:\/\/www.lyons-andelle-tourisme.com\/nl\/wp-json\/wp\/v2\/comments?post=18798"}],"version-history":[{"count":11,"href":"https:\/\/www.lyons-andelle-tourisme.com\/nl\/wp-json\/wp\/v2\/pages\/18798\/revisions"}],"predecessor-version":[{"id":125199,"href":"https:\/\/www.lyons-andelle-tourisme.com\/nl\/wp-json\/wp\/v2\/pages\/18798\/revisions\/125199"}],"up":[{"embeddable":true,"href":"https:\/\/www.lyons-andelle-tourisme.com\/nl\/wp-json\/wp\/v2\/pages\/18786"}],"wp:featuredmedia":[{"embeddable":true,"href":"https:\/\/www.lyons-andelle-tourisme.com\/nl\/wp-json\/wp\/v2\/media\/18015"}],"wp:attachment":[{"href":"https:\/\/www.lyons-andelle-tourisme.com\/nl\/wp-json\/wp\/v2\/media?parent=18798"}],"curies":[{"name":"wp","href":"https:\/\/api.w.org\/{rel}","templated":true}]}}