{"id":18817,"date":"2020-11-26T15:11:11","date_gmt":"2020-11-26T14:11:11","guid":{"rendered":"https:\/\/www.lyons-andelle-tourisme.com\/verblijf\/secrets-normands\/"},"modified":"2022-09-20T17:45:23","modified_gmt":"2022-09-20T15:45:23","slug":"normandische-geheimen","status":"publish","type":"page","link":"https:\/\/www.lyons-andelle-tourisme.com\/nl\/verblijf\/normandische-geheimen\/","title":{"rendered":"Normanische Geheimen"},"content":{"rendered":"\n<h3>Bezoek Normandi\u00eb met een expertgids op uw smartphone, tablet of computer  <\/h3>\n\n\n\n<div style=\"height:20px\" aria-hidden=\"true\" class=\"wp-block-spacer\"><\/div>\n\n\n\n<h3 class=\"has-text-align-center has-text-color\" style=\"color:#887039\">Download de Secrets Normands-app!<\/h3>\n\n\n\n<figure class=\"wp-block-image size-large\"><img loading=\"lazy\" width=\"1024\" height=\"651\" src=\"https:\/\/www.lyons-andelle-tourisme.com\/wp-content\/uploads\/2020\/12\/PAGE-DE-RECHERCHE-SECRETS-NORMANDS-1-1024x651.jpg\" alt=\"\" class=\"wp-image-3499\" srcset=\"https:\/\/www.lyons-andelle-tourisme.com\/wp-content\/uploads\/2020\/12\/PAGE-DE-RECHERCHE-SECRETS-NORMANDS-1-1024x651.jpg 1024w, https:\/\/www.lyons-andelle-tourisme.com\/wp-content\/uploads\/2020\/12\/PAGE-DE-RECHERCHE-SECRETS-NORMANDS-1-300x191.jpg 300w, https:\/\/www.lyons-andelle-tourisme.com\/wp-content\/uploads\/2020\/12\/PAGE-DE-RECHERCHE-SECRETS-NORMANDS-1-768x488.jpg 768w, https:\/\/www.lyons-andelle-tourisme.com\/wp-content\/uploads\/2020\/12\/PAGE-DE-RECHERCHE-SECRETS-NORMANDS-1.jpg 1172w\" sizes=\"(max-width: 1024px) 100vw, 1024px\" \/><\/figure>\n\n\n\n<p><strong>Secrets Normands stelt uw geografische positie vast<\/strong> en toont u:<\/p>\n\n\n\n<ul><li>de geolocatie van uw bestemming in Normandi\u00eb,<\/li><li>de <strong>sites die geopend<\/strong> zijn voor bezoek,<\/li><li>welke activiteiten en <strong>recreatiemogelijkheden<\/strong> er zijn,<\/li><li>goede adressen om uit <strong>eten<\/strong> te gaan of te gaan <strong>winkelen<\/strong>,<\/li><li><strong>interessante plaatsen<\/strong>, uitzichtpunten,<\/li><li><strong>tips<\/strong>, goede idee\u00ebn of door <strong>experts<\/strong> en plaatselijke bewoners toegefluisterde <strong>geheimen<\/strong> om volop van uw verblijf te kunnen profiteren.<\/li><\/ul>\n\n\n\n<p>Helemaal afhankelijk van waar u bent en waar u op dat moment zin in heeft.<\/p>\n\n\n\n<p><strong>Download<\/strong> de app op uw smartphone of tablet via <strong>Google Play<\/strong> of de <strong>App Store<\/strong> om u bij <strong>Secrets Normands<\/strong> aan te melden.<\/p>\n\n\n\n<p><a href=\"https:\/\/www.secrets-normands.com\/\" target=\"_blank\" aria-label=\" (opens in a new tab)\" rel=\"noreferrer noopener\" class=\"ek-link\">Secrets Normands vanaf een computer raadplegen<\/a>.<\/p>\n","protected":false},"excerpt":{"rendered":"<p>Bezoek Normandi\u00eb met een expertgids op uw smartphone, tablet of computer Download de Secrets Normands-app! Secrets Normands stelt uw geografische positie vast en toont u: de geolocatie van uw bestemming in Normandi\u00eb, de sites die geopend zijn voor bezoek, welke activiteiten en recreatiemogelijkheden er zijn, goede adressen om uit eten te gaan of te gaan [&hellip;]<\/p>\n","protected":false},"author":1,"featured_media":0,"parent":18786,"menu_order":32,"comment_status":"closed","ping_status":"closed","template":"","meta":{"_editorskit_title_hidden":false,"_editorskit_reading_time":1,"_editorskit_typography_data":[],"_editorskit_blocks_typography":""},"yoast_head":"<!-- This site is optimized with the Yoast SEO plugin v17.2 - https:\/\/yoast.com\/wordpress\/plugins\/seo\/ -->\n<title>Normanische Geheimen - Lyons Andelle Tourisme<\/title>\n<meta name=\"description\" content=\"Breng een bezoek aan Normandi\u00eb met onze expertgids op uw smartphone: download de Secrets Normands-app!\" \/>\n<meta name=\"robots\" content=\"index, follow, max-snippet:-1, max-image-preview:large, max-video-preview:-1\" \/>\n<link rel=\"canonical\" href=\"https:\/\/www.lyons-andelle-tourisme.com\/nl\/verblijf\/normandische-geheimen\/\" \/>\n<meta property=\"og:locale\" content=\"nl_NL\" \/>\n<meta property=\"og:type\" content=\"article\" \/>\n<meta property=\"og:title\" content=\"T\u00e9l\u00e9chargez l\u2019application Secrets Normands, votre compagnon de route pour visiter la Normandie\" \/>\n<meta property=\"og:description\" content=\"Met de applicatie Secrets Normands vindt u op uw smartphone alle informatie om Normandi\u00eb te bezoeken, op basis van uw geolocatie.\" \/>\n<meta property=\"og:url\" content=\"https:\/\/www.lyons-andelle-tourisme.com\/nl\/verblijf\/normandische-geheimen\/\" \/>\n<meta property=\"og:site_name\" content=\"Lyons Andelle Tourisme\" \/>\n<meta property=\"article:modified_time\" content=\"2022-09-20T15:45:23+00:00\" \/>\n<meta property=\"og:image\" content=\"https:\/\/www.lyons-andelle-tourisme.com\/wp-content\/uploads\/2021\/01\/header-page-secrets-normands-janvier-2021.jpg\" \/>\n\t<meta property=\"og:image:width\" content=\"2306\" \/>\n\t<meta property=\"og:image:height\" content=\"1143\" \/>\n<meta name=\"twitter:card\" content=\"summary_large_image\" \/>\n<meta name=\"twitter:label1\" content=\"Geschatte leestijd\" \/>\n\t<meta name=\"twitter:data1\" content=\"1 minuut\" \/>\n<script type=\"application\/ld+json\" class=\"yoast-schema-graph\">{\"@context\":\"https:\/\/schema.org\",\"@graph\":[{\"@type\":\"WebSite\",\"@id\":\"https:\/\/www.lyons-andelle-tourisme.com\/#website\",\"url\":\"https:\/\/www.lyons-andelle-tourisme.com\/\",\"name\":\"Lyons Andelle Tourisme\",\"description\":\"L&#039;\\u00e9chapp\\u00e9e Belle Normande \\u00e0 1h30 de Paris\",\"potentialAction\":[{\"@type\":\"SearchAction\",\"target\":{\"@type\":\"EntryPoint\",\"urlTemplate\":\"https:\/\/www.lyons-andelle-tourisme.com\/?s={search_term_string}\"},\"query-input\":\"required name=search_term_string\"}],\"inLanguage\":\"nl\"},{\"@type\":\"ImageObject\",\"@id\":\"https:\/\/www.lyons-andelle-tourisme.com\/nl\/verblijf\/normandische-geheimen\/#primaryimage\",\"inLanguage\":\"nl\",\"url\":\"https:\/\/www.lyons-andelle-tourisme.com\/wp-content\/uploads\/2021\/01\/header-page-secrets-normands-janvier-2021.jpg\",\"contentUrl\":\"https:\/\/www.lyons-andelle-tourisme.com\/wp-content\/uploads\/2021\/01\/header-page-secrets-normands-janvier-2021.jpg\",\"width\":2306,\"height\":1143},{\"@type\":\"WebPage\",\"@id\":\"https:\/\/www.lyons-andelle-tourisme.com\/nl\/verblijf\/normandische-geheimen\/#webpage\",\"url\":\"https:\/\/www.lyons-andelle-tourisme.com\/nl\/verblijf\/normandische-geheimen\/\",\"name\":\"Normanische Geheimen - Lyons Andelle Tourisme\",\"isPartOf\":{\"@id\":\"https:\/\/www.lyons-andelle-tourisme.com\/#website\"},\"primaryImageOfPage\":{\"@id\":\"https:\/\/www.lyons-andelle-tourisme.com\/nl\/verblijf\/normandische-geheimen\/#primaryimage\"},\"datePublished\":\"2020-11-26T14:11:11+00:00\",\"dateModified\":\"2022-09-20T15:45:23+00:00\",\"description\":\"Breng een bezoek aan Normandi\\u00eb met onze expertgids op uw smartphone: download de Secrets Normands-app!\",\"breadcrumb\":{\"@id\":\"https:\/\/www.lyons-andelle-tourisme.com\/nl\/verblijf\/normandische-geheimen\/#breadcrumb\"},\"inLanguage\":\"nl\",\"potentialAction\":[{\"@type\":\"ReadAction\",\"target\":[\"https:\/\/www.lyons-andelle-tourisme.com\/nl\/verblijf\/normandische-geheimen\/\"]}]},{\"@type\":\"BreadcrumbList\",\"@id\":\"https:\/\/www.lyons-andelle-tourisme.com\/nl\/verblijf\/normandische-geheimen\/#breadcrumb\",\"itemListElement\":[{\"@type\":\"ListItem\",\"position\":1,\"name\":\"Overnachten\",\"item\":\"https:\/\/www.lyons-andelle-tourisme.com\/nl\/verblijf\/\"},{\"@type\":\"ListItem\",\"position\":2,\"name\":\"Normanische Geheimen\"}]}]}<\/script>\n<!-- \/ Yoast SEO plugin. -->","yoast_head_json":{"title":"Normanische Geheimen - Lyons Andelle Tourisme","description":"Breng een bezoek aan Normandi\u00eb met onze expertgids op uw smartphone: download de Secrets Normands-app!","robots":{"index":"index","follow":"follow","max-snippet":"max-snippet:-1","max-image-preview":"max-image-preview:large","max-video-preview":"max-video-preview:-1"},"canonical":"https:\/\/www.lyons-andelle-tourisme.com\/nl\/verblijf\/normandische-geheimen\/","og_locale":"nl_NL","og_type":"article","og_title":"T\u00e9l\u00e9chargez l\u2019application Secrets Normands, votre compagnon de route pour visiter la Normandie","og_description":"Met de applicatie Secrets Normands vindt u op uw smartphone alle informatie om Normandi\u00eb te bezoeken, op basis van uw geolocatie.","og_url":"https:\/\/www.lyons-andelle-tourisme.com\/nl\/verblijf\/normandische-geheimen\/","og_site_name":"Lyons Andelle Tourisme","article_modified_time":"2022-09-20T15:45:23+00:00","og_image":[{"width":2306,"height":1143,"url":"https:\/\/www.lyons-andelle-tourisme.com\/wp-content\/uploads\/2021\/01\/header-page-secrets-normands-janvier-2021.jpg","path":"\/var\/www\/lyons-andelle-tourisme.com\/html\/wp-content\/uploads\/2021\/01\/header-page-secrets-normands-janvier-2021.jpg","size":"full","id":"4574","alt":"","pixels":2635758,"type":"image\/jpeg"}],"twitter_card":"summary_large_image","twitter_misc":{"Geschatte leestijd":"1 minuut"},"schema":{"@context":"https:\/\/schema.org","@graph":[{"@type":"WebSite","@id":"https:\/\/www.lyons-andelle-tourisme.com\/#website","url":"https:\/\/www.lyons-andelle-tourisme.com\/","name":"Lyons Andelle Tourisme","description":"L&#039;\u00e9chapp\u00e9e Belle Normande \u00e0 1h30 de Paris","potentialAction":[{"@type":"SearchAction","target":{"@type":"EntryPoint","urlTemplate":"https:\/\/www.lyons-andelle-tourisme.com\/?s={search_term_string}"},"query-input":"required name=search_term_string"}],"inLanguage":"nl"},{"@type":"ImageObject","@id":"https:\/\/www.lyons-andelle-tourisme.com\/nl\/verblijf\/normandische-geheimen\/#primaryimage","inLanguage":"nl","url":"https:\/\/www.lyons-andelle-tourisme.com\/wp-content\/uploads\/2021\/01\/header-page-secrets-normands-janvier-2021.jpg","contentUrl":"https:\/\/www.lyons-andelle-tourisme.com\/wp-content\/uploads\/2021\/01\/header-page-secrets-normands-janvier-2021.jpg","width":2306,"height":1143},{"@type":"WebPage","@id":"https:\/\/www.lyons-andelle-tourisme.com\/nl\/verblijf\/normandische-geheimen\/#webpage","url":"https:\/\/www.lyons-andelle-tourisme.com\/nl\/verblijf\/normandische-geheimen\/","name":"Normanische Geheimen - Lyons Andelle Tourisme","isPartOf":{"@id":"https:\/\/www.lyons-andelle-tourisme.com\/#website"},"primaryImageOfPage":{"@id":"https:\/\/www.lyons-andelle-tourisme.com\/nl\/verblijf\/normandische-geheimen\/#primaryimage"},"datePublished":"2020-11-26T14:11:11+00:00","dateModified":"2022-09-20T15:45:23+00:00","description":"Breng een bezoek aan Normandi\u00eb met onze expertgids op uw smartphone: download de Secrets Normands-app!","breadcrumb":{"@id":"https:\/\/www.lyons-andelle-tourisme.com\/nl\/verblijf\/normandische-geheimen\/#breadcrumb"},"inLanguage":"nl","potentialAction":[{"@type":"ReadAction","target":["https:\/\/www.lyons-andelle-tourisme.com\/nl\/verblijf\/normandische-geheimen\/"]}]},{"@type":"BreadcrumbList","@id":"https:\/\/www.lyons-andelle-tourisme.com\/nl\/verblijf\/normandische-geheimen\/#breadcrumb","itemListElement":[{"@type":"ListItem","position":1,"name":"Overnachten","item":"https:\/\/www.lyons-andelle-tourisme.com\/nl\/verblijf\/"},{"@type":"ListItem","position":2,"name":"Normanische Geheimen"}]}]}},"_links":{"self":[{"href":"https:\/\/www.lyons-andelle-tourisme.com\/nl\/wp-json\/wp\/v2\/pages\/18817"}],"collection":[{"href":"https:\/\/www.lyons-andelle-tourisme.com\/nl\/wp-json\/wp\/v2\/pages"}],"about":[{"href":"https:\/\/www.lyons-andelle-tourisme.com\/nl\/wp-json\/wp\/v2\/types\/page"}],"author":[{"embeddable":true,"href":"https:\/\/www.lyons-andelle-tourisme.com\/nl\/wp-json\/wp\/v2\/users\/1"}],"replies":[{"embeddable":true,"href":"https:\/\/www.lyons-andelle-tourisme.com\/nl\/wp-json\/wp\/v2\/comments?post=18817"}],"version-history":[{"count":6,"href":"https:\/\/www.lyons-andelle-tourisme.com\/nl\/wp-json\/wp\/v2\/pages\/18817\/revisions"}],"predecessor-version":[{"id":125282,"href":"https:\/\/www.lyons-andelle-tourisme.com\/nl\/wp-json\/wp\/v2\/pages\/18817\/revisions\/125282"}],"up":[{"embeddable":true,"href":"https:\/\/www.lyons-andelle-tourisme.com\/nl\/wp-json\/wp\/v2\/pages\/18786"}],"wp:attachment":[{"href":"https:\/\/www.lyons-andelle-tourisme.com\/nl\/wp-json\/wp\/v2\/media?parent=18817"}],"curies":[{"name":"wp","href":"https:\/\/api.w.org\/{rel}","templated":true}]}}