{"id":18819,"date":"2020-11-26T15:11:42","date_gmt":"2020-11-26T14:11:42","guid":{"rendered":"https:\/\/www.lyons-andelle-tourisme.com\/verblijf\/infos-pratiques\/"},"modified":"2022-02-28T16:30:00","modified_gmt":"2022-02-28T15:30:00","slug":"nuttige-contacten","status":"publish","type":"page","link":"https:\/\/www.lyons-andelle-tourisme.com\/nl\/verblijf\/nuttige-contacten\/","title":{"rendered":"Nuttige contacten"},"content":{"rendered":"\n<div class=\"wp-block-columns\">\n<div class=\"wp-block-column\">\n<h3>Alarmnummers<\/h3>\n\n\n\n<p><strong>Samu (medische noodhulp): <\/strong>15<\/p>\n\n\n\n<p><strong>Brandweer: <\/strong>18<\/p>\n\n\n\n<p><strong>Politie:<\/strong> 17<\/p>\n\n\n\n<p><strong>Anti-vergiftigingscentrum<\/strong> (Rouen<strong>):<\/strong> +33 (0)2 35 88 44 00<\/p>\n\n\n\n<p><strong>Dienstdoende artsen:<\/strong> +33 (0)2 32 33 32 32<br><strong>Dienstdoende tandartsen<\/strong> (weekends en zon- en feestdagen)<strong>:<\/strong> +33 (0)2 35 15 81 27<\/p>\n\n\n\n<p><strong>Dienstdoende apotheek:<\/strong> bel 32 37<\/p>\n\n\n\n<p><br><strong>Dichtstbijzijnde ziekenhuis:<\/strong><br>AZ Rouen<br>1, Rue de Germont \u2013 76000 Rouen<br>Tel.: +33 (0)2 32 88 89 90<br><a aria-label=\" (opens in a new tab)\" href=\"https:\/\/www.chu-rouen.fr\/\" target=\"_blank\" rel=\"noreferrer noopener\" class=\"ek-link\">http:\/\/www3.chu-rouen.fr\/internet\/<\/a><\/p>\n<\/div>\n\n\n\n<div class=\"wp-block-column\">\n<h3>Openbare diensten<\/h3>\n\n\n\n<p><strong>Intergemeentelijk samenwerkingsverband Communaut\u00e9 de Communes Lyons Andelle<\/strong><\/p>\n\n\n\n<p>Rue Martin Liesse<br>La Vente Cartier, 27380 Charleval<br>Tel.: +33 (0)2 32 49 61 27<br>Website: <a href=\"https:\/\/www.cdcla.fr\" target=\"_blank\" aria-label=\"www.cdcla.fr (opens in a new tab)\" rel=\"noreferrer noopener\" class=\"ek-link\">www.cdcla.fr<\/a><\/p>\n\n\n\n<p><strong>Postkantoren<\/strong><\/p>\n\n\n\n<p>Tel.: 36 31<\/p>\n\n\n\n<ul><li>77 ter, Grande Rue, 27380 Charleval<\/li><li>2, Rue Augustin L\u00e9onard, 27380 Fleury-sur-Andelle<\/li><li>2, Rue du Four \u00e0 Chaux, 27480 Lyons-la-For\u00eat<\/li><li>6 bis, Rue du G\u00e9n\u00e9ral de Gaulle, 27850 M\u00e9nesqueville<\/li><li>84, Rue du G\u00e9n\u00e9ral de Gaulle, 27910 Perriers-sur-Andelle<\/li><li>46 bis, Grande Rue, 27360 Pont-Saint-Pierre<\/li><li>1 bis, Rue Neuve, 27610 Romilly-sur-Andelle<\/li><li>32, Rue Principale, 27790 Rosay-sur-Lieure<\/li><li>18, Rue de la Gare, 27910 Vasc\u0153uil<\/li><\/ul>\n<\/div>\n<\/div>\n","protected":false},"excerpt":{"rendered":"<p>Alarmnummers Samu (medische noodhulp): 15 Brandweer: 18 Politie: 17 Anti-vergiftigingscentrum (Rouen): +33 (0)2 35 88 44 00 Dienstdoende artsen: +33 (0)2 32 33 32 32Dienstdoende tandartsen (weekends en zon- en feestdagen): +33 (0)2 35 15 81 27 Dienstdoende apotheek: bel 32 37 Dichtstbijzijnde ziekenhuis:AZ Rouen1, Rue de Germont \u2013 76000 RouenTel.: +33 (0)2 32 88 [&hellip;]<\/p>\n","protected":false},"author":1,"featured_media":0,"parent":18786,"menu_order":34,"comment_status":"closed","ping_status":"closed","template":"","meta":{"_editorskit_title_hidden":false,"_editorskit_reading_time":1,"_editorskit_typography_data":[],"_editorskit_blocks_typography":""},"yoast_head":"<!-- This site is optimized with the Yoast SEO plugin v17.2 - https:\/\/yoast.com\/wordpress\/plugins\/seo\/ -->\n<title>Nuttige contacten - Lyons Andelle Tourisme<\/title>\n<meta name=\"description\" content=\"Nuttige contacten in Lyons Andelle: voor noodgevallen, permanent bereikbare gezondheidszorg en openbare diensten in Lyons Andelle.\" \/>\n<meta name=\"robots\" content=\"index, follow, max-snippet:-1, max-image-preview:large, max-video-preview:-1\" \/>\n<link rel=\"canonical\" href=\"https:\/\/www.lyons-andelle-tourisme.com\/nl\/verblijf\/nuttige-contacten\/\" \/>\n<meta property=\"og:locale\" content=\"nl_NL\" \/>\n<meta property=\"og:type\" content=\"article\" \/>\n<meta property=\"og:title\" content=\"Nuttige contacten - Lyons Andelle Tourisme\" \/>\n<meta property=\"og:description\" content=\"Nuttige contacten in Lyons Andelle: voor noodgevallen, permanent bereikbare gezondheidszorg en openbare diensten in Lyons Andelle.\" \/>\n<meta property=\"og:url\" content=\"https:\/\/www.lyons-andelle-tourisme.com\/nl\/verblijf\/nuttige-contacten\/\" \/>\n<meta property=\"og:site_name\" content=\"Lyons Andelle Tourisme\" \/>\n<meta property=\"article:modified_time\" content=\"2022-02-28T15:30:00+00:00\" \/>\n<meta name=\"twitter:card\" content=\"summary_large_image\" \/>\n<meta name=\"twitter:label1\" content=\"Geschatte leestijd\" \/>\n\t<meta name=\"twitter:data1\" content=\"1 minuut\" \/>\n<script type=\"application\/ld+json\" class=\"yoast-schema-graph\">{\"@context\":\"https:\/\/schema.org\",\"@graph\":[{\"@type\":\"WebSite\",\"@id\":\"https:\/\/www.lyons-andelle-tourisme.com\/#website\",\"url\":\"https:\/\/www.lyons-andelle-tourisme.com\/\",\"name\":\"Lyons Andelle Tourisme\",\"description\":\"L&#039;\\u00e9chapp\\u00e9e Belle Normande \\u00e0 1h30 de Paris\",\"potentialAction\":[{\"@type\":\"SearchAction\",\"target\":{\"@type\":\"EntryPoint\",\"urlTemplate\":\"https:\/\/www.lyons-andelle-tourisme.com\/?s={search_term_string}\"},\"query-input\":\"required name=search_term_string\"}],\"inLanguage\":\"nl\"},{\"@type\":\"WebPage\",\"@id\":\"https:\/\/www.lyons-andelle-tourisme.com\/nl\/verblijf\/nuttige-contacten\/#webpage\",\"url\":\"https:\/\/www.lyons-andelle-tourisme.com\/nl\/verblijf\/nuttige-contacten\/\",\"name\":\"Nuttige contacten - Lyons Andelle Tourisme\",\"isPartOf\":{\"@id\":\"https:\/\/www.lyons-andelle-tourisme.com\/#website\"},\"datePublished\":\"2020-11-26T14:11:42+00:00\",\"dateModified\":\"2022-02-28T15:30:00+00:00\",\"description\":\"Nuttige contacten in Lyons Andelle: voor noodgevallen, permanent bereikbare gezondheidszorg en openbare diensten in Lyons Andelle.\",\"breadcrumb\":{\"@id\":\"https:\/\/www.lyons-andelle-tourisme.com\/nl\/verblijf\/nuttige-contacten\/#breadcrumb\"},\"inLanguage\":\"nl\",\"potentialAction\":[{\"@type\":\"ReadAction\",\"target\":[\"https:\/\/www.lyons-andelle-tourisme.com\/nl\/verblijf\/nuttige-contacten\/\"]}]},{\"@type\":\"BreadcrumbList\",\"@id\":\"https:\/\/www.lyons-andelle-tourisme.com\/nl\/verblijf\/nuttige-contacten\/#breadcrumb\",\"itemListElement\":[{\"@type\":\"ListItem\",\"position\":1,\"name\":\"Overnachten\",\"item\":\"https:\/\/www.lyons-andelle-tourisme.com\/nl\/verblijf\/\"},{\"@type\":\"ListItem\",\"position\":2,\"name\":\"Nuttige contacten\"}]}]}<\/script>\n<!-- \/ Yoast SEO plugin. -->","yoast_head_json":{"title":"Nuttige contacten - Lyons Andelle Tourisme","description":"Nuttige contacten in Lyons Andelle: voor noodgevallen, permanent bereikbare gezondheidszorg en openbare diensten in Lyons Andelle.","robots":{"index":"index","follow":"follow","max-snippet":"max-snippet:-1","max-image-preview":"max-image-preview:large","max-video-preview":"max-video-preview:-1"},"canonical":"https:\/\/www.lyons-andelle-tourisme.com\/nl\/verblijf\/nuttige-contacten\/","og_locale":"nl_NL","og_type":"article","og_title":"Nuttige contacten - Lyons Andelle Tourisme","og_description":"Nuttige contacten in Lyons Andelle: voor noodgevallen, permanent bereikbare gezondheidszorg en openbare diensten in Lyons Andelle.","og_url":"https:\/\/www.lyons-andelle-tourisme.com\/nl\/verblijf\/nuttige-contacten\/","og_site_name":"Lyons Andelle Tourisme","article_modified_time":"2022-02-28T15:30:00+00:00","twitter_card":"summary_large_image","twitter_misc":{"Geschatte leestijd":"1 minuut"},"schema":{"@context":"https:\/\/schema.org","@graph":[{"@type":"WebSite","@id":"https:\/\/www.lyons-andelle-tourisme.com\/#website","url":"https:\/\/www.lyons-andelle-tourisme.com\/","name":"Lyons Andelle Tourisme","description":"L&#039;\u00e9chapp\u00e9e Belle Normande \u00e0 1h30 de Paris","potentialAction":[{"@type":"SearchAction","target":{"@type":"EntryPoint","urlTemplate":"https:\/\/www.lyons-andelle-tourisme.com\/?s={search_term_string}"},"query-input":"required name=search_term_string"}],"inLanguage":"nl"},{"@type":"WebPage","@id":"https:\/\/www.lyons-andelle-tourisme.com\/nl\/verblijf\/nuttige-contacten\/#webpage","url":"https:\/\/www.lyons-andelle-tourisme.com\/nl\/verblijf\/nuttige-contacten\/","name":"Nuttige contacten - Lyons Andelle Tourisme","isPartOf":{"@id":"https:\/\/www.lyons-andelle-tourisme.com\/#website"},"datePublished":"2020-11-26T14:11:42+00:00","dateModified":"2022-02-28T15:30:00+00:00","description":"Nuttige contacten in Lyons Andelle: voor noodgevallen, permanent bereikbare gezondheidszorg en openbare diensten in Lyons Andelle.","breadcrumb":{"@id":"https:\/\/www.lyons-andelle-tourisme.com\/nl\/verblijf\/nuttige-contacten\/#breadcrumb"},"inLanguage":"nl","potentialAction":[{"@type":"ReadAction","target":["https:\/\/www.lyons-andelle-tourisme.com\/nl\/verblijf\/nuttige-contacten\/"]}]},{"@type":"BreadcrumbList","@id":"https:\/\/www.lyons-andelle-tourisme.com\/nl\/verblijf\/nuttige-contacten\/#breadcrumb","itemListElement":[{"@type":"ListItem","position":1,"name":"Overnachten","item":"https:\/\/www.lyons-andelle-tourisme.com\/nl\/verblijf\/"},{"@type":"ListItem","position":2,"name":"Nuttige contacten"}]}]}},"_links":{"self":[{"href":"https:\/\/www.lyons-andelle-tourisme.com\/nl\/wp-json\/wp\/v2\/pages\/18819"}],"collection":[{"href":"https:\/\/www.lyons-andelle-tourisme.com\/nl\/wp-json\/wp\/v2\/pages"}],"about":[{"href":"https:\/\/www.lyons-andelle-tourisme.com\/nl\/wp-json\/wp\/v2\/types\/page"}],"author":[{"embeddable":true,"href":"https:\/\/www.lyons-andelle-tourisme.com\/nl\/wp-json\/wp\/v2\/users\/1"}],"replies":[{"embeddable":true,"href":"https:\/\/www.lyons-andelle-tourisme.com\/nl\/wp-json\/wp\/v2\/comments?post=18819"}],"version-history":[{"count":4,"href":"https:\/\/www.lyons-andelle-tourisme.com\/nl\/wp-json\/wp\/v2\/pages\/18819\/revisions"}],"predecessor-version":[{"id":24571,"href":"https:\/\/www.lyons-andelle-tourisme.com\/nl\/wp-json\/wp\/v2\/pages\/18819\/revisions\/24571"}],"up":[{"embeddable":true,"href":"https:\/\/www.lyons-andelle-tourisme.com\/nl\/wp-json\/wp\/v2\/pages\/18786"}],"wp:attachment":[{"href":"https:\/\/www.lyons-andelle-tourisme.com\/nl\/wp-json\/wp\/v2\/media?parent=18819"}],"curies":[{"name":"wp","href":"https:\/\/api.w.org\/{rel}","templated":true}]}}