{"id":18820,"date":"2020-11-05T10:52:50","date_gmt":"2020-11-05T09:52:50","guid":{"rendered":"https:\/\/www.lyons-andelle-tourisme.com\/contact\/"},"modified":"2021-12-28T14:45:12","modified_gmt":"2021-12-28T13:45:12","slug":"contact","status":"publish","type":"page","link":"https:\/\/www.lyons-andelle-tourisme.com\/nl\/contact\/","title":{"rendered":"Contact"},"content":{"rendered":"\n<p><strong>Office de Tourisme Lyons Andelle<\/strong><\/p>\n\n<p>25 bis Place Benserade<\/p>\n\n<p>27480 Lyons-la-For\u00eat  <\/p>\n\n<p>Tel.: (+33) (0)2 32 49 31 65<\/p>\n\n<p>E-mail: <a href=\"mailto:info@lyons-andelle-tourisme.com\" target=\"_blank\" aria-label=\"info@lyons-andelle-tourisme.com (opens in a new tab)\" rel=\"noreferrer noopener\" class=\"ek-link\">info@lyons-andelle-tourisme.com<\/a><\/p>\n\n<p>De met een * gemarkeerde velden zijn verplicht<\/p>\n\n<p>Door dit formulier in te dienen bij het toeristenbureau van Lyons Andelle, stemt u erin toe dat de ingevoerde gegevens worden verwerkt voor beantwoording van uw vraag.  <\/p>\n\n<p>De met een asterisk (*) gemarkeerde velden zijn verplicht. U kunt de door u gegeven toestemming op elk gewenst moment intrekken. Raadpleeg ons <a href=\"https:\/\/www.lyons-andelle-tourisme.com\/nl\/juridisch-kennisgeving\/\" target=\"_blank\" aria-label=\" (opens in a new tab)\" rel=\"noreferrer noopener\" class=\"ek-link\">Beleid persoonsgegevensbescherming<\/a> voor meer informatie over uw rechten en hoe u die kunt uitoefenen.  <\/p>\n\n\n<p><\/p>\n","protected":false},"excerpt":{"rendered":"<p>Office de Tourisme Lyons Andelle 25 bis Place Benserade 27480 Lyons-la-For\u00eat Tel.: (+33) (0)2 32 49 31 65 E-mail: info@lyons-andelle-tourisme.com De met een * gemarkeerde velden zijn verplicht Door dit formulier in te dienen bij het toeristenbureau van Lyons Andelle, stemt u erin toe dat de ingevoerde gegevens worden verwerkt voor beantwoording van uw vraag. [&hellip;]<\/p>\n","protected":false},"author":1,"featured_media":0,"parent":0,"menu_order":36,"comment_status":"closed","ping_status":"closed","template":"","meta":{"_editorskit_title_hidden":false,"_editorskit_reading_time":1,"_editorskit_typography_data":[],"_editorskit_blocks_typography":""},"yoast_head":"<!-- This site is optimized with the Yoast SEO plugin v17.2 - https:\/\/yoast.com\/wordpress\/plugins\/seo\/ -->\n<title>Contact - Lyons Andelle Tourisme<\/title>\n<meta name=\"robots\" content=\"index, follow, max-snippet:-1, max-image-preview:large, max-video-preview:-1\" \/>\n<link rel=\"canonical\" href=\"https:\/\/www.lyons-andelle-tourisme.com\/nl\/contact\/\" \/>\n<meta property=\"og:locale\" content=\"nl_NL\" \/>\n<meta property=\"og:type\" content=\"article\" \/>\n<meta property=\"og:title\" content=\"Contact - Lyons Andelle Tourisme\" \/>\n<meta property=\"og:description\" content=\"Office de Tourisme Lyons Andelle 25 bis Place Benserade 27480 Lyons-la-For\u00eat Tel.: (+33) (0)2 32 49 31 65 E-mail: info@lyons-andelle-tourisme.com De met een * gemarkeerde velden zijn verplicht Door dit formulier in te dienen bij het toeristenbureau van Lyons Andelle, stemt u erin toe dat de ingevoerde gegevens worden verwerkt voor beantwoording van uw vraag. [&hellip;]\" \/>\n<meta property=\"og:url\" content=\"https:\/\/www.lyons-andelle-tourisme.com\/nl\/contact\/\" \/>\n<meta property=\"og:site_name\" content=\"Lyons Andelle Tourisme\" \/>\n<meta property=\"article:modified_time\" content=\"2021-12-28T13:45:12+00:00\" \/>\n<meta name=\"twitter:card\" content=\"summary_large_image\" \/>\n<meta name=\"twitter:label1\" content=\"Geschatte leestijd\" \/>\n\t<meta name=\"twitter:data1\" content=\"1 minuut\" \/>\n<script type=\"application\/ld+json\" class=\"yoast-schema-graph\">{\"@context\":\"https:\/\/schema.org\",\"@graph\":[{\"@type\":\"WebSite\",\"@id\":\"https:\/\/www.lyons-andelle-tourisme.com\/#website\",\"url\":\"https:\/\/www.lyons-andelle-tourisme.com\/\",\"name\":\"Lyons Andelle Tourisme\",\"description\":\"L&#039;\\u00e9chapp\\u00e9e Belle Normande \\u00e0 1h30 de Paris\",\"potentialAction\":[{\"@type\":\"SearchAction\",\"target\":{\"@type\":\"EntryPoint\",\"urlTemplate\":\"https:\/\/www.lyons-andelle-tourisme.com\/?s={search_term_string}\"},\"query-input\":\"required name=search_term_string\"}],\"inLanguage\":\"nl\"},{\"@type\":\"WebPage\",\"@id\":\"https:\/\/www.lyons-andelle-tourisme.com\/nl\/contact\/#webpage\",\"url\":\"https:\/\/www.lyons-andelle-tourisme.com\/nl\/contact\/\",\"name\":\"Contact - Lyons Andelle Tourisme\",\"isPartOf\":{\"@id\":\"https:\/\/www.lyons-andelle-tourisme.com\/#website\"},\"datePublished\":\"2020-11-05T09:52:50+00:00\",\"dateModified\":\"2021-12-28T13:45:12+00:00\",\"breadcrumb\":{\"@id\":\"https:\/\/www.lyons-andelle-tourisme.com\/nl\/contact\/#breadcrumb\"},\"inLanguage\":\"nl\",\"potentialAction\":[{\"@type\":\"ReadAction\",\"target\":[\"https:\/\/www.lyons-andelle-tourisme.com\/nl\/contact\/\"]}]},{\"@type\":\"BreadcrumbList\",\"@id\":\"https:\/\/www.lyons-andelle-tourisme.com\/nl\/contact\/#breadcrumb\",\"itemListElement\":[{\"@type\":\"ListItem\",\"position\":1,\"name\":\"Contact\"}]}]}<\/script>\n<!-- \/ Yoast SEO plugin. -->","yoast_head_json":{"title":"Contact - Lyons Andelle Tourisme","robots":{"index":"index","follow":"follow","max-snippet":"max-snippet:-1","max-image-preview":"max-image-preview:large","max-video-preview":"max-video-preview:-1"},"canonical":"https:\/\/www.lyons-andelle-tourisme.com\/nl\/contact\/","og_locale":"nl_NL","og_type":"article","og_title":"Contact - Lyons Andelle Tourisme","og_description":"Office de Tourisme Lyons Andelle 25 bis Place Benserade 27480 Lyons-la-For\u00eat Tel.: (+33) (0)2 32 49 31 65 E-mail: info@lyons-andelle-tourisme.com De met een * gemarkeerde velden zijn verplicht Door dit formulier in te dienen bij het toeristenbureau van Lyons Andelle, stemt u erin toe dat de ingevoerde gegevens worden verwerkt voor beantwoording van uw vraag. [&hellip;]","og_url":"https:\/\/www.lyons-andelle-tourisme.com\/nl\/contact\/","og_site_name":"Lyons Andelle Tourisme","article_modified_time":"2021-12-28T13:45:12+00:00","twitter_card":"summary_large_image","twitter_misc":{"Geschatte leestijd":"1 minuut"},"schema":{"@context":"https:\/\/schema.org","@graph":[{"@type":"WebSite","@id":"https:\/\/www.lyons-andelle-tourisme.com\/#website","url":"https:\/\/www.lyons-andelle-tourisme.com\/","name":"Lyons Andelle Tourisme","description":"L&#039;\u00e9chapp\u00e9e Belle Normande \u00e0 1h30 de Paris","potentialAction":[{"@type":"SearchAction","target":{"@type":"EntryPoint","urlTemplate":"https:\/\/www.lyons-andelle-tourisme.com\/?s={search_term_string}"},"query-input":"required name=search_term_string"}],"inLanguage":"nl"},{"@type":"WebPage","@id":"https:\/\/www.lyons-andelle-tourisme.com\/nl\/contact\/#webpage","url":"https:\/\/www.lyons-andelle-tourisme.com\/nl\/contact\/","name":"Contact - Lyons Andelle Tourisme","isPartOf":{"@id":"https:\/\/www.lyons-andelle-tourisme.com\/#website"},"datePublished":"2020-11-05T09:52:50+00:00","dateModified":"2021-12-28T13:45:12+00:00","breadcrumb":{"@id":"https:\/\/www.lyons-andelle-tourisme.com\/nl\/contact\/#breadcrumb"},"inLanguage":"nl","potentialAction":[{"@type":"ReadAction","target":["https:\/\/www.lyons-andelle-tourisme.com\/nl\/contact\/"]}]},{"@type":"BreadcrumbList","@id":"https:\/\/www.lyons-andelle-tourisme.com\/nl\/contact\/#breadcrumb","itemListElement":[{"@type":"ListItem","position":1,"name":"Contact"}]}]}},"_links":{"self":[{"href":"https:\/\/www.lyons-andelle-tourisme.com\/nl\/wp-json\/wp\/v2\/pages\/18820"}],"collection":[{"href":"https:\/\/www.lyons-andelle-tourisme.com\/nl\/wp-json\/wp\/v2\/pages"}],"about":[{"href":"https:\/\/www.lyons-andelle-tourisme.com\/nl\/wp-json\/wp\/v2\/types\/page"}],"author":[{"embeddable":true,"href":"https:\/\/www.lyons-andelle-tourisme.com\/nl\/wp-json\/wp\/v2\/users\/1"}],"replies":[{"embeddable":true,"href":"https:\/\/www.lyons-andelle-tourisme.com\/nl\/wp-json\/wp\/v2\/comments?post=18820"}],"version-history":[{"count":3,"href":"https:\/\/www.lyons-andelle-tourisme.com\/nl\/wp-json\/wp\/v2\/pages\/18820\/revisions"}],"predecessor-version":[{"id":19183,"href":"https:\/\/www.lyons-andelle-tourisme.com\/nl\/wp-json\/wp\/v2\/pages\/18820\/revisions\/19183"}],"wp:attachment":[{"href":"https:\/\/www.lyons-andelle-tourisme.com\/nl\/wp-json\/wp\/v2\/media?parent=18820"}],"curies":[{"name":"wp","href":"https:\/\/api.w.org\/{rel}","templated":true}]}}