{"id":18821,"date":"2020-11-05T10:41:26","date_gmt":"2020-11-05T09:41:26","guid":{"rendered":"https:\/\/www.lyons-andelle-tourisme.com\/mentions-legales\/"},"modified":"2021-12-28T14:45:12","modified_gmt":"2021-12-28T13:45:12","slug":"juridisch-kennisgeving","status":"publish","type":"page","link":"https:\/\/www.lyons-andelle-tourisme.com\/nl\/juridisch-kennisgeving\/","title":{"rendered":"Wettelijke bepalingen"},"content":{"rendered":"\n<p><strong>UITGEVER EN VERANTWOORDELIJKE VOOR DE PUBLICATIE<\/strong><br\/>De website www.lyons-andelle-tourisme.com is eigendom van het toeristenbureau van Lyons Andelle, een overheidsdienst van de Communaut\u00e9 de Communes Lyons Andelle.<br\/>Offici\u00eble benaming: Office de Tourisme Lyons Andelle<br\/>Adres: 25 bis, Place Benserade \u2013 27480 Lyons-la-For\u00eat<br\/>Tel.: : 02 32 49 31 65<\/p>\n\n<p>Directeur van de publicatie: M. Philippe G\u00e9rics, voorzitter van de Communaut\u00e9 de Communes Lyons Andelle<br\/><\/p>\n\n<p><strong>HOSTING<\/strong><br\/>De site wordt gehost door de maatschappij Infomaniak, Rue Eug\u00e8ne-Marziano 25, 1227 Gen\u00e8ve &#8211; Zwitserland &#8211; ondernemings- en btw-nummer: CHE-103.167.648, https:\/\/www.infomaniak.com\/fr\/support\/contact\/email<\/p>\n\n<p><strong>VERZAMELDE PERSOONSGEGEVENS<\/strong><br\/>Op deze site worden de volgende persoonsgegevens verzameld:<br\/>\u2022 Ingevoerde en via het formulier verzonden gegevens<br\/>\u2022 Via de publieksmetingstool Google Analytics verzamelde gegevens<br\/><strong>Uw rechten in verband met verzameling<\/strong><br\/>De Communaut\u00e9 de Communes Lyons Andelle (CdCLA), gevestigd in Charleval (27380), ZA La Vente Cartier, rue Martin Liesse, heeft ADICO, gevestigd in Beauvais (60000), 2 rue Jean Monnet, aangewezen als vertegenwoordiger voor gegevensbescherming. Dit bedrijf is er vooral mee belast te verzekeren dat de activiteiten van de groep in overeenstemming zijn met het nieuwe wettelijke Europese kader van de AVG en samen te werken met de controleautoriteit.<\/p>\n\n<p><strong>DOEL VAN HET VERZAMELEN VAN PERSOONSGEGEVENS<\/strong><br\/>De verzameling van persoonsgegevens via het formulier is bedoeld om de kwaliteit van de dienstverlening aan de gebruikers te verbeteren en om met anderen een commerci\u00eble betrekking te onderhouden. Door het formulier in te sturen en het hokje voor toestemming op het formulier aan te vinken, geeft de gebruiker uitdrukkelijk toestemming voor de verwerking van zijn persoonsgegevens voor het doel van beheer van de commerci\u00eble relatie. In geen geval worden de gegevens verzonden of aan derden doorgegeven.<br\/>De verzameling van gegevens met behulp van de publieksmonitoringtool Google Analytics, waarvan op deze site gebruik wordt gemaakt, heeft ten doel het gedrag van de bezoekers aan de site te analyseren.<br\/>Google Analytics gebruikt cookies van derden om gebruikers te herkennen. Deze cookies bevatten geen persoonlijke informatie.<br\/><\/p>\n\n<p><strong>ABONNEMENT OP ONZE PUBLICATIES<\/strong><br\/>U kunt via de website www.lyons-andelle-tourisme.com vragen om toezending van toeristische informatie, u abonneren op de nieuwsbrief of op de evenementenagenda van de bestemming Lyons Andelle. Deze publicaties zijn bedoeld om u te informeren over het toeristische aanbod in Lyons Andelle.<\/p>\n\n<p>U kunt zich op deze publicaties abonneren via een aanmeldingsformulier waarop uw achternaam, voornaam, e-mail en postcode invult (en uw postadres voor het ontvangen van informatiemateriaal). Er wordt een bevestigingsmail verzonden aan het ingevulde e-mailadres om registratie van uw verzoek te bevestigen. De bevestigingsmail wordt gebruikt om aan te tonen dat u het toeristenbureau van Lyons Andelle toestemming heeft gegeven om u als betrokkene publicaties toe te sturen. Deze persoonsgegevens worden opgeslagen op onze servers. Alleen de voor verzameling verantwoordelijke van het toeristenbureau van Lyons Andelle heeft toegang tot deze gegevens.<\/p>\n\n<p><strong>Privacybeleid<\/strong><\/p>\n\n<p>U kunt op elk gewenst moment het toeristenbureau van Lyons Andelle ervan op de hoogte stellen dat u niet langer geabonneerd wilt blijven op een van hun publicaties door te klikken op &#8220;Afmelden&#8221; of een e-mail te sturen naar het volgende adres: info@lyons-andelle-tourisme.com.<\/p>\n\n<p>De verzamelde persoonsgegevens (contactformulier, aanmeldingsformulier voor de nieuwsbrieven) worden 3 jaar bewaard, geteld vanaf het laatste contact uwerzijds, en zijn uitsluitend bestemd voor het toeristenbureau van Lyons Andelle.  <\/p>\n\n<p>Het toeristenbureau van Lyons Andelle verplicht zich ertoe deze persoonsgegevens in welke vorm dan ook niet aan derden te verkopen, door te geven of ter beschikking te stellen.<\/p>\n\n<p>In overeenstemming met de Franse wet &#8220;informatica en vrijheid&#8221; (art. 34 van de Franse wet &#8220;Informatica en Vrijheid&#8221; van 6 januari 1978) en de Algemene Verordening Gegevensbescherming, die van kracht werd op 25 mei 2018, heeft u het recht te vragen om toegang tot uw gegevens en wijziging ervan door per e-mail of via reguliere post contact op te nemen met het toeristenbureau van Lyons Andelle.<\/p>\n\n<p><strong>UW RECHT OP WIJZIGING EN WISSING UITOEFENEN<\/strong><br\/>In overeenstemming met de Franse wet &#8220;Informatica en Vrijheid&#8221; van 6 januari 1978 en de &#8220;Algemene Verordening Gegevensbescherming (AVG)&#8221; kunt u uw recht tot toegang, wijziging, overdracht, wissing en bezwaar uitoefenen door u te richten tot de Functionaris voor Gegevensbescherming (DPO) bij ADICO: contact@adico.fr.<br\/>Als u na contact met ons te hebben opgenomen van mening bent dat uw rechten niet in acht zijn genomen, kunt u online of per reguliere post een klacht richten aan de CNIL (Franse nationale commissie voor informatica en vrijheid).<\/p>\n\n<p><strong>AUTEURSRECHTEN<\/strong><br\/>In overeenstemming met de Franse wet op de intellectuele eigendom is elke vorm van gebruik (weergave of reproductie) van de hele website of een deel ervan strikt verboden, behalve met uitdrukkelijke voorafgaande schriftelijke toestemming van het toeristenbureau van Lyons Andelle. Alles wat op deze site staat (teksten, foto&#8217;s, geluid, logo&#8217;s, merken en domeinnamen) valt onder de bepalingen in de Franse wet op de intellectuele eigendom. Alleen toegestaan is een kopie op uw eigen computer voor eigen, niet commercieel gebruik.<br\/><strong>Fotorechten<\/strong><br\/>De op deze site gepubliceerde foto&#8217;s en video&#8217;s vallen onder de bepalingen van de Franse wet op de intellectuele eigendom. De fotorechten staan vermeld onder de foto&#8217;s zelf. Elke vorm van reproductie of kopi\u00ebren is verboden.<br\/><strong>Cartografische rechten<\/strong><br\/>\u00a9 Medewerkers van OpenStreetMap<\/p>\n\n<p><strong>WAARSCHUWING<\/strong><br\/>De informatie en gegevens op deze website zijn ter informatie gepubliceerd. Het toeristenbureau van Lyons Andelle behoudt zich het recht voor alle onderdelen van deze site zonder voorafgaande waarschuwing te wijzigen en te actualiseren.  <\/p>\n\n<p>De op www.lyons-andelle-tourisme.com gepubliceerde informatie heeft geen contractuele waarde. Het is aan u zelf om bij de op de site vermelde toeristische dienstverlener te controleren of de gegevens kloppen.<\/p>\n\n<p>Het toeristenbureau van Lyons Andelle behoudt zich het recht voor op welk moment dan ook de hele website of een deel ervan te wijzigen of tijdelijk of definitief te onderbreken voor het uitvoeren van onderhoud en aanbrengen van verbeteringen en\/of wijzigingen aan de site www.lyons-andelle-tourisme.com.<\/p>\n","protected":false},"excerpt":{"rendered":"<p>UITGEVER EN VERANTWOORDELIJKE VOOR DE PUBLICATIEDe website www.lyons-andelle-tourisme.com is eigendom van het toeristenbureau van Lyons Andelle, een overheidsdienst van de Communaut\u00e9 de Communes Lyons Andelle.Offici\u00eble benaming: Office de Tourisme Lyons AndelleAdres: 25 bis, Place Benserade \u2013 27480 Lyons-la-For\u00eatTel.: : 02 32 49 31 65 Directeur van de publicatie: M. Philippe G\u00e9rics, voorzitter van de Communaut\u00e9 [&hellip;]<\/p>\n","protected":false},"author":1,"featured_media":0,"parent":0,"menu_order":37,"comment_status":"closed","ping_status":"closed","template":"","meta":{"_editorskit_title_hidden":false,"_editorskit_reading_time":3,"_editorskit_typography_data":[],"_editorskit_blocks_typography":""},"yoast_head":"<!-- This site is optimized with the Yoast SEO plugin v17.2 - https:\/\/yoast.com\/wordpress\/plugins\/seo\/ -->\n<title>Wettelijke bepalingen - Lyons Andelle Tourisme<\/title>\n<meta name=\"robots\" content=\"index, follow, max-snippet:-1, max-image-preview:large, max-video-preview:-1\" \/>\n<link rel=\"canonical\" href=\"https:\/\/www.lyons-andelle-tourisme.com\/nl\/juridisch-kennisgeving\/\" \/>\n<meta property=\"og:locale\" content=\"nl_NL\" \/>\n<meta property=\"og:type\" content=\"article\" \/>\n<meta property=\"og:title\" content=\"Wettelijke bepalingen - Lyons Andelle Tourisme\" \/>\n<meta property=\"og:description\" content=\"UITGEVER EN VERANTWOORDELIJKE VOOR DE PUBLICATIEDe website www.lyons-andelle-tourisme.com is eigendom van het toeristenbureau van Lyons Andelle, een overheidsdienst van de Communaut\u00e9 de Communes Lyons Andelle.Offici\u00eble benaming: Office de Tourisme Lyons AndelleAdres: 25 bis, Place Benserade \u2013 27480 Lyons-la-For\u00eatTel.: : 02 32 49 31 65 Directeur van de publicatie: M. Philippe G\u00e9rics, voorzitter van de Communaut\u00e9 [&hellip;]\" \/>\n<meta property=\"og:url\" content=\"https:\/\/www.lyons-andelle-tourisme.com\/nl\/juridisch-kennisgeving\/\" \/>\n<meta property=\"og:site_name\" content=\"Lyons Andelle Tourisme\" \/>\n<meta property=\"article:modified_time\" content=\"2021-12-28T13:45:12+00:00\" \/>\n<meta name=\"twitter:card\" content=\"summary_large_image\" \/>\n<meta name=\"twitter:label1\" content=\"Geschatte leestijd\" \/>\n\t<meta name=\"twitter:data1\" content=\"5 minuten\" \/>\n<script type=\"application\/ld+json\" class=\"yoast-schema-graph\">{\"@context\":\"https:\/\/schema.org\",\"@graph\":[{\"@type\":\"WebSite\",\"@id\":\"https:\/\/www.lyons-andelle-tourisme.com\/#website\",\"url\":\"https:\/\/www.lyons-andelle-tourisme.com\/\",\"name\":\"Lyons Andelle Tourisme\",\"description\":\"L&#039;\\u00e9chapp\\u00e9e Belle Normande \\u00e0 1h30 de Paris\",\"potentialAction\":[{\"@type\":\"SearchAction\",\"target\":{\"@type\":\"EntryPoint\",\"urlTemplate\":\"https:\/\/www.lyons-andelle-tourisme.com\/?s={search_term_string}\"},\"query-input\":\"required name=search_term_string\"}],\"inLanguage\":\"nl\"},{\"@type\":\"WebPage\",\"@id\":\"https:\/\/www.lyons-andelle-tourisme.com\/nl\/juridisch-kennisgeving\/#webpage\",\"url\":\"https:\/\/www.lyons-andelle-tourisme.com\/nl\/juridisch-kennisgeving\/\",\"name\":\"Wettelijke bepalingen - Lyons Andelle Tourisme\",\"isPartOf\":{\"@id\":\"https:\/\/www.lyons-andelle-tourisme.com\/#website\"},\"datePublished\":\"2020-11-05T09:41:26+00:00\",\"dateModified\":\"2021-12-28T13:45:12+00:00\",\"breadcrumb\":{\"@id\":\"https:\/\/www.lyons-andelle-tourisme.com\/nl\/juridisch-kennisgeving\/#breadcrumb\"},\"inLanguage\":\"nl\",\"potentialAction\":[{\"@type\":\"ReadAction\",\"target\":[\"https:\/\/www.lyons-andelle-tourisme.com\/nl\/juridisch-kennisgeving\/\"]}]},{\"@type\":\"BreadcrumbList\",\"@id\":\"https:\/\/www.lyons-andelle-tourisme.com\/nl\/juridisch-kennisgeving\/#breadcrumb\",\"itemListElement\":[{\"@type\":\"ListItem\",\"position\":1,\"name\":\"Wettelijke bepalingen\"}]}]}<\/script>\n<!-- \/ Yoast SEO plugin. -->","yoast_head_json":{"title":"Wettelijke bepalingen - Lyons Andelle Tourisme","robots":{"index":"index","follow":"follow","max-snippet":"max-snippet:-1","max-image-preview":"max-image-preview:large","max-video-preview":"max-video-preview:-1"},"canonical":"https:\/\/www.lyons-andelle-tourisme.com\/nl\/juridisch-kennisgeving\/","og_locale":"nl_NL","og_type":"article","og_title":"Wettelijke bepalingen - Lyons Andelle Tourisme","og_description":"UITGEVER EN VERANTWOORDELIJKE VOOR DE PUBLICATIEDe website www.lyons-andelle-tourisme.com is eigendom van het toeristenbureau van Lyons Andelle, een overheidsdienst van de Communaut\u00e9 de Communes Lyons Andelle.Offici\u00eble benaming: Office de Tourisme Lyons AndelleAdres: 25 bis, Place Benserade \u2013 27480 Lyons-la-For\u00eatTel.: : 02 32 49 31 65 Directeur van de publicatie: M. Philippe G\u00e9rics, voorzitter van de Communaut\u00e9 [&hellip;]","og_url":"https:\/\/www.lyons-andelle-tourisme.com\/nl\/juridisch-kennisgeving\/","og_site_name":"Lyons Andelle Tourisme","article_modified_time":"2021-12-28T13:45:12+00:00","twitter_card":"summary_large_image","twitter_misc":{"Geschatte leestijd":"5 minuten"},"schema":{"@context":"https:\/\/schema.org","@graph":[{"@type":"WebSite","@id":"https:\/\/www.lyons-andelle-tourisme.com\/#website","url":"https:\/\/www.lyons-andelle-tourisme.com\/","name":"Lyons Andelle Tourisme","description":"L&#039;\u00e9chapp\u00e9e Belle Normande \u00e0 1h30 de Paris","potentialAction":[{"@type":"SearchAction","target":{"@type":"EntryPoint","urlTemplate":"https:\/\/www.lyons-andelle-tourisme.com\/?s={search_term_string}"},"query-input":"required name=search_term_string"}],"inLanguage":"nl"},{"@type":"WebPage","@id":"https:\/\/www.lyons-andelle-tourisme.com\/nl\/juridisch-kennisgeving\/#webpage","url":"https:\/\/www.lyons-andelle-tourisme.com\/nl\/juridisch-kennisgeving\/","name":"Wettelijke bepalingen - Lyons Andelle Tourisme","isPartOf":{"@id":"https:\/\/www.lyons-andelle-tourisme.com\/#website"},"datePublished":"2020-11-05T09:41:26+00:00","dateModified":"2021-12-28T13:45:12+00:00","breadcrumb":{"@id":"https:\/\/www.lyons-andelle-tourisme.com\/nl\/juridisch-kennisgeving\/#breadcrumb"},"inLanguage":"nl","potentialAction":[{"@type":"ReadAction","target":["https:\/\/www.lyons-andelle-tourisme.com\/nl\/juridisch-kennisgeving\/"]}]},{"@type":"BreadcrumbList","@id":"https:\/\/www.lyons-andelle-tourisme.com\/nl\/juridisch-kennisgeving\/#breadcrumb","itemListElement":[{"@type":"ListItem","position":1,"name":"Wettelijke bepalingen"}]}]}},"_links":{"self":[{"href":"https:\/\/www.lyons-andelle-tourisme.com\/nl\/wp-json\/wp\/v2\/pages\/18821"}],"collection":[{"href":"https:\/\/www.lyons-andelle-tourisme.com\/nl\/wp-json\/wp\/v2\/pages"}],"about":[{"href":"https:\/\/www.lyons-andelle-tourisme.com\/nl\/wp-json\/wp\/v2\/types\/page"}],"author":[{"embeddable":true,"href":"https:\/\/www.lyons-andelle-tourisme.com\/nl\/wp-json\/wp\/v2\/users\/1"}],"replies":[{"embeddable":true,"href":"https:\/\/www.lyons-andelle-tourisme.com\/nl\/wp-json\/wp\/v2\/comments?post=18821"}],"version-history":[{"count":3,"href":"https:\/\/www.lyons-andelle-tourisme.com\/nl\/wp-json\/wp\/v2\/pages\/18821\/revisions"}],"predecessor-version":[{"id":19181,"href":"https:\/\/www.lyons-andelle-tourisme.com\/nl\/wp-json\/wp\/v2\/pages\/18821\/revisions\/19181"}],"wp:attachment":[{"href":"https:\/\/www.lyons-andelle-tourisme.com\/nl\/wp-json\/wp\/v2\/media?parent=18821"}],"curies":[{"name":"wp","href":"https:\/\/api.w.org\/{rel}","templated":true}]}}