{"id":18824,"date":"2020-11-05T10:39:52","date_gmt":"2020-11-05T09:39:52","guid":{"rendered":"https:\/\/www.lyons-andelle-tourisme.com\/espace-presse\/"},"modified":"2023-04-20T14:00:11","modified_gmt":"2023-04-20T12:00:11","slug":"persgebied","status":"publish","type":"page","link":"https:\/\/www.lyons-andelle-tourisme.com\/nl\/persgebied\/","title":{"rendered":"Pers"},"content":{"rendered":"\n<p>Heeft u als journalist of blogger plannen voor een <strong>reportage<\/strong> en bent u op zoek naar <strong>idee\u00ebn<\/strong> en een authentieke plattelands<strong>bestemming<\/strong> buiten de gebaande paden in <strong>Normandi\u00eb<\/strong>?<\/p>\n\n\n\n<p>Neem contact op met het toeristenbureau van Lyon Andelle op 02 32 49 31 65 (<a href=\"mailto:info@lyons-andelle-tourisme.com\" class=\"ek-link\">info@lyons-andelle-tourisme.com<\/a>)<br>die u informatie zal sturen over plaatsen, aanbiedingen en programmavoorstellen in overeenstemming met uw reportageproject.<\/p>\n\n\n\n<p>U kunt ons vinden in de <a href=\"https:\/\/www.eure-tourisme.fr\/espace-presse\/dossiers-de-presse\/\" class=\"ek-link\">persdossiers van Eure Tourisme<\/a>.<\/p>\n\n\n\n<div class=\"wp-block-columns\">\n<div class=\"wp-block-column\">\n<figure class=\"wp-block-image size-large\"><a href=\"https:\/\/pro.eure-tourisme.fr\/wp-content\/uploads\/2021\/05\/Dossier-de-presse-Printemps-Ete%CC%81-2021-LEure-vous-met-dehors-.pdf\"><img loading=\"lazy\" width=\"1024\" height=\"725\" src=\"https:\/\/www.lyons-andelle-tourisme.com\/wp-content\/uploads\/2021\/05\/DP-eure-tourisme-printemps-ete-2021-1-1024x725.png\" alt=\"\" class=\"wp-image-8540\" srcset=\"https:\/\/www.lyons-andelle-tourisme.com\/wp-content\/uploads\/2021\/05\/DP-eure-tourisme-printemps-ete-2021-1-1024x725.png 1024w, https:\/\/www.lyons-andelle-tourisme.com\/wp-content\/uploads\/2021\/05\/DP-eure-tourisme-printemps-ete-2021-1-300x212.png 300w, https:\/\/www.lyons-andelle-tourisme.com\/wp-content\/uploads\/2021\/05\/DP-eure-tourisme-printemps-ete-2021-1-768x544.png 768w, https:\/\/www.lyons-andelle-tourisme.com\/wp-content\/uploads\/2021\/05\/DP-eure-tourisme-printemps-ete-2021-1.png 1241w\" sizes=\"(max-width: 1024px) 100vw, 1024px\" \/><\/a><figcaption>Persdossier Eure Tourisme  <br>Voorjaar-Zomer-2021  <br>&#8220;De Eure zet u buitenspel&#8221;<\/figcaption><\/figure>\n<\/div>\n\n\n\n<div class=\"wp-block-column\">\n<figure class=\"wp-block-image size-large\"><a href=\"https:\/\/pro.eure-tourisme.fr\/wp-content\/uploads\/2021\/02\/Dossier-de-presse-2021-Eure-Tourisme.pdf\"><img loading=\"lazy\" width=\"1024\" height=\"722\" src=\"https:\/\/www.lyons-andelle-tourisme.com\/wp-content\/uploads\/2021\/05\/DP-Eure-Tourisme-Janvier-2021-1024x722.png\" alt=\"\" class=\"wp-image-8541\" srcset=\"https:\/\/www.lyons-andelle-tourisme.com\/wp-content\/uploads\/2021\/05\/DP-Eure-Tourisme-Janvier-2021-1024x722.png 1024w, https:\/\/www.lyons-andelle-tourisme.com\/wp-content\/uploads\/2021\/05\/DP-Eure-Tourisme-Janvier-2021-300x212.png 300w, https:\/\/www.lyons-andelle-tourisme.com\/wp-content\/uploads\/2021\/05\/DP-Eure-Tourisme-Janvier-2021-768x542.png 768w, https:\/\/www.lyons-andelle-tourisme.com\/wp-content\/uploads\/2021\/05\/DP-Eure-Tourisme-Janvier-2021.png 1243w\" sizes=\"(max-width: 1024px) 100vw, 1024px\" \/><\/a><figcaption><br>Persdossier Eure Tourisme 2021<br>&#8220;10 onverwachte redenen voor een uitstapje in de Eure!&#8221;<\/figcaption><\/figure>\n<\/div>\n<\/div>\n\n\n\n<p>U kunt ook <a href=\"mailto:marie-laure.vittori@cdcla.fr\" class=\"ek-link\"><strong>contact met ons opnemen<\/strong><\/a> voor het <a href=\"mailto:marie-laure.vittori@cdcla.fr\" class=\"ek-link\"><strong>aanvragen van foto&#8217;s<\/strong><\/a> zonder auteursrechten.<\/p>\n\n\n\n<h2>Onze bestemming in de media<\/h2>\n\n\n\n<p><\/p>\n\n\n\n<ul><li><strong>Le Figaro<\/strong>, <a href=\"https:\/\/www.lefigaro.fr\/voyages\/guides\/de-la-cote-d-albatre-au-cotentin-dix-beaux-villages-made-in-normandie-20210502\" class=\"ek-link\">&#8220;De la c\u00f4te d\u2019Alb\u00e2tre au Cotentin, dix beaux villages \u00abmade in Normandie&#8221;<\/a>, Thibault Petit, mei 2021<\/li><li><strong>Grazia<\/strong>, <a aria-label=\" (opens in a new tab)\" href=\"https:\/\/www.grazia.fr\/lifestyle\/voyages\/36-heures-a-rouen-et-dans-la-campagne-normande-947793\" target=\"_blank\" rel=\"noreferrer noopener\" class=\"ek-link\">\u00ab 36 heures \u00e0 Rouen et dans la campagne normande \u00bb<\/a>, Florence Santrot, januari 2020<\/li><li><strong>Le Monde, <\/strong><a aria-label=\" (opens in a new tab)\" href=\"https:\/\/www.lemonde.fr\/m-voyage\/article\/2020\/05\/17\/c-est-beau-la-france-10-villages-secrets_6039904_4497613.html\" target=\"_blank\" rel=\"noreferrer noopener\" class=\"ek-link\">\u00ab C\u2019est beau la France ! 10 villages secrets \u00bb<\/a>, Thomas Doustaly, mei 2020<\/li><li><strong>Le Parisien, <\/strong><a aria-label=\" (opens in a new tab)\" href=\"https:\/\/www.leparisien.fr\/societe\/pont-de-l-ascension-la-normandie-se-prepare-au-debarquement-des-parisiens-20-05-2020-8320656.php\" target=\"_blank\" rel=\"noreferrer noopener\" class=\"ek-link\">\u00ab Pont de l\u2019Ascension : la Normandie se pr\u00e9pare au d\u00e9barquement des Parisiens \u00bb<\/a>, Vincent Mongaillard, mei 2020<\/li><li><strong>TF1 &#8211; LE 20 H, <\/strong><a href=\"https:\/\/www.facebook.com\/TF1Normandie\/videos\/265429324655618\" class=\"ek-link\"><strong>\u00ab D\u00e9couverte : 100 km autour de Rouen \u00bb<\/strong><\/a>, reportage van Guillaume Thorel, Antoine Vulliez en Antoine Santos, mei 2020.<\/li><li><strong>Les Echos, <\/strong><a aria-label=\" (opens in a new tab)\" href=\"https:\/\/www.lesechos.fr\/patrimoine\/immobilier\/votre-maison-de-campagne-a-moins-de-100-km-de-paris-le-discret-nord-ouest-parisien-1223049\" target=\"_blank\" rel=\"noreferrer noopener\" class=\"ek-link\">\u00ab Votre maison de campagne \u00e0 moins de 100 km de Paris : le discret nord-ouest parisien \u00bb<\/a>, Marie-Christine Sonkin, juli 2020.<\/li><li><strong>ELLE D\u00e9coration,<\/strong><a aria-label=\" (opens in a new tab)\" href=\"https:\/\/www.elle.fr\/Deco\/Reportages\/Les-pros\/Visite-guidee-du-Vexin-normand-avec-l-architecte-d-interieur-Laura-Gonzalez\" target=\"_blank\" rel=\"noreferrer noopener\" class=\"ek-link\"><strong> <\/strong>\u00ab Visite guid\u00e9e du Vexin normand avec l&#8217;architecte d&#8217;int\u00e9rieur Laura Gonzalez \u00bb,<\/a> Soline Delos, augustus 2020<\/li><li><strong>Paris Normandie, <\/strong><a aria-label=\" (opens in a new tab)\" href=\"https:\/\/www.paris-normandie.fr\/pn-interactif\/podcasts\/podcast-escapade-gourmande-et-familiale-dans-l-eure-a-lyons-la-foret-AB17168448\" target=\"_blank\" rel=\"noreferrer noopener\" class=\"ek-link\">Escapade gourmande et familiale dans l\u2019Eure, \u00e0 Lyons-la-For\u00eat<\/a>, Lolita Blassieaux, augustus 2020<\/li><li><strong>Version F\u00e9mina,<\/strong> <a href=\"https:\/\/www.femina.fr\/article\/5-raisons-de-partir-un-week-end-dans-le-vexin-normand\" class=\"ek-link\">\u00ab 5 raisons de partir un week-end dans le Vexin Normand \u00bb,<\/a> E.R., oktober 2020<\/li><li><strong>Le Figaro, <\/strong><a aria-label=\" (opens in a new tab)\" href=\"https:\/\/www.lefigaro.fr\/voyages\/halloween-cinq-lieux-mysterieux-ou-fremir-sans-couvre-feu-20201018\" target=\"_blank\" rel=\"noreferrer noopener\" class=\"ek-link\">\u00ab Halloween : Broc\u00e9liande, G\u00e9vaudan&#8230; cinq lieux myst\u00e9rieux o\u00f9 fr\u00e9mir \u00bb<\/a>, Jean-Marc De Jaeger, oktober 2020<\/li><li><strong>Europe 1<\/strong>, <a aria-label=\" (opens in a new tab)\" href=\"https:\/\/www.europe1.fr\/emissions\/les-sorties-du-week-end\/a-la-decouverte-de-leure-les-vallees-aux-alentours-de-rouen-et-la-cocotte-de-pommes-4008757\" target=\"_blank\" rel=\"noreferrer noopener\" class=\"ek-link\">\u00ab A la d\u00e9couverte de l\u2019Eure les vall\u00e9es aux alentours de Rouen et la cocotte de pommes \u00bb<\/a>, Vanessa Zh\u00e2, november 2020<\/li><\/ul>\n","protected":false},"excerpt":{"rendered":"<p>Heeft u als journalist of blogger plannen voor een reportage en bent u op zoek naar idee\u00ebn en een authentieke plattelandsbestemming buiten de gebaande paden in Normandi\u00eb? Neem contact op met het toeristenbureau van Lyon Andelle op 02 32 49 31 65 (info@lyons-andelle-tourisme.com)die u informatie zal sturen over plaatsen, aanbiedingen en programmavoorstellen in overeenstemming met [&hellip;]<\/p>\n","protected":false},"author":1,"featured_media":0,"parent":0,"menu_order":40,"comment_status":"closed","ping_status":"closed","template":"","meta":{"_editorskit_title_hidden":false,"_editorskit_reading_time":1,"_editorskit_typography_data":[],"_editorskit_blocks_typography":""},"yoast_head":"<!-- This site is optimized with the Yoast SEO plugin v17.2 - https:\/\/yoast.com\/wordpress\/plugins\/seo\/ -->\n<title>Pers - Lyons Andelle Tourisme<\/title>\n<meta name=\"robots\" content=\"index, follow, max-snippet:-1, max-image-preview:large, max-video-preview:-1\" \/>\n<link rel=\"canonical\" href=\"https:\/\/www.lyons-andelle-tourisme.com\/nl\/persgebied\/\" \/>\n<meta property=\"og:locale\" content=\"nl_NL\" \/>\n<meta property=\"og:type\" content=\"article\" \/>\n<meta property=\"og:title\" content=\"Pers - Lyons Andelle Tourisme\" \/>\n<meta property=\"og:description\" content=\"Heeft u als journalist of blogger plannen voor een reportage en bent u op zoek naar idee\u00ebn en een authentieke plattelandsbestemming buiten de gebaande paden in Normandi\u00eb? Neem contact op met het toeristenbureau van Lyon Andelle op 02 32 49 31 65 (info@lyons-andelle-tourisme.com)die u informatie zal sturen over plaatsen, aanbiedingen en programmavoorstellen in overeenstemming met [&hellip;]\" \/>\n<meta property=\"og:url\" content=\"https:\/\/www.lyons-andelle-tourisme.com\/nl\/persgebied\/\" \/>\n<meta property=\"og:site_name\" content=\"Lyons Andelle Tourisme\" \/>\n<meta property=\"article:modified_time\" content=\"2023-04-20T12:00:11+00:00\" \/>\n<meta property=\"og:image\" content=\"https:\/\/www.lyons-andelle-tourisme.com\/wp-content\/uploads\/2021\/05\/DP-eure-tourisme-printemps-ete-2021-1-1024x725.png\" \/>\n<meta name=\"twitter:card\" content=\"summary_large_image\" \/>\n<meta name=\"twitter:label1\" content=\"Geschatte leestijd\" \/>\n\t<meta name=\"twitter:data1\" content=\"2 minuten\" \/>\n<script type=\"application\/ld+json\" class=\"yoast-schema-graph\">{\"@context\":\"https:\/\/schema.org\",\"@graph\":[{\"@type\":\"WebSite\",\"@id\":\"https:\/\/www.lyons-andelle-tourisme.com\/#website\",\"url\":\"https:\/\/www.lyons-andelle-tourisme.com\/\",\"name\":\"Lyons Andelle Tourisme\",\"description\":\"L&#039;\\u00e9chapp\\u00e9e Belle Normande \\u00e0 1h30 de Paris\",\"potentialAction\":[{\"@type\":\"SearchAction\",\"target\":{\"@type\":\"EntryPoint\",\"urlTemplate\":\"https:\/\/www.lyons-andelle-tourisme.com\/?s={search_term_string}\"},\"query-input\":\"required name=search_term_string\"}],\"inLanguage\":\"nl\"},{\"@type\":\"ImageObject\",\"@id\":\"https:\/\/www.lyons-andelle-tourisme.com\/nl\/persgebied\/#primaryimage\",\"inLanguage\":\"nl\",\"url\":\"https:\/\/www.lyons-andelle-tourisme.com\/wp-content\/uploads\/2021\/05\/DP-eure-tourisme-printemps-ete-2021-1.png\",\"contentUrl\":\"https:\/\/www.lyons-andelle-tourisme.com\/wp-content\/uploads\/2021\/05\/DP-eure-tourisme-printemps-ete-2021-1.png\",\"width\":1241,\"height\":879},{\"@type\":\"WebPage\",\"@id\":\"https:\/\/www.lyons-andelle-tourisme.com\/nl\/persgebied\/#webpage\",\"url\":\"https:\/\/www.lyons-andelle-tourisme.com\/nl\/persgebied\/\",\"name\":\"Pers - Lyons Andelle Tourisme\",\"isPartOf\":{\"@id\":\"https:\/\/www.lyons-andelle-tourisme.com\/#website\"},\"primaryImageOfPage\":{\"@id\":\"https:\/\/www.lyons-andelle-tourisme.com\/nl\/persgebied\/#primaryimage\"},\"datePublished\":\"2020-11-05T09:39:52+00:00\",\"dateModified\":\"2023-04-20T12:00:11+00:00\",\"breadcrumb\":{\"@id\":\"https:\/\/www.lyons-andelle-tourisme.com\/nl\/persgebied\/#breadcrumb\"},\"inLanguage\":\"nl\",\"potentialAction\":[{\"@type\":\"ReadAction\",\"target\":[\"https:\/\/www.lyons-andelle-tourisme.com\/nl\/persgebied\/\"]}]},{\"@type\":\"BreadcrumbList\",\"@id\":\"https:\/\/www.lyons-andelle-tourisme.com\/nl\/persgebied\/#breadcrumb\",\"itemListElement\":[{\"@type\":\"ListItem\",\"position\":1,\"name\":\"Pers\"}]}]}<\/script>\n<!-- \/ Yoast SEO plugin. -->","yoast_head_json":{"title":"Pers - Lyons Andelle Tourisme","robots":{"index":"index","follow":"follow","max-snippet":"max-snippet:-1","max-image-preview":"max-image-preview:large","max-video-preview":"max-video-preview:-1"},"canonical":"https:\/\/www.lyons-andelle-tourisme.com\/nl\/persgebied\/","og_locale":"nl_NL","og_type":"article","og_title":"Pers - Lyons Andelle Tourisme","og_description":"Heeft u als journalist of blogger plannen voor een reportage en bent u op zoek naar idee\u00ebn en een authentieke plattelandsbestemming buiten de gebaande paden in Normandi\u00eb? Neem contact op met het toeristenbureau van Lyon Andelle op 02 32 49 31 65 (info@lyons-andelle-tourisme.com)die u informatie zal sturen over plaatsen, aanbiedingen en programmavoorstellen in overeenstemming met [&hellip;]","og_url":"https:\/\/www.lyons-andelle-tourisme.com\/nl\/persgebied\/","og_site_name":"Lyons Andelle Tourisme","article_modified_time":"2023-04-20T12:00:11+00:00","og_image":[{"url":"https:\/\/www.lyons-andelle-tourisme.com\/wp-content\/uploads\/2021\/05\/DP-eure-tourisme-printemps-ete-2021-1-1024x725.png"}],"twitter_card":"summary_large_image","twitter_misc":{"Geschatte leestijd":"2 minuten"},"schema":{"@context":"https:\/\/schema.org","@graph":[{"@type":"WebSite","@id":"https:\/\/www.lyons-andelle-tourisme.com\/#website","url":"https:\/\/www.lyons-andelle-tourisme.com\/","name":"Lyons Andelle Tourisme","description":"L&#039;\u00e9chapp\u00e9e Belle Normande \u00e0 1h30 de Paris","potentialAction":[{"@type":"SearchAction","target":{"@type":"EntryPoint","urlTemplate":"https:\/\/www.lyons-andelle-tourisme.com\/?s={search_term_string}"},"query-input":"required name=search_term_string"}],"inLanguage":"nl"},{"@type":"ImageObject","@id":"https:\/\/www.lyons-andelle-tourisme.com\/nl\/persgebied\/#primaryimage","inLanguage":"nl","url":"https:\/\/www.lyons-andelle-tourisme.com\/wp-content\/uploads\/2021\/05\/DP-eure-tourisme-printemps-ete-2021-1.png","contentUrl":"https:\/\/www.lyons-andelle-tourisme.com\/wp-content\/uploads\/2021\/05\/DP-eure-tourisme-printemps-ete-2021-1.png","width":1241,"height":879},{"@type":"WebPage","@id":"https:\/\/www.lyons-andelle-tourisme.com\/nl\/persgebied\/#webpage","url":"https:\/\/www.lyons-andelle-tourisme.com\/nl\/persgebied\/","name":"Pers - Lyons Andelle Tourisme","isPartOf":{"@id":"https:\/\/www.lyons-andelle-tourisme.com\/#website"},"primaryImageOfPage":{"@id":"https:\/\/www.lyons-andelle-tourisme.com\/nl\/persgebied\/#primaryimage"},"datePublished":"2020-11-05T09:39:52+00:00","dateModified":"2023-04-20T12:00:11+00:00","breadcrumb":{"@id":"https:\/\/www.lyons-andelle-tourisme.com\/nl\/persgebied\/#breadcrumb"},"inLanguage":"nl","potentialAction":[{"@type":"ReadAction","target":["https:\/\/www.lyons-andelle-tourisme.com\/nl\/persgebied\/"]}]},{"@type":"BreadcrumbList","@id":"https:\/\/www.lyons-andelle-tourisme.com\/nl\/persgebied\/#breadcrumb","itemListElement":[{"@type":"ListItem","position":1,"name":"Pers"}]}]}},"_links":{"self":[{"href":"https:\/\/www.lyons-andelle-tourisme.com\/nl\/wp-json\/wp\/v2\/pages\/18824"}],"collection":[{"href":"https:\/\/www.lyons-andelle-tourisme.com\/nl\/wp-json\/wp\/v2\/pages"}],"about":[{"href":"https:\/\/www.lyons-andelle-tourisme.com\/nl\/wp-json\/wp\/v2\/types\/page"}],"author":[{"embeddable":true,"href":"https:\/\/www.lyons-andelle-tourisme.com\/nl\/wp-json\/wp\/v2\/users\/1"}],"replies":[{"embeddable":true,"href":"https:\/\/www.lyons-andelle-tourisme.com\/nl\/wp-json\/wp\/v2\/comments?post=18824"}],"version-history":[{"count":7,"href":"https:\/\/www.lyons-andelle-tourisme.com\/nl\/wp-json\/wp\/v2\/pages\/18824\/revisions"}],"predecessor-version":[{"id":128716,"href":"https:\/\/www.lyons-andelle-tourisme.com\/nl\/wp-json\/wp\/v2\/pages\/18824\/revisions\/128716"}],"wp:attachment":[{"href":"https:\/\/www.lyons-andelle-tourisme.com\/nl\/wp-json\/wp\/v2\/media?parent=18824"}],"curies":[{"name":"wp","href":"https:\/\/api.w.org\/{rel}","templated":true}]}}