{"id":18864,"date":"2020-11-05T10:39:27","date_gmt":"2020-11-05T09:39:27","guid":{"rendered":"https:\/\/www.lyons-andelle-tourisme.com\/pass-patrimoine\/"},"modified":"2023-02-27T13:59:53","modified_gmt":"2023-02-27T12:59:53","slug":"erfgoedpas","status":"publish","type":"page","link":"https:\/\/www.lyons-andelle-tourisme.com\/nl\/erfgoedpas\/","title":{"rendered":"Erfgoedpas"},"content":{"rendered":"\n<h2>Bewoners van de regio Lyons Andelle<\/h2>\n\n\n\n<h3>Ontdek of herontdek uw regio met de Pass Patrimoine Lyons Andelle<\/h3>\n\n\n\n<div style=\"height:25px\" aria-hidden=\"true\" class=\"wp-block-spacer\"><\/div>\n\n\n\n<p>Het toeristenbureau van het <a aria-label=\" (opens in a new tab)\" href=\"https:\/\/www.cdcla.fr\/\" target=\"_blank\" rel=\"noreferrer noopener\" class=\"ek-link\"><strong>intergemeentelijk samenwerkingsverband Lyons Andelle<\/strong><\/a> biedt u de mogelijkheid te profiteren van <strong>speciale aanbiedingen<\/strong> van bij ons aangesloten instellingen op het gebied van cultuur en erfgoed.  <\/p>\n\n\n\n<p>Middeleeuwse <strong>abdijen<\/strong>, <strong>kastelen<\/strong>, jonge <strong>ambachtelijke<\/strong> <strong> brouwerijen <\/strong> of een kennismaking met de kunst van het bierbrouwen, rondleidingen en animaties van het toeristenbureau\u2026 Profiteer van uw vrije tijd om u te ontspannen en mooie <strong>ontdekkingen<\/strong> te doen, heel <strong>dicht bij u in de buurt<\/strong>!<\/p>\n\n\n\n<div style=\"height:50px\" aria-hidden=\"true\" class=\"wp-block-spacer\"><\/div>\n\n\n\n<div class=\"wp-block-image is-style-editorskit-rounded\"><figure class=\"aligncenter size-medium\"><img loading=\"lazy\" width=\"300\" height=\"176\" src=\"https:\/\/www.lyons-andelle-tourisme.com\/wp-content\/uploads\/2020\/12\/visuel-Pass-Patrimoine-2020-300x176.jpg\" alt=\"Afbeelding Pass Patrimoine Lyons Andelle\" class=\"wp-image-2068\" srcset=\"https:\/\/www.lyons-andelle-tourisme.com\/wp-content\/uploads\/2020\/12\/visuel-Pass-Patrimoine-2020-300x176.jpg 300w, https:\/\/www.lyons-andelle-tourisme.com\/wp-content\/uploads\/2020\/12\/visuel-Pass-Patrimoine-2020-768x452.jpg 768w, https:\/\/www.lyons-andelle-tourisme.com\/wp-content\/uploads\/2020\/12\/visuel-Pass-Patrimoine-2020-1024x602.jpg 1024w, https:\/\/www.lyons-andelle-tourisme.com\/wp-content\/uploads\/2020\/12\/visuel-Pass-Patrimoine-2020.jpg 1500w\" sizes=\"(max-width: 300px) 100vw, 300px\" \/><\/figure><\/div>\n\n\n\n<div style=\"height:25px\" aria-hidden=\"true\" class=\"wp-block-spacer\"><\/div>\n\n\n\n<p>De Pass Patrimoine wordt per huishouden verstrekt. De pas is geldig voor alle erop vermelde leden van het huishouden.<\/p>\n\n\n\n<h4><strong>Hoe krijg ik de pas?<\/strong><strong><\/strong><\/h4>\n\n\n\n<ul><li><a href=\"https:\/\/www.lyons-andelle-tourisme.com\/nl\/erfgoedpas\/erfgoedpas\/\" class=\"ek-link\">Vul het aanvraagformulier voor uw Pass Patrimoine in<\/a> of vraag uw pas rechtstreeks aan bij het <strong>toeristenbureau van Lyons Andelle<\/strong>.<\/li><li>Vermeld bij het indienen van uw verzoek alle leden van uw huishouden op uw Pass Patrimoine. Om dat te kunnen doen is het nodig een identiteitsbewijs en bewijs van de woonplaats te overleggen, evenals een document zoals een familie- of trouwboekje. Vermeld de leden van uw huishouden op uw pas.<\/li><\/ul>\n\n\n\n<p>Uw <strong>Pass Patrimoine<\/strong> heeft het formaat van een visitekaartje, zodat u het makkelijk in uw kaartetui mee kunt nemen.<\/p>\n\n\n\n<p><strong>Hoe gebruik ik de pas?  <\/strong><strong><\/strong><\/p>\n\n\n\n<ul><li>Toon uw Pass Patrimoine bij de ingang van de site die u bezoekt, samen met uw identiteitsbewijs. <\/li><li>Vermeld bij aanbiedingen met voorafgaande reservering dat u een Pass Patrimoine Andelle heeft wanneer u reserveert.<\/li><\/ul>\n\n\n\n<div style=\"height:50px\" aria-hidden=\"true\" class=\"wp-block-spacer\"><\/div>\n\n\n\n<h2>Aangesloten sites<\/h2>\n\n\n\n<div style=\"height:25px\" aria-hidden=\"true\" class=\"wp-block-spacer\"><\/div>\n\n\n\n<div class=\"wp-block-media-text alignwide is-stacked-on-mobile is-image-fill\"><figure class=\"wp-block-media-text__media\" style=\"background-image:url(https:\/\/www.lyons-andelle-tourisme.com\/wp-content\/uploads\/2020\/12\/\u00a9-Chateau-de-Vascoeuil-ACVM-1024x767.jpg);background-position:50% 50%\"><img loading=\"lazy\" width=\"1024\" height=\"767\" src=\"https:\/\/www.lyons-andelle-tourisme.com\/wp-content\/uploads\/2020\/12\/\u00a9-Chateau-de-Vascoeuil-ACVM-1024x767.jpg\" alt=\"\u00a9 Ch\u00e2teau de Vascoeuil - ACVM\" class=\"wp-image-1975 size-full\" srcset=\"https:\/\/www.lyons-andelle-tourisme.com\/wp-content\/uploads\/2020\/12\/\u00a9-Chateau-de-Vascoeuil-ACVM-1024x767.jpg 1024w, https:\/\/www.lyons-andelle-tourisme.com\/wp-content\/uploads\/2020\/12\/\u00a9-Chateau-de-Vascoeuil-ACVM-300x225.jpg 300w, https:\/\/www.lyons-andelle-tourisme.com\/wp-content\/uploads\/2020\/12\/\u00a9-Chateau-de-Vascoeuil-ACVM-768x575.jpg 768w, https:\/\/www.lyons-andelle-tourisme.com\/wp-content\/uploads\/2020\/12\/\u00a9-Chateau-de-Vascoeuil-ACVM.jpg 1500w\" sizes=\"(max-width: 1024px) 100vw, 1024px\" \/><\/figure><div class=\"wp-block-media-text__content\">\n<div style=\"height:25px\" aria-hidden=\"true\" class=\"wp-block-spacer\"><\/div>\n\n\n\n<p><strong>Kasteel van Vasc\u0153uil \u2013 27910 Vascoeuil<\/strong><\/p>\n\n\n\n<p>Ontdek in het kasteel en zijn schitterende park de collectie kunstwerken van grote artiesten op het gebied van moderne kunst, evenals de expositie van het seizoen.<\/p>\n\n\n\n<p>Bezoek de hele site (museum Jules Michelet, de duiventil, de galerie, het moderne beeldenpark en het kasteel) met de expositie van dat moment.<\/p>\n\n\n\n<p>Kortingstarief voor alle leden van het huishouden met een Pass Patrimoine (tarief niet van toepassing op speciale animaties):  <\/p>\n\n\n\n<ul><li>\u20ac 7,50 voor de hele site, in plaats van \u20ac 12<\/li><li>\u20ac 5,50 voor kinderen van 7 tot 18 jaar en studenten, in plaats van \u20ac 7,50  <\/li><li>Gratis voor kinderen jonger dan 7 jaar.<\/li><\/ul>\n\n\n\n<p>&nbsp;<\/p>\n<\/div><\/div>\n\n\n\n<div style=\"height:50px\" aria-hidden=\"true\" class=\"wp-block-spacer\"><\/div>\n\n\n\n<div class=\"wp-block-media-text alignwide is-stacked-on-mobile is-image-fill\"><figure class=\"wp-block-media-text__media\" style=\"background-image:url(https:\/\/www.lyons-andelle-tourisme.com\/wp-content\/uploads\/2020\/12\/Abbaye-de-Mortemer-\u00a9ML-Vittori-Lyons-Andelle-Tourisme-2020-1024x576.jpg);background-position:50% 50%\"><img loading=\"lazy\" width=\"1024\" height=\"576\" src=\"https:\/\/www.lyons-andelle-tourisme.com\/wp-content\/uploads\/2020\/12\/Abbaye-de-Mortemer-\u00a9ML-Vittori-Lyons-Andelle-Tourisme-2020-1024x576.jpg\" alt=\"Abdij van Mortemer, Lisors \u00a9ML Vittori Lyons Andelle Tourisme\" class=\"wp-image-1979 size-full\" srcset=\"https:\/\/www.lyons-andelle-tourisme.com\/wp-content\/uploads\/2020\/12\/Abbaye-de-Mortemer-\u00a9ML-Vittori-Lyons-Andelle-Tourisme-2020-1024x576.jpg 1024w, https:\/\/www.lyons-andelle-tourisme.com\/wp-content\/uploads\/2020\/12\/Abbaye-de-Mortemer-\u00a9ML-Vittori-Lyons-Andelle-Tourisme-2020-300x169.jpg 300w, https:\/\/www.lyons-andelle-tourisme.com\/wp-content\/uploads\/2020\/12\/Abbaye-de-Mortemer-\u00a9ML-Vittori-Lyons-Andelle-Tourisme-2020-768x432.jpg 768w, https:\/\/www.lyons-andelle-tourisme.com\/wp-content\/uploads\/2020\/12\/Abbaye-de-Mortemer-\u00a9ML-Vittori-Lyons-Andelle-Tourisme-2020.jpg 1500w\" sizes=\"(max-width: 1024px) 100vw, 1024px\" \/><\/figure><div class=\"wp-block-media-text__content\">\n<div style=\"height:25px\" aria-hidden=\"true\" class=\"wp-block-spacer\"><\/div>\n\n\n\n<p><strong>Abdij van Mortemer &#8211; 27440 Lisors<\/strong><\/p>\n\n\n\n<p>Wandel rond tussen de romantische ru\u00efnes van deze middeleeuwse abdij, in een uitgestrekt park met een meer, midden in het bos van Lyons.<\/p>\n\n\n\n<p>Tegen betaling van een toeslag kunt u ook het museum van de L\u00e9gendes et Fant\u00f4mes over de legendes ter plaatse bezoeken of een bezoek brengen aan de gemeubileerde appartementen van de abdij. Op reservering kunt u op deze site ook vliegvissen.<\/p>\n\n\n\n<p>\u20ac 5 voor een bezoek aan het park, in plaats van \u20ac 6, exclusief evenementen en rondleidingen<\/p>\n<\/div><\/div>\n\n\n\n<div style=\"height:50px\" aria-hidden=\"true\" class=\"wp-block-spacer\"><\/div>\n\n\n\n<div class=\"wp-block-media-text alignwide is-stacked-on-mobile is-image-fill\"><figure class=\"wp-block-media-text__media\" style=\"background-image:url(https:\/\/www.lyons-andelle-tourisme.com\/wp-content\/uploads\/2020\/12\/abbaye-de-Fontaine-Guerard-guide2018\u00a9abbaye-ND-de-Fontaine-Guerard-1024x683.jpg);background-position:50% 50%\"><img loading=\"lazy\" width=\"1024\" height=\"683\" src=\"https:\/\/www.lyons-andelle-tourisme.com\/wp-content\/uploads\/2020\/12\/abbaye-de-Fontaine-Guerard-guide2018\u00a9abbaye-ND-de-Fontaine-Guerard-1024x683.jpg\" alt=\"\u00a9 Abbaye Notre-Dame de Fontaine-Gu\u00e9rard\" class=\"wp-image-1978 size-full\" srcset=\"https:\/\/www.lyons-andelle-tourisme.com\/wp-content\/uploads\/2020\/12\/abbaye-de-Fontaine-Guerard-guide2018\u00a9abbaye-ND-de-Fontaine-Guerard-1024x683.jpg 1024w, https:\/\/www.lyons-andelle-tourisme.com\/wp-content\/uploads\/2020\/12\/abbaye-de-Fontaine-Guerard-guide2018\u00a9abbaye-ND-de-Fontaine-Guerard-300x200.jpg 300w, https:\/\/www.lyons-andelle-tourisme.com\/wp-content\/uploads\/2020\/12\/abbaye-de-Fontaine-Guerard-guide2018\u00a9abbaye-ND-de-Fontaine-Guerard-768x512.jpg 768w, https:\/\/www.lyons-andelle-tourisme.com\/wp-content\/uploads\/2020\/12\/abbaye-de-Fontaine-Guerard-guide2018\u00a9abbaye-ND-de-Fontaine-Guerard-800x534.jpg 800w, https:\/\/www.lyons-andelle-tourisme.com\/wp-content\/uploads\/2020\/12\/abbaye-de-Fontaine-Guerard-guide2018\u00a9abbaye-ND-de-Fontaine-Guerard.jpg 1500w\" sizes=\"(max-width: 1024px) 100vw, 1024px\" \/><\/figure><div class=\"wp-block-media-text__content\">\n<div style=\"height:25px\" aria-hidden=\"true\" class=\"wp-block-spacer\"><\/div>\n\n\n\n<p><strong>Notre-Dame abdij van Fontaine-Gu\u00e9rard &#8211; 27380 Radepont<\/strong><\/p>\n\n\n\n<p>Doe nieuwe energie op in de serene atmosfeer van deze ongelofelijk goed bewaard gebleven gotische middeleeuwse abdij in de vallei van de Andelle. Maak een wandeling door de kloostertuinen langs de Andelle. Breng een bezoek aan de tijdelijke exposities die worden gehouden in de schitterende gewelfde zalen.<\/p>\n\n\n\n<p>\u20ac 4 (exclusief evenementen), in plaats van \u20ac 5<\/p>\n<\/div><\/div>\n\n\n\n<div style=\"height:50px\" aria-hidden=\"true\" class=\"wp-block-spacer\"><\/div>\n\n\n\n<div class=\"wp-block-media-text alignwide is-stacked-on-mobile is-image-fill\"><figure class=\"wp-block-media-text__media\" style=\"background-image:url(https:\/\/www.lyons-andelle-tourisme.com\/wp-content\/uploads\/2020\/12\/Brasserie-insulaire-2021\u00a9Brasserie-Insulaire-1024x683.jpg);background-position:50% 50%\"><img loading=\"lazy\" width=\"1024\" height=\"683\" src=\"https:\/\/www.lyons-andelle-tourisme.com\/wp-content\/uploads\/2020\/12\/Brasserie-insulaire-2021\u00a9Brasserie-Insulaire-1024x683.jpg\" alt=\"  \u00a9 Brasserie Insulaire\" class=\"wp-image-1997 size-full\" srcset=\"https:\/\/www.lyons-andelle-tourisme.com\/wp-content\/uploads\/2020\/12\/Brasserie-insulaire-2021\u00a9Brasserie-Insulaire-1024x683.jpg 1024w, https:\/\/www.lyons-andelle-tourisme.com\/wp-content\/uploads\/2020\/12\/Brasserie-insulaire-2021\u00a9Brasserie-Insulaire-300x200.jpg 300w, https:\/\/www.lyons-andelle-tourisme.com\/wp-content\/uploads\/2020\/12\/Brasserie-insulaire-2021\u00a9Brasserie-Insulaire-768x513.jpg 768w, https:\/\/www.lyons-andelle-tourisme.com\/wp-content\/uploads\/2020\/12\/Brasserie-insulaire-2021\u00a9Brasserie-Insulaire-800x534.jpg 800w, https:\/\/www.lyons-andelle-tourisme.com\/wp-content\/uploads\/2020\/12\/Brasserie-insulaire-2021\u00a9Brasserie-Insulaire.jpg 1500w\" sizes=\"(max-width: 1024px) 100vw, 1024px\" \/><\/figure><div class=\"wp-block-media-text__content\">\n<div style=\"height:25px\" aria-hidden=\"true\" class=\"wp-block-spacer\"><\/div>\n\n\n\n<p><strong>Brasserie Insulaire \u2013 27380 Charleval<\/strong><\/p>\n\n\n\n<p>Breng een bezoek aan deze ambachtelijke brouwerij op een voormalige industri\u00eble site op een eiland in de Andelle. Ontdek de geheimen van het brouwen en proef de originele recepten van Brasserie Insulaire.  <\/p>\n\n\n\n<ul><li>Uitleg over de methode van bierbrouwen &#8211; proeven  <\/li><li>Bezoek en uitleg over de brouwerij (1 uur)  <\/li><li>Kortingstarief voor alle leden van het huishouden met de Pass Patrimoine:  <ul><li>Bezoek aan de brouwerij en proeven: \u20ac 10 per persoon (van 7 tot 15 personen) of een vast bedrag van \u20ac 70 (minder dan 7 personen) en 10% korting in de winkel op het einde van uw bezoek.  <\/li><\/ul><\/li><\/ul>\n<\/div><\/div>\n\n\n\n<div style=\"height:50px\" aria-hidden=\"true\" class=\"wp-block-spacer\"><\/div>\n\n\n\n<div style=\"height:25px\" aria-hidden=\"true\" class=\"wp-block-spacer\"><\/div>\n\n\n\n<div class=\"wp-block-group\"><div class=\"wp-block-group__inner-container\">\n<div class=\"wp-block-columns\">\n<div class=\"wp-block-column\">\n<figure class=\"wp-block-image size-large\"><img loading=\"lazy\" width=\"509\" height=\"720\" src=\"https:\/\/www.lyons-andelle-tourisme.com\/wp-content\/uploads\/2021\/07\/202106669_4170531716342041_6344136099460979685_n.jpg\" alt=\"\" class=\"wp-image-10245\" srcset=\"https:\/\/www.lyons-andelle-tourisme.com\/wp-content\/uploads\/2021\/07\/202106669_4170531716342041_6344136099460979685_n.jpg 509w, https:\/\/www.lyons-andelle-tourisme.com\/wp-content\/uploads\/2021\/07\/202106669_4170531716342041_6344136099460979685_n-212x300.jpg 212w\" sizes=\"(max-width: 509px) 100vw, 509px\" \/><\/figure>\n<\/div>\n\n\n\n<div class=\"wp-block-column\">\n<p><strong>Kasteel van Bonnemare<\/strong> &#8211; 27380 Radepont<\/p>\n\n\n\n<p>Ontdek dit 17<sup>e<\/sup>-eeuwse kasteel met zijn boerderij, kapel en schitterende bomenpark.<\/p>\n\n\n\n<p>Van maandag tot donderdag:<\/p>\n\n\n\n<ul><li>Vrij bezoek van de tuinen en de boerderij tussen 14.00 en 17.00 u.  <\/li><li>Rondleiding met de eigenaars van het kasteel om 14.30 u.<\/li><\/ul>\n\n\n\n<ul><li>Vrij bezoek: \u20ac 3, in plaats van \u20ac 5  <\/li><li>Rondleiding: \u20ac 10, in plaats van \u20ac 15<\/li><\/ul>\n<\/div>\n<\/div>\n<\/div><\/div>\n\n\n\n<div style=\"height:26px\" aria-hidden=\"true\" class=\"wp-block-spacer\"><\/div>\n\n\n\n<div class=\"wp-block-columns\">\n<div class=\"wp-block-column\">\n<figure class=\"wp-block-image size-large\"><img loading=\"lazy\" width=\"800\" height=\"600\" src=\"https:\/\/www.lyons-andelle-tourisme.com\/wp-content\/uploads\/2021\/05\/Visite-Lyons-la-Foret-OTLA.jpg\" alt=\"\" class=\"wp-image-8598\" srcset=\"https:\/\/www.lyons-andelle-tourisme.com\/wp-content\/uploads\/2021\/05\/Visite-Lyons-la-Foret-OTLA.jpg 800w, https:\/\/www.lyons-andelle-tourisme.com\/wp-content\/uploads\/2021\/05\/Visite-Lyons-la-Foret-OTLA-300x225.jpg 300w, https:\/\/www.lyons-andelle-tourisme.com\/wp-content\/uploads\/2021\/05\/Visite-Lyons-la-Foret-OTLA-768x576.jpg 768w\" sizes=\"(max-width: 800px) 100vw, 800px\" \/><figcaption>Rondleiding in Lyons-la-For\u00eat<\/figcaption><\/figure>\n\n\n\n<figure class=\"wp-block-image size-large\"><img loading=\"lazy\" width=\"1024\" height=\"717\" src=\"https:\/\/www.lyons-andelle-tourisme.com\/wp-content\/uploads\/2020\/12\/Visite-guidee-Ancienne-Filature-Levavasseur-\u00a9-Elina-Orfanoudaki-1024x717.jpg\" alt=\"\u00a9ML Vittori Lyons Andelle Tourisme\" class=\"wp-image-2067\" srcset=\"https:\/\/www.lyons-andelle-tourisme.com\/wp-content\/uploads\/2020\/12\/Visite-guidee-Ancienne-Filature-Levavasseur-\u00a9-Elina-Orfanoudaki-1024x717.jpg 1024w, https:\/\/www.lyons-andelle-tourisme.com\/wp-content\/uploads\/2020\/12\/Visite-guidee-Ancienne-Filature-Levavasseur-\u00a9-Elina-Orfanoudaki-300x210.jpg 300w, https:\/\/www.lyons-andelle-tourisme.com\/wp-content\/uploads\/2020\/12\/Visite-guidee-Ancienne-Filature-Levavasseur-\u00a9-Elina-Orfanoudaki-768x538.jpg 768w, https:\/\/www.lyons-andelle-tourisme.com\/wp-content\/uploads\/2020\/12\/Visite-guidee-Ancienne-Filature-Levavasseur-\u00a9-Elina-Orfanoudaki.jpg 1500w\" sizes=\"(max-width: 1024px) 100vw, 1024px\" \/><figcaption>Rondleiding, voormalige spinnerij Levavasseur  <\/figcaption><\/figure>\n<\/div>\n\n\n\n<div class=\"wp-block-column\">\n<p><strong>Animaties van het toeristenbureau van Lyons Andelle<\/strong> (op reservering)<\/p>\n\n\n\n<ul><li>Door het toeristenbureau georganiseerde rondleidingen en animaties:  <ul><li>\u20ac 4 voor volwassenen, in plaats van \u20ac 5  <\/li><li>\u20ac 3, in plaats van \u20ac 4, voor kinderen tussen 12 en 18 jaar, personen met een beperking, werkzoekenden en studenten  <\/li><li>Gratis voor kinderen jonger dan 12 jaar  <\/li><li>Gratis voor de begeleiders van personen met een beperking  <\/li><\/ul><\/li><\/ul>\n\n\n\n<ul><li>Rondleidingen en animaties met een externe dienstverlener of workshop voor personen alleen:  <ul><li>\u20ac 6 voor volwassenen, in plaats van \u20ac 7  <\/li><li>\u20ac 4, in plaats van \u20ac 5, voor kinderen tussen 12 en 18 jaar, personen met een beperking, werkzoekenden en studenten  <\/li><li>Gratis voor kinderen jonger dan 12 jaar  <\/li><li>Gratis voor de begeleiders van personen met een beperking  <\/li><\/ul><\/li><\/ul>\n<\/div>\n<\/div>\n","protected":false},"excerpt":{"rendered":"<p>Bewoners van de regio Lyons Andelle Ontdek of herontdek uw regio met de Pass Patrimoine Lyons Andelle Het toeristenbureau van het intergemeentelijk samenwerkingsverband Lyons Andelle biedt u de mogelijkheid te profiteren van speciale aanbiedingen van bij ons aangesloten instellingen op het gebied van cultuur en erfgoed. Middeleeuwse abdijen, kastelen, jonge ambachtelijke brouwerijen of een kennismaking [&hellip;]<\/p>\n","protected":false},"author":1,"featured_media":0,"parent":0,"menu_order":41,"comment_status":"closed","ping_status":"closed","template":"","meta":{"_editorskit_title_hidden":false,"_editorskit_reading_time":3,"_editorskit_typography_data":[],"_editorskit_blocks_typography":""},"yoast_head":"<!-- This site is optimized with the Yoast SEO plugin v17.2 - https:\/\/yoast.com\/wordpress\/plugins\/seo\/ -->\n<title>Erfgoedpas - Lyons Andelle Tourisme<\/title>\n<meta name=\"description\" content=\"Bewoners van de regio Lyons Andelle, ontdek of herontdek uw regio met de Pass Patrimoine Lyons Andelle\" \/>\n<meta name=\"robots\" content=\"index, follow, max-snippet:-1, max-image-preview:large, max-video-preview:-1\" \/>\n<link rel=\"canonical\" href=\"https:\/\/www.lyons-andelle-tourisme.com\/nl\/erfgoedpas\/\" \/>\n<meta property=\"og:locale\" content=\"nl_NL\" \/>\n<meta property=\"og:type\" content=\"article\" \/>\n<meta property=\"og:title\" content=\"Pass Patrimoine Lyons Andelle\" \/>\n<meta property=\"og:description\" content=\"Bewoners van de regio Lyons Andelle, ontdek of herontdek uw regio met de Pass Patrimoine Lyons Andelle\" \/>\n<meta property=\"og:url\" content=\"https:\/\/www.lyons-andelle-tourisme.com\/nl\/erfgoedpas\/\" \/>\n<meta property=\"og:site_name\" content=\"Lyons Andelle Tourisme\" \/>\n<meta property=\"article:modified_time\" content=\"2023-02-27T12:59:53+00:00\" \/>\n<meta property=\"og:image\" content=\"https:\/\/www.lyons-andelle-tourisme.com\/wp-content\/uploads\/2020\/12\/visuel-Pass-Patrimoine-2020.jpg\" \/>\n\t<meta property=\"og:image:width\" content=\"1500\" \/>\n\t<meta property=\"og:image:height\" content=\"882\" \/>\n<meta name=\"twitter:card\" content=\"summary_large_image\" \/>\n<meta name=\"twitter:title\" content=\"Pass Patrimoine Lyons Andelle\" \/>\n<meta name=\"twitter:description\" content=\"Bewoners van de regio Lyons Andelle, ontdek of herontdek uw regio met de Pass Patrimoine Lyons Andelle\" \/>\n<meta name=\"twitter:image\" content=\"https:\/\/www.lyons-andelle-tourisme.com\/wp-content\/uploads\/2020\/12\/visuel-Pass-Patrimoine-2020.jpg\" \/>\n<meta name=\"twitter:label1\" content=\"Geschatte leestijd\" \/>\n\t<meta name=\"twitter:data1\" content=\"6 minuten\" \/>\n<script type=\"application\/ld+json\" class=\"yoast-schema-graph\">{\"@context\":\"https:\/\/schema.org\",\"@graph\":[{\"@type\":\"WebSite\",\"@id\":\"https:\/\/www.lyons-andelle-tourisme.com\/#website\",\"url\":\"https:\/\/www.lyons-andelle-tourisme.com\/\",\"name\":\"Lyons Andelle Tourisme\",\"description\":\"L&#039;\\u00e9chapp\\u00e9e Belle Normande \\u00e0 1h30 de Paris\",\"potentialAction\":[{\"@type\":\"SearchAction\",\"target\":{\"@type\":\"EntryPoint\",\"urlTemplate\":\"https:\/\/www.lyons-andelle-tourisme.com\/?s={search_term_string}\"},\"query-input\":\"required name=search_term_string\"}],\"inLanguage\":\"nl\"},{\"@type\":\"ImageObject\",\"@id\":\"https:\/\/www.lyons-andelle-tourisme.com\/nl\/erfgoedpas\/#primaryimage\",\"inLanguage\":\"nl\",\"url\":\"https:\/\/www.lyons-andelle-tourisme.com\/wp-content\/uploads\/2020\/12\/visuel-Pass-Patrimoine-2020.jpg\",\"contentUrl\":\"https:\/\/www.lyons-andelle-tourisme.com\/wp-content\/uploads\/2020\/12\/visuel-Pass-Patrimoine-2020.jpg\",\"width\":1500,\"height\":882},{\"@type\":\"WebPage\",\"@id\":\"https:\/\/www.lyons-andelle-tourisme.com\/nl\/erfgoedpas\/#webpage\",\"url\":\"https:\/\/www.lyons-andelle-tourisme.com\/nl\/erfgoedpas\/\",\"name\":\"Erfgoedpas - Lyons Andelle Tourisme\",\"isPartOf\":{\"@id\":\"https:\/\/www.lyons-andelle-tourisme.com\/#website\"},\"primaryImageOfPage\":{\"@id\":\"https:\/\/www.lyons-andelle-tourisme.com\/nl\/erfgoedpas\/#primaryimage\"},\"datePublished\":\"2020-11-05T09:39:27+00:00\",\"dateModified\":\"2023-02-27T12:59:53+00:00\",\"description\":\"Bewoners van de regio Lyons Andelle, ontdek of herontdek uw regio met de Pass Patrimoine Lyons Andelle\",\"breadcrumb\":{\"@id\":\"https:\/\/www.lyons-andelle-tourisme.com\/nl\/erfgoedpas\/#breadcrumb\"},\"inLanguage\":\"nl\",\"potentialAction\":[{\"@type\":\"ReadAction\",\"target\":[\"https:\/\/www.lyons-andelle-tourisme.com\/nl\/erfgoedpas\/\"]}]},{\"@type\":\"BreadcrumbList\",\"@id\":\"https:\/\/www.lyons-andelle-tourisme.com\/nl\/erfgoedpas\/#breadcrumb\",\"itemListElement\":[{\"@type\":\"ListItem\",\"position\":1,\"name\":\"Erfgoedpas\"}]}]}<\/script>\n<!-- \/ Yoast SEO plugin. -->","yoast_head_json":{"title":"Erfgoedpas - Lyons Andelle Tourisme","description":"Bewoners van de regio Lyons Andelle, ontdek of herontdek uw regio met de Pass Patrimoine Lyons Andelle","robots":{"index":"index","follow":"follow","max-snippet":"max-snippet:-1","max-image-preview":"max-image-preview:large","max-video-preview":"max-video-preview:-1"},"canonical":"https:\/\/www.lyons-andelle-tourisme.com\/nl\/erfgoedpas\/","og_locale":"nl_NL","og_type":"article","og_title":"Pass Patrimoine Lyons Andelle","og_description":"Bewoners van de regio Lyons Andelle, ontdek of herontdek uw regio met de Pass Patrimoine Lyons Andelle","og_url":"https:\/\/www.lyons-andelle-tourisme.com\/nl\/erfgoedpas\/","og_site_name":"Lyons Andelle Tourisme","article_modified_time":"2023-02-27T12:59:53+00:00","og_image":[{"width":1500,"height":882,"url":"https:\/\/www.lyons-andelle-tourisme.com\/wp-content\/uploads\/2020\/12\/visuel-Pass-Patrimoine-2020.jpg","path":"\/var\/www\/lyons-andelle-tourisme.com\/html\/wp-content\/uploads\/2020\/12\/visuel-Pass-Patrimoine-2020.jpg","size":"full","id":"2068","alt":"","pixels":1323000,"type":"image\/jpeg"}],"twitter_card":"summary_large_image","twitter_title":"Pass Patrimoine Lyons Andelle","twitter_description":"Bewoners van de regio Lyons Andelle, ontdek of herontdek uw regio met de Pass Patrimoine Lyons Andelle","twitter_image":"https:\/\/www.lyons-andelle-tourisme.com\/wp-content\/uploads\/2020\/12\/visuel-Pass-Patrimoine-2020.jpg","twitter_misc":{"Geschatte leestijd":"6 minuten"},"schema":{"@context":"https:\/\/schema.org","@graph":[{"@type":"WebSite","@id":"https:\/\/www.lyons-andelle-tourisme.com\/#website","url":"https:\/\/www.lyons-andelle-tourisme.com\/","name":"Lyons Andelle Tourisme","description":"L&#039;\u00e9chapp\u00e9e Belle Normande \u00e0 1h30 de Paris","potentialAction":[{"@type":"SearchAction","target":{"@type":"EntryPoint","urlTemplate":"https:\/\/www.lyons-andelle-tourisme.com\/?s={search_term_string}"},"query-input":"required name=search_term_string"}],"inLanguage":"nl"},{"@type":"ImageObject","@id":"https:\/\/www.lyons-andelle-tourisme.com\/nl\/erfgoedpas\/#primaryimage","inLanguage":"nl","url":"https:\/\/www.lyons-andelle-tourisme.com\/wp-content\/uploads\/2020\/12\/visuel-Pass-Patrimoine-2020.jpg","contentUrl":"https:\/\/www.lyons-andelle-tourisme.com\/wp-content\/uploads\/2020\/12\/visuel-Pass-Patrimoine-2020.jpg","width":1500,"height":882},{"@type":"WebPage","@id":"https:\/\/www.lyons-andelle-tourisme.com\/nl\/erfgoedpas\/#webpage","url":"https:\/\/www.lyons-andelle-tourisme.com\/nl\/erfgoedpas\/","name":"Erfgoedpas - Lyons Andelle Tourisme","isPartOf":{"@id":"https:\/\/www.lyons-andelle-tourisme.com\/#website"},"primaryImageOfPage":{"@id":"https:\/\/www.lyons-andelle-tourisme.com\/nl\/erfgoedpas\/#primaryimage"},"datePublished":"2020-11-05T09:39:27+00:00","dateModified":"2023-02-27T12:59:53+00:00","description":"Bewoners van de regio Lyons Andelle, ontdek of herontdek uw regio met de Pass Patrimoine Lyons Andelle","breadcrumb":{"@id":"https:\/\/www.lyons-andelle-tourisme.com\/nl\/erfgoedpas\/#breadcrumb"},"inLanguage":"nl","potentialAction":[{"@type":"ReadAction","target":["https:\/\/www.lyons-andelle-tourisme.com\/nl\/erfgoedpas\/"]}]},{"@type":"BreadcrumbList","@id":"https:\/\/www.lyons-andelle-tourisme.com\/nl\/erfgoedpas\/#breadcrumb","itemListElement":[{"@type":"ListItem","position":1,"name":"Erfgoedpas"}]}]}},"_links":{"self":[{"href":"https:\/\/www.lyons-andelle-tourisme.com\/nl\/wp-json\/wp\/v2\/pages\/18864"}],"collection":[{"href":"https:\/\/www.lyons-andelle-tourisme.com\/nl\/wp-json\/wp\/v2\/pages"}],"about":[{"href":"https:\/\/www.lyons-andelle-tourisme.com\/nl\/wp-json\/wp\/v2\/types\/page"}],"author":[{"embeddable":true,"href":"https:\/\/www.lyons-andelle-tourisme.com\/nl\/wp-json\/wp\/v2\/users\/1"}],"replies":[{"embeddable":true,"href":"https:\/\/www.lyons-andelle-tourisme.com\/nl\/wp-json\/wp\/v2\/comments?post=18864"}],"version-history":[{"count":8,"href":"https:\/\/www.lyons-andelle-tourisme.com\/nl\/wp-json\/wp\/v2\/pages\/18864\/revisions"}],"predecessor-version":[{"id":127613,"href":"https:\/\/www.lyons-andelle-tourisme.com\/nl\/wp-json\/wp\/v2\/pages\/18864\/revisions\/127613"}],"wp:attachment":[{"href":"https:\/\/www.lyons-andelle-tourisme.com\/nl\/wp-json\/wp\/v2\/media?parent=18864"}],"curies":[{"name":"wp","href":"https:\/\/api.w.org\/{rel}","templated":true}]}}